{"id":42973,"date":"2023-03-16T10:18:47","date_gmt":"2023-03-16T03:18:47","guid":{"rendered":"https:\/\/mouldking.store\/shop\/moc-factory-140506-gimlis-helmet-with-391-pieces\/"},"modified":"2025-12-16T22:25:09","modified_gmt":"2025-12-16T15:25:09","slug":"moc-factory-140506-gimlis-helmet-with-391-pieces","status":"publish","type":"product","link":"https:\/\/mouldking.store\/nb\/shop\/moc-factory-140506-gimlis-helmet-with-391-pieces\/","title":{"rendered":"MOC Factory 140506 Gimlis hjelm med 391 stk"},"content":{"rendered":"<div>\u2705 MOC-140506 Gimlis hjelm<\/p>\n<p>\u2705Gimli&#039;s Helmet er en fiktiv hjelm som b\u00e6res av karakteren Gimli i JRR Tolkiens &quot;Ringenes Herre&quot;. Gimli er en dverg og et av medlemmene i Fellowship of the Ring, som tar sikte p\u00e5 \u00e5 \u00f8delegge den ene ringen og beseire m\u00f8rkeherren Sauron.<\/p>\n<p>\ud83d\udeab VIKTIG!<\/p>\n<p>Produktnavn: Gimli&#039;s Helmet<\/p>\n<p>Kategori: Film<\/p>\n<p>Dette settet inneholder: MOC-140506<\/p>\n<p>391 stk Klosser av god kvalitet<\/p>\n<p>PDF-instruksjoner<\/p>\n<p>\ud83d\udcccProtagonistens natur<\/p>\n<p>Vi introduserer v\u00e5r stolte kolleksjon kalt \u00abGimli&#039;s Helmet\u00bb du ikke b\u00f8r g\u00e5 glipp av.<\/p>\n<p>I historien beskrives Gimlis hjelm som en solid og utsmykket hjelm, laget av st\u00e5l og dekorert med s\u00f8lv og gull. Hjelmen har en h\u00f8y, spiss kam, som er utsmykket med hesteh\u00e5rsplymer i fargene til Gimlis klan, Dwarves of the Lonely Mountain. Hjelmen har ogs\u00e5 en hengslet nesebeskytter, som kan l\u00f8ftes opp for \u00e5 avsl\u00f8re ansiktet til Gimli. Hjelmen er et symbol p\u00e5 Gimlis identitet som dverg og hans stolthet over arven hans. Den tjener ogs\u00e5 en praktisk hensikt i kamp, og gir beskyttelse for Gimlis hode og ansikt. I Peter Jacksons filmatisering av \u00abRingenes Herre\u00bb er Gimlis hjelm trofast gjenskapt, med intrikate detaljer og tillegg av en ringbrynje for \u00e5 beskytte nakken.<\/p><\/div>","protected":false},"excerpt":{"rendered":"<p>Merke: MOC Factory<br \/>\nKj\u00f8nn: Unisex<br \/>\nAldersgruppe: &gt; 12 \u00e5r gammel<br \/>\nModellnummer: 140506<br \/>\nKlassifisering: Montering<br \/>\nPlastblokkform: Selvl\u00e5sende murstein<br \/>\nMateriale: Plast<br \/>\nPlasttype: ABS<br \/>\nMursteinsblokker: 391 +<br \/>\nArrangementstid: 4-8 uker<\/p>","protected":false},"featured_media":42971,"comment_status":"open","ping_status":"closed","template":"","meta":{"_acf_changed":false},"product_cat":[1365,581,1408],"product_tag":[8452,11542,8047,434,6169],"class_list":["product","first","instock","shipping-taxable","purchasable","product-type-simple"],"acf":[],"_links":{"self":[{"href":"https:\/\/mouldking.store\/nb\/wp-json\/wp\/v2\/product\/42973","targetHints":{"allow":["GET"]}}],"collection":[{"href":"https:\/\/mouldking.store\/nb\/wp-json\/wp\/v2\/product"}],"about":[{"href":"https:\/\/mouldking.store\/nb\/wp-json\/wp\/v2\/types\/product"}],"replies":[{"embeddable":true,"href":"https:\/\/mouldking.store\/nb\/wp-json\/wp\/v2\/comments?post=42973"}],"wp:featuredmedia":[{"embeddable":true,"href":"https:\/\/mouldking.store\/nb\/wp-json\/wp\/v2\/media\/42971"}],"wp:attachment":[{"href":"https:\/\/mouldking.store\/nb\/wp-json\/wp\/v2\/media?parent=42973"}],"wp:term":[{"taxonomy":"product_cat","embeddable":true,"href":"https:\/\/mouldking.store\/nb\/wp-json\/wp\/v2\/product_cat?post=42973"},{"taxonomy":"product_tag","embeddable":true,"href":"https:\/\/mouldking.store\/nb\/wp-json\/wp\/v2\/product_tag?post=42973"}],"curies":[{"name":"wp","href":"https:\/\/api.w.org\/{rel}","templated":true}]}}