{"id":42976,"date":"2023-03-16T10:23:25","date_gmt":"2023-03-16T03:23:25","guid":{"rendered":"https:\/\/mouldking.store\/shop\/moc-factory-141121-gandalf-the-greys-wizard-hat-with-134-pieces\/"},"modified":"2025-12-16T22:25:09","modified_gmt":"2025-12-16T15:25:09","slug":"moc-factory-141121-gandalf-the-greys-wizard-hat-with-134-pieces","status":"publish","type":"product","link":"https:\/\/mouldking.store\/nb\/shop\/moc-factory-141121-gandalf-the-greys-wizard-hat-with-134-pieces\/","title":{"rendered":"MOC Factory 141121 Gandalf the Grey&#039;s Wizard Hat med 134 stykker"},"content":{"rendered":"<div>\u2705 MOC-141121 Gandalf the Grey&#039;s Wizard Hat<\/p>\n<p>\u2705Gandalf the Grey&#039;s Wizard Hat er en fiktiv hatt som b\u00e6res av karakteren Gandalf i JRR Tolkiens &quot;Ringenes Herre&quot;. Gandalf er en trollmann og et av medlemmene i Fellowship of the Ring, som tar sikte p\u00e5 \u00e5 \u00f8delegge den ene ringen og beseire m\u00f8rkeherren Sauron.<\/p>\n<p>\ud83d\udeab VIKTIG!<\/p>\n<p>Produktnavn: Gandalf the Grey&#039;s Wizard Hat<\/p>\n<p>Kategori: Film<\/p>\n<p>Dette settet inneholder: MOC-141121<\/p>\n<p>134 stk god kvalitet murstein<\/p>\n<p>PDF-instruksjoner<\/p>\n<p>\ud83d\udcccProtagonistens natur<\/p>\n<p>Vi introduserer v\u00e5r stolte kolleksjon kalt \u00abGandalf den gr\u00e5s trollmannhatte\u00bb du ikke b\u00f8r g\u00e5 glipp av.<\/p>\n<p>I historien beskrives Gandalfs hatt som en h\u00f8y, spiss lue laget av et mykt, gr\u00e5tt materiale, som er foret med s\u00f8lvfiligran. Hatten er ofte avbildet som litt m\u00f8rbanket og slitt, med en bred rand som kaster en skygge over Gandalfs ansikt. Hatten er en ikonisk del av Gandalfs utseende og tjener et praktisk form\u00e5l, og gir beskyttelse mot elementene og skjuler ansiktet hans i skyggen. Den fungerer ogs\u00e5 som et symbol p\u00e5 Gandalfs visdom, makt og status som trollmann. I Peter Jacksons filmatisering av \u00abRingenes Herre\u00bb er Gandalfs hatt trofast gjenskapt, med intrikate detaljer og en litt asymmetrisk form.<\/p><\/div>","protected":false},"excerpt":{"rendered":"<p>Merke: MOC Factory<br \/>\nKj\u00f8nn: Unisex<br \/>\nAldersgruppe: &gt; 12 \u00e5r gammel<br \/>\nModellnummer: 141121<br \/>\nKlassifisering: Montering<br \/>\nPlastblokkform: Selvl\u00e5sende murstein<br \/>\nMateriale: Plast<br \/>\nPlasttype: ABS<br \/>\nMursteinsblokker: 134+<br \/>\nArrangementstid: 4-8 uker<\/p>","protected":false},"featured_media":42974,"comment_status":"open","ping_status":"closed","template":"","meta":{"_acf_changed":false},"product_cat":[1365,581,1408],"product_tag":[8452,3281,11543,11545,434,6169,11544],"class_list":["product","first","instock","shipping-taxable","purchasable","product-type-simple"],"acf":[],"_links":{"self":[{"href":"https:\/\/mouldking.store\/nb\/wp-json\/wp\/v2\/product\/42976","targetHints":{"allow":["GET"]}}],"collection":[{"href":"https:\/\/mouldking.store\/nb\/wp-json\/wp\/v2\/product"}],"about":[{"href":"https:\/\/mouldking.store\/nb\/wp-json\/wp\/v2\/types\/product"}],"replies":[{"embeddable":true,"href":"https:\/\/mouldking.store\/nb\/wp-json\/wp\/v2\/comments?post=42976"}],"wp:featuredmedia":[{"embeddable":true,"href":"https:\/\/mouldking.store\/nb\/wp-json\/wp\/v2\/media\/42974"}],"wp:attachment":[{"href":"https:\/\/mouldking.store\/nb\/wp-json\/wp\/v2\/media?parent=42976"}],"wp:term":[{"taxonomy":"product_cat","embeddable":true,"href":"https:\/\/mouldking.store\/nb\/wp-json\/wp\/v2\/product_cat?post=42976"},{"taxonomy":"product_tag","embeddable":true,"href":"https:\/\/mouldking.store\/nb\/wp-json\/wp\/v2\/product_tag?post=42976"}],"curies":[{"name":"wp","href":"https:\/\/api.w.org\/{rel}","templated":true}]}}