{"id":42978,"date":"2023-03-16T10:28:26","date_gmt":"2023-03-16T03:28:26","guid":{"rendered":"https:\/\/mouldking.store\/shop\/moc-factory-127524-sw-sith-temple-with-2519-pieces\/"},"modified":"2025-12-16T22:25:09","modified_gmt":"2025-12-16T15:25:09","slug":"moc-factory-127524-sw-sith-temple-with-2519-pieces","status":"publish","type":"product","link":"https:\/\/mouldking.store\/nb\/shop\/moc-factory-127524-sw-sith-temple-with-2519-pieces\/","title":{"rendered":"MOC Factory 127524 SW \u2013 Sith Temple med 2519 stykker"},"content":{"rendered":"<div>\u2705 MOC-127524 SW \u2013 Sith Temple<\/p>\n<p>\u2705I Star Wars-universet refererer Sith-tempelet til forskjellige steder som fungerte som sentre for Sith-kraft og kunnskap gjennom Sith-ordenens \u00e5rtusener lange historie. Det n\u00f8yaktige utseendet og naturen til disse templene varierte avhengig av tid og sted de ble bygget.<\/p>\n<p>\ud83d\udeab VIKTIG!<\/p>\n<p>Produktnavn: SW \u2013 Sith Temple<\/p>\n<p>Kategori: Star Wars<\/p>\n<p>Dette settet inneholder: MOC-127524<\/p>\n<p>2519 stk Klosser av god kvalitet<\/p>\n<p>St\u00f8rrelse: 24,6 x 66 x 34,8 (nagler)<\/p>\n<p>PDF-instruksjoner<\/p>\n<p>\ud83d\udcccProtagonistens natur<\/p>\n<p>Vi introduserer v\u00e5r stolte kolleksjon kalt &quot;SW - Sith Temple&quot; du ikke b\u00f8r g\u00e5 glipp av.<\/p>\n<p>Et bemerkelsesverdig eksempel p\u00e5 et Sith-tempel er tempelet p\u00e5 planeten Malachor, som ble omtalt i den animerte TV-serien &quot;Star Wars Rebels&quot;. Malachor-tempelet var en massiv struktur som var i stand til \u00e5 utnytte og fokusere kraften til den m\u00f8rke siden av kraften. Det var ogs\u00e5 stedet for en \u00f8deleggende kamp mellom Jedi og Sith, som etterlot tempelet i ruiner og omr\u00e5det rundt livl\u00f8st. Et annet eksempel er Sith-tempelet p\u00e5 planeten Exegol, som ble omtalt i 2019-filmen \u00abStar Wars: The Rise of Skywalker\u00bb. Dette tempelet var en massiv underjordisk struktur som fungerte som den hemmelige h\u00f8yborgen til Sith Eternal, en kult som fors\u00f8kte \u00e5 gjenopprette kraften til Sith og styre galaksen.<\/p><\/div>","protected":false},"excerpt":{"rendered":"<p>Merke: MOC Factory<br \/>\nKj\u00f8nn: Unisex<br \/>\nAldersgruppe: &gt; 12 \u00e5r gammel<br \/>\nModellnummer: 127524<br \/>\nKlassifisering: Montering<br \/>\nPlastblokkform: Selvl\u00e5sende murstein<br \/>\nMateriale: Plast<br \/>\nPlasttype: ABS<br \/>\nMursteinsblokker: 2519 +<br \/>\nArrangementstid: 4-8 uker<\/p>","protected":false},"featured_media":42977,"comment_status":"open","ping_status":"closed","template":"","meta":{"_acf_changed":false},"product_cat":[1395,390,581,415,1408],"product_tag":[11099,392,434,11546,436,11001],"class_list":["product","first","instock","shipping-taxable","purchasable","product-type-simple"],"acf":[],"_links":{"self":[{"href":"https:\/\/mouldking.store\/nb\/wp-json\/wp\/v2\/product\/42978","targetHints":{"allow":["GET"]}}],"collection":[{"href":"https:\/\/mouldking.store\/nb\/wp-json\/wp\/v2\/product"}],"about":[{"href":"https:\/\/mouldking.store\/nb\/wp-json\/wp\/v2\/types\/product"}],"replies":[{"embeddable":true,"href":"https:\/\/mouldking.store\/nb\/wp-json\/wp\/v2\/comments?post=42978"}],"wp:featuredmedia":[{"embeddable":true,"href":"https:\/\/mouldking.store\/nb\/wp-json\/wp\/v2\/media\/42977"}],"wp:attachment":[{"href":"https:\/\/mouldking.store\/nb\/wp-json\/wp\/v2\/media?parent=42978"}],"wp:term":[{"taxonomy":"product_cat","embeddable":true,"href":"https:\/\/mouldking.store\/nb\/wp-json\/wp\/v2\/product_cat?post=42978"},{"taxonomy":"product_tag","embeddable":true,"href":"https:\/\/mouldking.store\/nb\/wp-json\/wp\/v2\/product_tag?post=42978"}],"curies":[{"name":"wp","href":"https:\/\/api.w.org\/{rel}","templated":true}]}}