{"id":43003,"date":"2023-03-16T10:56:53","date_gmt":"2023-03-16T03:56:53","guid":{"rendered":"https:\/\/mouldking.store\/shop\/moc-factory-89444-garten-of-banban-stinger-flynn-with-97-pieces\/"},"modified":"2025-12-16T22:25:08","modified_gmt":"2025-12-16T15:25:08","slug":"moc-factory-89444-garten-of-banban-stinger-flynn-with-97-pieces","status":"publish","type":"product","link":"https:\/\/mouldking.store\/nb\/shop\/moc-factory-89444-garten-of-banban-stinger-flynn-with-97-pieces\/","title":{"rendered":"MOC Factory 89444 Garten of Banban Stinger Flynn med 97 stykker"},"content":{"rendered":"<div>\u2705 MOC-89444 Garten of Banban Stinger Flynn<\/p>\n<p>\u2705Stinger Flynn er en ikke-spillbar karakter som tildeler spilleren et oppdrag der de m\u00e5 samle skjell og lagre dem i skattekisten hans. N\u00e5r oppdraget er fullf\u00f8rt, blir spilleren bel\u00f8nnet med et n\u00f8kkelkort som gir dem tilgang til et kanon-minispill.<\/p>\n<p>\ud83d\udeab VIKTIG!<\/p>\n<p>Produktnavn: Garten of Banban Stinger Flynn<\/p>\n<p>Kategori: Skaper<\/p>\n<p>Dette settet inneholder: C9316Y09<\/p>\n<p>97 stk god kvalitet murstein<\/p>\n<p>St\u00f8rrelse: 19,1 x 2,2 x 16,3 cm<\/p>\n<p>Vekt: 0,07 kg<\/p>\n<p>PDF-instruksjoner<\/p>\n<p>\ud83d\udcccProtagonistens natur<\/p>\n<p>Vi introduserer v\u00e5r stolte kolleksjon kalt &quot;Garten of Banban Stinger Flynn&quot; du ikke b\u00f8r g\u00e5 glipp av.<\/p>\n<p>Stinger Flynn spiller en mye st\u00f8rre rolle i Garten Of Banban II enn i det f\u00f8rste spillet, han har sitt eget oppdrag akkurat som Opila Bird i det f\u00f8rste spillet. I oppdraget f\u00e5r spilleren i oppgave \u00e5 samle 8 skjell og legge dem i Stinger Flynns skattekiste, etter at oppgaven er fullf\u00f8rt \u00e5pnes en hylle ved siden av kisten der du kan finne et n\u00f8kkelkort som gir deg tilgang til kanon-minispillet<\/p><\/div>","protected":false},"excerpt":{"rendered":"<p>Merke: MOC Factory<br \/>\nKj\u00f8nn: Unisex<br \/>\nAldersgruppe: &gt; 8 \u00e5r gammel<br \/>\nModellnummer: 89444<br \/>\nKlassifisering: Montering<br \/>\nPlastblokkform: Selvl\u00e5sende murstein<br \/>\nMateriale: Plast<br \/>\nPlasttype: ABS<br \/>\nMursteinsblokker: 97+<br \/>\nIngen original eske<\/p>","protected":false},"featured_media":42995,"comment_status":"open","ping_status":"closed","template":"","meta":{"_acf_changed":false},"product_cat":[1365,371],"product_tag":[11475,11072,8452,11554,11474,11553],"class_list":["product","first","instock","shipping-taxable","purchasable","product-type-simple"],"acf":[],"_links":{"self":[{"href":"https:\/\/mouldking.store\/nb\/wp-json\/wp\/v2\/product\/43003","targetHints":{"allow":["GET"]}}],"collection":[{"href":"https:\/\/mouldking.store\/nb\/wp-json\/wp\/v2\/product"}],"about":[{"href":"https:\/\/mouldking.store\/nb\/wp-json\/wp\/v2\/types\/product"}],"replies":[{"embeddable":true,"href":"https:\/\/mouldking.store\/nb\/wp-json\/wp\/v2\/comments?post=43003"}],"wp:featuredmedia":[{"embeddable":true,"href":"https:\/\/mouldking.store\/nb\/wp-json\/wp\/v2\/media\/42995"}],"wp:attachment":[{"href":"https:\/\/mouldking.store\/nb\/wp-json\/wp\/v2\/media?parent=43003"}],"wp:term":[{"taxonomy":"product_cat","embeddable":true,"href":"https:\/\/mouldking.store\/nb\/wp-json\/wp\/v2\/product_cat?post=43003"},{"taxonomy":"product_tag","embeddable":true,"href":"https:\/\/mouldking.store\/nb\/wp-json\/wp\/v2\/product_tag?post=43003"}],"curies":[{"name":"wp","href":"https:\/\/api.w.org\/{rel}","templated":true}]}}