{"id":43141,"date":"2023-03-17T10:38:44","date_gmt":"2023-03-17T03:38:44","guid":{"rendered":"https:\/\/mouldking.store\/shop\/moc-factory-89435-stranger-things-mind-flayer-with-691-pieces\/"},"modified":"2025-12-16T22:25:08","modified_gmt":"2025-12-16T15:25:08","slug":"moc-factory-89435-stranger-things-mind-flayer-with-691-pieces","status":"publish","type":"product","link":"https:\/\/mouldking.store\/nb\/shop\/moc-factory-89435-stranger-things-mind-flayer-with-691-pieces\/","title":{"rendered":"MOC Factory 89435 Stranger Things Mind Flayer med 691 stykker"},"content":{"rendered":"<div>\u2705 MOC-89435 Stranger Things Mind Flayer<\/p>\n<p>\u2705The Mind Flayer er et fiktivt monster eller antagonist i science fiction\/skrekk-TV-serien \u00abStranger Things\u00bb. The Mind Flayer er avbildet som en stor, skyggefull og ondskapsfull skapning fra en alternativ dimensjon kjent som Upside Down.<\/p>\n<p>\ud83d\udeab VIKTIG!<\/p>\n<p>Produktnavn: Stranger Things Mind Flayer<\/p>\n<p>Kategori: Film<\/p>\n<p>Dette settet inneholder: C9314<\/p>\n<p>691 stk Klosser av god kvalitet<\/p>\n<p>St\u00f8rrelse: 36,5 x 28,4 x 14,5 cm<\/p>\n<p>Vekt: 0,39 kg<\/p>\n<p>PDF-instruksjoner<\/p>\n<p>\ud83d\udcccProtagonistens natur<\/p>\n<p>Vi introduserer v\u00e5r stolte kolleksjon kalt &quot;Stranger Things Mind Flayer&quot; du ikke b\u00f8r g\u00e5 glipp av.<\/p>\n<p>Gjennom hele serien blir Mind Flayer vist \u00e5 ha kraftige psykiske evner og kontroll over andre skapninger i Upside Down, som den bruker for \u00e5 terrorisere byen Hawkins og dens innbyggere. Karakterens utseende og evner er inspirert av skapninger fra klassiske skrekk- og science fiction-filmer og litteratur.<\/p><\/div>","protected":false},"excerpt":{"rendered":"<p>Merke: MOC Factory<br \/>\nKj\u00f8nn: Unisex<br \/>\nAldersgruppe: &gt; 14 \u00e5r gammel<br \/>\nModellnummer: 89435<br \/>\nKlassifisering: Montering<br \/>\nPlastblokkform: Selvl\u00e5sende murstein<br \/>\nMateriale: Plast<br \/>\nPlasttype: ABS<br \/>\nMursteinsblokker: 691 +<br \/>\nIngen original eske<\/p>","protected":false},"featured_media":43131,"comment_status":"open","ping_status":"closed","template":"","meta":{"_acf_changed":false},"product_cat":[1365,371,581,1408],"product_tag":[11072,8452,434,5944],"class_list":["product","first","instock","shipping-taxable","purchasable","product-type-simple"],"acf":[],"_links":{"self":[{"href":"https:\/\/mouldking.store\/nb\/wp-json\/wp\/v2\/product\/43141","targetHints":{"allow":["GET"]}}],"collection":[{"href":"https:\/\/mouldking.store\/nb\/wp-json\/wp\/v2\/product"}],"about":[{"href":"https:\/\/mouldking.store\/nb\/wp-json\/wp\/v2\/types\/product"}],"replies":[{"embeddable":true,"href":"https:\/\/mouldking.store\/nb\/wp-json\/wp\/v2\/comments?post=43141"}],"wp:featuredmedia":[{"embeddable":true,"href":"https:\/\/mouldking.store\/nb\/wp-json\/wp\/v2\/media\/43131"}],"wp:attachment":[{"href":"https:\/\/mouldking.store\/nb\/wp-json\/wp\/v2\/media?parent=43141"}],"wp:term":[{"taxonomy":"product_cat","embeddable":true,"href":"https:\/\/mouldking.store\/nb\/wp-json\/wp\/v2\/product_cat?post=43141"},{"taxonomy":"product_tag","embeddable":true,"href":"https:\/\/mouldking.store\/nb\/wp-json\/wp\/v2\/product_tag?post=43141"}],"curies":[{"name":"wp","href":"https:\/\/api.w.org\/{rel}","templated":true}]}}