{"id":43161,"date":"2023-03-17T10:54:39","date_gmt":"2023-03-17T03:54:39","guid":{"rendered":"https:\/\/mouldking.store\/shop\/moc-factory-89434-high-on-life-gatlians-kenny-with-622-pieces\/"},"modified":"2025-12-16T22:25:08","modified_gmt":"2025-12-16T15:25:08","slug":"moc-factory-89434-high-on-life-gatlians-kenny-with-622-pieces","status":"publish","type":"product","link":"https:\/\/mouldking.store\/nb\/shop\/moc-factory-89434-high-on-life-gatlians-kenny-with-622-pieces\/","title":{"rendered":"MOC Factory 89434 High on Life Gatlians-Kenny med 622 stykker"},"content":{"rendered":"<div>\u2705 MOC-89434 High on Life Gatlians-Kenny<\/p>\n<p>\u2705Gj\u00f8r deg klar til \u00e5 ta kreativiteten din til nye h\u00f8yder med High on Life Gatlians-Kenny byggeklosser!&nbsp;<\/p>\n<p>\ud83d\udeab VIKTIG!<\/p>\n<p>Produktnavn: High on Life Gatlians-Kenny<\/p>\n<p>Kategori: Skaper<\/p>\n<p>Dette settet inneholder: C9370<\/p>\n<p>622 stk god kvalitet murstein<\/p>\n<p>St\u00f8rrelse: 20 x 7,5 x 18,5 cm<\/p>\n<p>Vekt: 0,43 kg<\/p>\n<p>PDF-instruksjoner<\/p>\n<p>\ud83d\udcccProtagonistens natur<\/p>\n<p>Vi introduserer v\u00e5r stolte kolleksjon kalt &quot;High on Life Gatlians-Kenny&quot; du ikke b\u00f8r g\u00e5 glipp av.<\/p>\n<p>Med 622 klosser og et elegant design som m\u00e5ler 20 x 7,5 x 18,5 cm, er dette den ultimate kreasjonselskerens dr\u00f8m som g\u00e5r i oppfyllelse. Med en vekt p\u00e5 bare 0,43 kg kan du enkelt bringe mesterverket ditt til live uansett hvor du g\u00e5r. Slipp fantasien l\u00f8s og bygg noe virkelig spektakul\u00e6rt med dette byggeklosssettet du m\u00e5 ha!<\/p><\/div>","protected":false},"excerpt":{"rendered":"<p>Merke: MOC Factory<br \/>\nKj\u00f8nn: Unisex<br \/>\nAldersgruppe: &gt; 6 \u00e5r gammel<br \/>\nModellnummer: 89434<br \/>\nKlassifisering: Montering<br \/>\nPlastblokkform: Selvl\u00e5sende murstein<br \/>\nMateriale: Plast<br \/>\nPlasttype: ABS<br \/>\nMursteinsblokker: 622 +<br \/>\nIngen original eske<\/p>","protected":false},"featured_media":43151,"comment_status":"open","ping_status":"closed","template":"","meta":{"_acf_changed":false},"product_cat":[1365,371],"product_tag":[11072,8452,9139,11580,11579,11581],"class_list":["product","first","instock","shipping-taxable","purchasable","product-type-simple"],"acf":[],"_links":{"self":[{"href":"https:\/\/mouldking.store\/nb\/wp-json\/wp\/v2\/product\/43161","targetHints":{"allow":["GET"]}}],"collection":[{"href":"https:\/\/mouldking.store\/nb\/wp-json\/wp\/v2\/product"}],"about":[{"href":"https:\/\/mouldking.store\/nb\/wp-json\/wp\/v2\/types\/product"}],"replies":[{"embeddable":true,"href":"https:\/\/mouldking.store\/nb\/wp-json\/wp\/v2\/comments?post=43161"}],"wp:featuredmedia":[{"embeddable":true,"href":"https:\/\/mouldking.store\/nb\/wp-json\/wp\/v2\/media\/43151"}],"wp:attachment":[{"href":"https:\/\/mouldking.store\/nb\/wp-json\/wp\/v2\/media?parent=43161"}],"wp:term":[{"taxonomy":"product_cat","embeddable":true,"href":"https:\/\/mouldking.store\/nb\/wp-json\/wp\/v2\/product_cat?post=43161"},{"taxonomy":"product_tag","embeddable":true,"href":"https:\/\/mouldking.store\/nb\/wp-json\/wp\/v2\/product_tag?post=43161"}],"curies":[{"name":"wp","href":"https:\/\/api.w.org\/{rel}","templated":true}]}}