{"id":43181,"date":"2023-03-17T11:06:32","date_gmt":"2023-03-17T04:06:32","guid":{"rendered":"https:\/\/mouldking.store\/shop\/moc-factory-89432-the-last-of-us-clickers-with-442-pieces\/"},"modified":"2025-12-16T22:25:07","modified_gmt":"2025-12-16T15:25:07","slug":"moc-factory-89432-the-last-of-us-clickers-with-442-pieces","status":"publish","type":"product","link":"https:\/\/mouldking.store\/nb\/shop\/moc-factory-89432-the-last-of-us-clickers-with-442-pieces\/","title":{"rendered":"MOC Factory 89432 The Last of Us Clickers med 442 stykker"},"content":{"rendered":"<div>\u2705 MOC-89432 The Last of Us Clickers<\/p>\n<p>\u2705Klikkerne er en fiktiv type infiserte mennesker i det post-apokalyptiske videospillet \u00abThe Last of Us\u00bb. De er en av de farligste og mest fryktede fiendene i spillet og er kjent for sin karakteristiske klikkelyd.<\/p>\n<p>\ud83d\udeab VIKTIG!<\/p>\n<p>Produktnavn: The Last of Us Clickers<\/p>\n<p>Kategori: Skaper<\/p>\n<p>Dette settet inneholder: C9376<\/p>\n<p>442 stk god kvalitet murstein<\/p>\n<p>St\u00f8rrelse: 19,3 x 9,3 x 29,6 cm<\/p>\n<p>Vekt: 0,22 kg<\/p>\n<p>PDF-instruksjoner<\/p>\n<p>\ud83d\udcccProtagonistens natur<\/p>\n<p>Vi introduserer v\u00e5r stolte kolleksjon kalt &quot;The Last of Us Clickers&quot; du ikke b\u00f8r g\u00e5 glipp av.<\/p>\n<p>Klikkere er mennesker som har blitt infisert med en mutert stamme av Cordyceps-soppen som har tatt over hjernen deres, noe som har f\u00e5tt dem til \u00e5 miste synet og stole p\u00e5 ekkolokalisering for \u00e5 navigere og lokalisere byttet sitt. De er ogs\u00e5 dekket av soppvekster, som tjener som rustning og gj\u00f8r dem vanskelige \u00e5 drepe. I spillet er klikkere ekstremt farlige og kan drepe spillerens karakter, Joel eller Ellie, med et enkelt angrep. De tiltrekkes av lyd og vil angripe alt som lager st\u00f8y, inkludert spilleren. Den eneste m\u00e5ten \u00e5 drepe en klikker p\u00e5 er ved \u00e5 bruke stealth-taktikker eller med et godt plassert skudd p\u00e5 deres eksponerte soppvekster.<\/p><\/div>","protected":false},"excerpt":{"rendered":"<p>Merke: MOC Factory<br \/>\nKj\u00f8nn: Unisex<br \/>\nAldersgruppe: &gt; 6 \u00e5r gammel<br \/>\nModellnummer: 89432<br \/>\nKlassifisering: Montering<br \/>\nPlastblokkform: Selvl\u00e5sende murstein<br \/>\nMateriale: Plast<br \/>\nPlasttype: ABS<br \/>\nMursteinsblokker: 442 +<br \/>\nIngen original eske<\/p>","protected":false},"featured_media":43171,"comment_status":"open","ping_status":"closed","template":"","meta":{"_acf_changed":false},"product_cat":[1365,371],"product_tag":[11582,11072,8452,9139],"class_list":["product","first","instock","shipping-taxable","purchasable","product-type-simple"],"acf":[],"_links":{"self":[{"href":"https:\/\/mouldking.store\/nb\/wp-json\/wp\/v2\/product\/43181","targetHints":{"allow":["GET"]}}],"collection":[{"href":"https:\/\/mouldking.store\/nb\/wp-json\/wp\/v2\/product"}],"about":[{"href":"https:\/\/mouldking.store\/nb\/wp-json\/wp\/v2\/types\/product"}],"replies":[{"embeddable":true,"href":"https:\/\/mouldking.store\/nb\/wp-json\/wp\/v2\/comments?post=43181"}],"wp:featuredmedia":[{"embeddable":true,"href":"https:\/\/mouldking.store\/nb\/wp-json\/wp\/v2\/media\/43171"}],"wp:attachment":[{"href":"https:\/\/mouldking.store\/nb\/wp-json\/wp\/v2\/media?parent=43181"}],"wp:term":[{"taxonomy":"product_cat","embeddable":true,"href":"https:\/\/mouldking.store\/nb\/wp-json\/wp\/v2\/product_cat?post=43181"},{"taxonomy":"product_tag","embeddable":true,"href":"https:\/\/mouldking.store\/nb\/wp-json\/wp\/v2\/product_tag?post=43181"}],"curies":[{"name":"wp","href":"https:\/\/api.w.org\/{rel}","templated":true}]}}