{"id":43205,"date":"2023-03-17T11:38:45","date_gmt":"2023-03-17T04:38:45","guid":{"rendered":"https:\/\/mouldking.store\/shop\/sembo-ab0004-yu-gi-oh-blue-eyes-white-dragon-with-2000-pieces\/"},"modified":"2023-03-17T11:38:45","modified_gmt":"2023-03-17T04:38:45","slug":"sembo-ab0004-yu-gi-oh-blue-eyes-white-dragon-with-2000-pieces","status":"publish","type":"product","link":"https:\/\/mouldking.store\/nb\/shop\/sembo-ab0004-yu-gi-oh-blue-eyes-white-dragon-with-2000-pieces\/","title":{"rendered":"SEMBO AB0004 Yu-Gi-Oh: Bl\u00e5\u00f8yne hvit drage med 2000 stykker"},"content":{"rendered":"<div>\u2705 SEMBO AB0004 Yu-Gi-Oh: Blue-Eyes White Dragon<br \/>&nbsp;<br \/>\u2705&quot;Blue-Eyes White Dragon&quot; er et kort i samlekortspillet og animeserien &quot;Yu-Gi-Oh!&quot;. Det er et av de mest ikoniske og gjenkjennelige kortene i spillet, og assosieres ofte med seriens hovedperson, Yugi Moto.<br \/>&nbsp;<br \/>\ud83d\udeab VIKTIG!&nbsp;<br \/>&nbsp;<br \/>Produktnavn: Yu-Gi-Oh: Blue-Eyes White Dragon<br \/>&nbsp;<br \/>Kategori: Skaper&nbsp;<br \/>&nbsp;<br \/>Dette settet inneholder: SEMBO AB0004<br \/>&nbsp;<br \/>2000 stk god kvalitet murstein&nbsp;<br \/>&nbsp;<br \/>St\u00f8rrelse: 51,2 \u00d7 38,4 \u00d7 28,8 cm<br \/>&nbsp;<br \/>Manuelle instruksjoner&nbsp;<br \/>&nbsp;<br \/>\ud83d\udcccProtagonistens natur&nbsp;<br \/>&nbsp;<br \/>Vi introduserer v\u00e5r stolte kolleksjon kalt &quot;Yu-Gi-Oh: Blue-Eyes White Dragon&quot; du ikke b\u00f8r g\u00e5 glipp av.&nbsp;<br \/>&nbsp;<br \/>Blue-Eyes White Dragon er et kraftig dragemonster med 3000 angrepspoeng og 2500 forsvarspoeng, noe som gj\u00f8r det til et av de sterkeste monstrene i spillet. Den er ogs\u00e5 kjent for sitt sl\u00e5ende utseende, med bl\u00e5 skjell, hvite vinger og gjennomtrengende bl\u00e5 \u00f8yne. I Yu-Gi-Oh! anime-serien, Blue-Eyes White Dragon er et av signaturkortene til Seto Kaiba, en rival og sporadisk alliert av Yugi Moto. Kaiba er besatt av Blue-Eyes White Dragon, og kortstokken hans inkluderer ofte flere kopier av kortet.<\/div>","protected":false},"excerpt":{"rendered":"<p>Merke: SEMBO<br \/>\nKj\u00f8nn: Unisex<br \/>\nAldersgruppe: &gt; 6 \u00e5r gammel<br \/>\nModellnummer: AB0004<br \/>\nKlassifisering: Montering<br \/>\nPlastblokkform: Selvl\u00e5sende murstein<br \/>\nMateriale: Plast<br \/>\nPlasttype: ABS<br \/>\nMursteinsblokker: 2000+<br \/>\nIngen original eske<\/p>","protected":false},"featured_media":43200,"comment_status":"open","ping_status":"closed","template":"","meta":{"_acf_changed":false},"product_cat":[1365,371],"product_tag":[11587,11072,8452,1771,1461,11586],"class_list":["product","first","instock","shipping-taxable","purchasable","product-type-simple"],"acf":[],"_links":{"self":[{"href":"https:\/\/mouldking.store\/nb\/wp-json\/wp\/v2\/product\/43205","targetHints":{"allow":["GET"]}}],"collection":[{"href":"https:\/\/mouldking.store\/nb\/wp-json\/wp\/v2\/product"}],"about":[{"href":"https:\/\/mouldking.store\/nb\/wp-json\/wp\/v2\/types\/product"}],"replies":[{"embeddable":true,"href":"https:\/\/mouldking.store\/nb\/wp-json\/wp\/v2\/comments?post=43205"}],"wp:featuredmedia":[{"embeddable":true,"href":"https:\/\/mouldking.store\/nb\/wp-json\/wp\/v2\/media\/43200"}],"wp:attachment":[{"href":"https:\/\/mouldking.store\/nb\/wp-json\/wp\/v2\/media?parent=43205"}],"wp:term":[{"taxonomy":"product_cat","embeddable":true,"href":"https:\/\/mouldking.store\/nb\/wp-json\/wp\/v2\/product_cat?post=43205"},{"taxonomy":"product_tag","embeddable":true,"href":"https:\/\/mouldking.store\/nb\/wp-json\/wp\/v2\/product_tag?post=43205"}],"curies":[{"name":"wp","href":"https:\/\/api.w.org\/{rel}","templated":true}]}}