{"id":43211,"date":"2023-03-17T11:46:36","date_gmt":"2023-03-17T04:46:36","guid":{"rendered":"https:\/\/mouldking.store\/shop\/lw-411-minecraft-tree-house-with-706-pieces\/"},"modified":"2023-03-17T11:46:36","modified_gmt":"2023-03-17T04:46:36","slug":"lw-411-minecraft-tree-house-with-706-pieces","status":"publish","type":"product","link":"https:\/\/mouldking.store\/nb\/shop\/lw-411-minecraft-tree-house-with-706-pieces\/","title":{"rendered":"LW 411 Minecraft trehytte med 706 deler"},"content":{"rendered":"<div>\u2705 LW 411 Minecraft Tree House<br \/>&nbsp;<br \/>\u2705En Minecraft-trehytte er en type struktur som spillere kan bygge i videospillet Minecraft. I spillet er spillere i stand til \u00e5 samle ressurser og bruke dem til \u00e5 konstruere bygninger og andre strukturer i en virtuell verden som best\u00e5r av blokker.<br \/>&nbsp;<br \/>\ud83d\udeab VIKTIG!&nbsp;<br \/>&nbsp;<br \/>Produktnavn: Minecraft Tree House<br \/>&nbsp;<br \/>Kategori: Skaper&nbsp;<br \/>&nbsp;<br \/>Dette settet inneholder: LW 411&nbsp;<br \/>&nbsp;<br \/>706 stk god kvalitet murstein&nbsp;<br \/>&nbsp;<br \/>St\u00f8rrelse: 27 x 21,4 x 16,8 cm<br \/>&nbsp;<br \/>Manuelle instruksjoner&nbsp;<br \/>&nbsp;<br \/>\ud83d\udcccProtagonistens natur&nbsp;<br \/>&nbsp;<br \/>Vi introduserer v\u00e5r stolte samling kalt &quot;Minecraft Tree House&quot; du ikke b\u00f8r g\u00e5 glipp av.&nbsp;<br \/>&nbsp;<br \/>Et Minecraft-trehus bygges vanligvis ved \u00e5 velge et h\u00f8yt tre i spillet og bygge en struktur rundt grenene eller stammen. Strukturen kan lages av en rekke materialer, inkludert tre, stein og andre ressurser som spillerne samler gjennom spillet. Trehus i Minecraft kan tjene en rekke form\u00e5l, for eksempel \u00e5 gi et trygt sted \u00e5 hvile og lagre gjenstander, eller tjene som et utkikkst\u00e5rn eller utsiktspunkt. Noen spillere bruker ogs\u00e5 trehus som en dekorativ funksjon i sine Minecraft-verdener, og bygger forseggjorte strukturer med intrikate design og detaljer.<\/div>","protected":false},"excerpt":{"rendered":"<p>Merke: LW<br \/>\nKj\u00f8nn: Unisex<br \/>\nAldersgruppe: &gt; 6 \u00e5r gammel<br \/>\nModellnummer: 411<br \/>\nKlassifisering: Montering<br \/>\nPlastblokkform: Selvl\u00e5sende murstein<br \/>\nMateriale: Plast<br \/>\nPlasttype: ABS<br \/>\nMursteinsblokker: 706+<br \/>\nIngen original eske<\/p>","protected":false},"featured_media":43206,"comment_status":"open","ping_status":"closed","template":"","meta":{"_acf_changed":false},"product_cat":[1365,371],"product_tag":[11072,8452,2318,11588,5983],"class_list":["product","first","instock","shipping-taxable","purchasable","product-type-simple"],"acf":[],"_links":{"self":[{"href":"https:\/\/mouldking.store\/nb\/wp-json\/wp\/v2\/product\/43211","targetHints":{"allow":["GET"]}}],"collection":[{"href":"https:\/\/mouldking.store\/nb\/wp-json\/wp\/v2\/product"}],"about":[{"href":"https:\/\/mouldking.store\/nb\/wp-json\/wp\/v2\/types\/product"}],"replies":[{"embeddable":true,"href":"https:\/\/mouldking.store\/nb\/wp-json\/wp\/v2\/comments?post=43211"}],"wp:featuredmedia":[{"embeddable":true,"href":"https:\/\/mouldking.store\/nb\/wp-json\/wp\/v2\/media\/43206"}],"wp:attachment":[{"href":"https:\/\/mouldking.store\/nb\/wp-json\/wp\/v2\/media?parent=43211"}],"wp:term":[{"taxonomy":"product_cat","embeddable":true,"href":"https:\/\/mouldking.store\/nb\/wp-json\/wp\/v2\/product_cat?post=43211"},{"taxonomy":"product_tag","embeddable":true,"href":"https:\/\/mouldking.store\/nb\/wp-json\/wp\/v2\/product_tag?post=43211"}],"curies":[{"name":"wp","href":"https:\/\/api.w.org\/{rel}","templated":true}]}}