{"id":43223,"date":"2023-03-17T17:38:36","date_gmt":"2023-03-17T10:38:36","guid":{"rendered":"https:\/\/mouldking.store\/shop\/panlosbrick-673101-ford-forse-off-road-vehicle-with-2920-pieces\/"},"modified":"2023-03-17T17:38:36","modified_gmt":"2023-03-17T10:38:36","slug":"panlosbrick-673101-ford-forse-off-road-vehicle-with-2920-pieces","status":"publish","type":"product","link":"https:\/\/mouldking.store\/nb\/shop\/panlosbrick-673101-ford-forse-off-road-vehicle-with-2920-pieces\/","title":{"rendered":"PANLOSBRICK 673101 Ford Forse terrengkj\u00f8ret\u00f8y med 2920 deler"},"content":{"rendered":"<div>\u2705 PanlosBrick 673101 Ford Forse terrengkj\u00f8ret\u00f8y<br \/>&nbsp;<br \/>\u2705Bronco er en tod\u00f8rs SUV som opprinnelig ble introdusert i 1966 og var i produksjon til 1996. I 2020 annonserte Ford gjenintroduksjonen av Bronco som et 2021 \u00e5rsmodell.<br \/>&nbsp;<br \/>\ud83d\udeab VIKTIG!&nbsp;<br \/>&nbsp;<br \/>Produktnavn: Ford Forse terrengkj\u00f8ret\u00f8y<br \/>&nbsp;<br \/>Kategori: Teknikk<br \/>&nbsp;<br \/>Dette settet inneholder: PanlosBrick 673101<br \/>&nbsp;<br \/>2920 stk Klosser av god kvalitet&nbsp;<br \/>&nbsp;<br \/>St\u00f8rrelse: 57 \u00d7 26 \u00d7 23 cm<\/p>\n<p>Vekt 6 kg<br \/>&nbsp;<br \/>Manuelle instruksjoner&nbsp;<br \/>&nbsp;<br \/>\ud83d\udcccProtagonistens natur&nbsp;<br \/>&nbsp;<br \/>Vi introduserer v\u00e5r stolte kolleksjon kalt &quot;Ford Forse terrengkj\u00f8ret\u00f8y&quot; du ikke b\u00f8r g\u00e5 glipp av.&nbsp;<br \/>&nbsp;<br \/>Den nye Bronco er tilgjengelig i b\u00e5de tod\u00f8rs- og fired\u00f8rsversjoner og er designet for terrengbruk med funksjoner som terrengstyringssystem, elektroniske l\u00e5sedifferensialer og avtagbare d\u00f8rer og takpaneler. Bronco er ogs\u00e5 tilgjengelig med en rekke motoralternativer, inkludert en 2,3-liters turboladet firesylindret og en 2,7-liters V6, og tilbys med valget mellom manuell eller automatisk girkasse.<\/div>","protected":false},"excerpt":{"rendered":"<p>Merke: PANLOSBRICK<br \/>\nKj\u00f8nn: Unisex<br \/>\nAldersgruppe: &gt; 6 \u00e5r gammel<br \/>\nModellnummer: 673101<br \/>\nKlassifisering: Montering<br \/>\nPlastblokkform: Selvl\u00e5sende murstein<br \/>\nMateriale: Plast<br \/>\nPlasttype: ABS<br \/>\nMursteinsblokker: 2920 +<br \/>\nFORHANDSSALG<br \/>\nUTSOLGT<\/p>","protected":false},"featured_media":43220,"comment_status":"open","ping_status":"closed","template":"","meta":{"_acf_changed":false},"product_cat":[1360,1357,364],"product_tag":[11516,457,1747,9573,4734,11590,389,11080,2803],"class_list":["product","first","instock","shipping-taxable","purchasable","product-type-simple"],"acf":[],"_links":{"self":[{"href":"https:\/\/mouldking.store\/nb\/wp-json\/wp\/v2\/product\/43223","targetHints":{"allow":["GET"]}}],"collection":[{"href":"https:\/\/mouldking.store\/nb\/wp-json\/wp\/v2\/product"}],"about":[{"href":"https:\/\/mouldking.store\/nb\/wp-json\/wp\/v2\/types\/product"}],"replies":[{"embeddable":true,"href":"https:\/\/mouldking.store\/nb\/wp-json\/wp\/v2\/comments?post=43223"}],"wp:featuredmedia":[{"embeddable":true,"href":"https:\/\/mouldking.store\/nb\/wp-json\/wp\/v2\/media\/43220"}],"wp:attachment":[{"href":"https:\/\/mouldking.store\/nb\/wp-json\/wp\/v2\/media?parent=43223"}],"wp:term":[{"taxonomy":"product_cat","embeddable":true,"href":"https:\/\/mouldking.store\/nb\/wp-json\/wp\/v2\/product_cat?post=43223"},{"taxonomy":"product_tag","embeddable":true,"href":"https:\/\/mouldking.store\/nb\/wp-json\/wp\/v2\/product_tag?post=43223"}],"curies":[{"name":"wp","href":"https:\/\/api.w.org\/{rel}","templated":true}]}}