{"id":43227,"date":"2023-03-17T17:47:58","date_gmt":"2023-03-17T10:47:58","guid":{"rendered":"https:\/\/mouldking.store\/shop\/sluban-m38-b1181-mech-master-hulk-the-lonely-brave-with-588-pieces\/"},"modified":"2023-03-17T17:47:58","modified_gmt":"2023-03-17T10:47:58","slug":"sluban-m38-b1181-mech-master-hulk-the-lonely-brave-with-588-pieces","status":"publish","type":"product","link":"https:\/\/mouldking.store\/nb\/shop\/sluban-m38-b1181-mech-master-hulk-the-lonely-brave-with-588-pieces\/","title":{"rendered":"Sluban M38-B1181 Mech Master: Hulk the Lonely Brave med 588 stykker"},"content":{"rendered":"<div>\u2705 Sluban M38-B1181 Mech Master: Hulk the Lonely Brave<br \/>&nbsp;<br \/>\u2705Gj\u00f8r deg klar til \u00e5 sette sammen den ultimate robothelten med Mech Master: Hulk the Lonely Brave. Med 588 byggesteinspartikler vil du vekke liv til en heftig og fryktl\u00f8s maskin som vil st\u00e5 opp mot enhver utfordring.<br \/>&nbsp;<br \/>\ud83d\udeab VIKTIG!&nbsp;<br \/>&nbsp;<br \/>Produktnavn: Mech Master: Hulk the Lonely Brave<br \/>&nbsp;<br \/>Kategori: Skaper&nbsp;<br \/>&nbsp;<br \/>Dette settet inneholder: Sluban M38-B1181<br \/>&nbsp;<br \/>588 stk Klosser av god kvalitet&nbsp;<br \/>&nbsp;<br \/>St\u00f8rrelse: 23,7 \u00d7 23 \u00d7 11,8 cm<br \/>&nbsp;<br \/>Manuelle instruksjoner&nbsp;<br \/>&nbsp;<br \/>\ud83d\udcccProtagonistens natur&nbsp;<br \/>&nbsp;<br \/>Vi introduserer v\u00e5r stolte samling kalt &quot;Mech Master: Hulk the Lonely Brave&quot; du ikke b\u00f8r g\u00e5 glipp av.&nbsp;<br \/>&nbsp;<br \/>Robot: The Lone Hulk ble utgitt i 2023 og er ikke bare enda et sett \u2013 det er en mulighet til \u00e5 slippe kreativiteten l\u00f8s og bygge noe virkelig bemerkelsesverdig. S\u00e5 ikke g\u00e5 glipp av dette episke eventyret \u2013 f\u00e5 hendene p\u00e5 Robot: The Lone Hulk i dag!<\/div>","protected":false},"excerpt":{"rendered":"<p>Merke: Sluban<br \/>\nKj\u00f8nn: Unisex<br \/>\nAldersgruppe: &gt; 6 \u00e5r gammel<br \/>\nModellnummer: M38-B1181<br \/>\nKlassifisering: Montering<br \/>\nPlastblokkform: Selvl\u00e5sende murstein<br \/>\nMateriale: Plast<br \/>\nPlasttype: ABS<br \/>\nMursteinsblokker: 588 +<br \/>\nFORHANDSSALG<br \/>\nUTSOLGT<\/p>","protected":false},"featured_media":43224,"comment_status":"open","ping_status":"closed","template":"","meta":{"_acf_changed":false},"product_cat":[1365,371],"product_tag":[4712,11072,8452,11591,7133,11233,590],"class_list":["product","first","instock","shipping-taxable","purchasable","product-type-simple"],"acf":[],"_links":{"self":[{"href":"https:\/\/mouldking.store\/nb\/wp-json\/wp\/v2\/product\/43227","targetHints":{"allow":["GET"]}}],"collection":[{"href":"https:\/\/mouldking.store\/nb\/wp-json\/wp\/v2\/product"}],"about":[{"href":"https:\/\/mouldking.store\/nb\/wp-json\/wp\/v2\/types\/product"}],"replies":[{"embeddable":true,"href":"https:\/\/mouldking.store\/nb\/wp-json\/wp\/v2\/comments?post=43227"}],"wp:featuredmedia":[{"embeddable":true,"href":"https:\/\/mouldking.store\/nb\/wp-json\/wp\/v2\/media\/43224"}],"wp:attachment":[{"href":"https:\/\/mouldking.store\/nb\/wp-json\/wp\/v2\/media?parent=43227"}],"wp:term":[{"taxonomy":"product_cat","embeddable":true,"href":"https:\/\/mouldking.store\/nb\/wp-json\/wp\/v2\/product_cat?post=43227"},{"taxonomy":"product_tag","embeddable":true,"href":"https:\/\/mouldking.store\/nb\/wp-json\/wp\/v2\/product_tag?post=43227"}],"curies":[{"name":"wp","href":"https:\/\/api.w.org\/{rel}","templated":true}]}}