{"id":43303,"date":"2023-03-20T11:22:06","date_gmt":"2023-03-20T04:22:06","guid":{"rendered":"https:\/\/mouldking.store\/shop\/pantasy-86303-le-petit-prince-on-the-planet-with-500-pieces\/"},"modified":"2023-03-20T11:22:06","modified_gmt":"2023-03-20T04:22:06","slug":"pantasy-86303-le-petit-prince-on-the-planet-with-500-pieces","status":"publish","type":"product","link":"https:\/\/mouldking.store\/nb\/shop\/pantasy-86303-le-petit-prince-on-the-planet-with-500-pieces\/","title":{"rendered":"Pantasy 86303 Le Petit Prince On The Planet with 500 Pieces"},"content":{"rendered":"<div>\u2705 PANTASY 86303 Le Petit Prince On The Planet<br \/>&nbsp;<br \/>\u2705&quot;Le Petit Prince&quot; (oversatt som &quot;Den lille prinsen&quot; p\u00e5 engelsk) er en novelle skrevet av den franske forfatteren Antoine de Saint-Exup\u00e9ry. Historien f\u00f8lger en ung prins som reiser til forskjellige planeter, inkludert Jorden, og m\u00f8ter forskjellige voksne som har mistet sansen for fantasi og undring. Gjennom sine samtaler med de voksne og sine m\u00f8ter med ulike skapninger, l\u00e6rer prinsen viktige leksjoner om livet, kj\u00e6rligheten og viktigheten av menneskelig tilknytning.<br \/>&nbsp;<br \/>\ud83d\udeab VIKTIG!&nbsp;<br \/>&nbsp;<br \/>Product Name: Le Petit Prince On The Planet<br \/>&nbsp;<br \/>Kategori: Skaper&nbsp;<br \/>&nbsp;<br \/>This Kit Contains: PANTASY 86303<br \/>&nbsp;<br \/>500 stk god kvalitet murstein&nbsp;<br \/>&nbsp;<br \/>Size: 9.9 \u00d7 11.1 \u00d7 18.7 cm<br \/>&nbsp;<br \/>Manuelle instruksjoner&nbsp;<br \/>&nbsp;<br \/>\ud83d\udcccProtagonistens natur&nbsp;<br \/>&nbsp;<br \/>Introducing our proud collection named \u201cLe Petit Prince On The Planet\u201d you should not miss.&nbsp;<br \/>&nbsp;<br \/>The novella is known for its beautiful illustrations and its timeless themes, which have made it a beloved classic of French literature. &#8220;Le Petit Prince On The Planet&#8221; may refer to an adaptation or retelling of the original story, perhaps with a specific focus on the prince&#8217;s travels to various planets. There have been numerous adaptations of &#8220;Le Petit Prince&#8221; over the years, including films, stage productions, and even a video game, so it is possible that &#8220;Le Petit Prince On The Planet&#8221; refers to one of these adaptations.<\/div>","protected":false},"excerpt":{"rendered":"<p>Merke: Pantasy<br \/>\nKj\u00f8nn: Unisex<br \/>\nAldersgruppe: &gt; 6 \u00e5r gammel<br \/>\nModel Number: 86303<br \/>\nKlassifisering: Montering<br \/>\nPlastblokkform: Selvl\u00e5sende murstein<br \/>\nMateriale: Plast<br \/>\nPlasttype: ABS<br \/>\nMursteinsblokker: 500+<br \/>\nIngen original eske<\/p>","protected":false},"featured_media":43301,"comment_status":"open","ping_status":"closed","template":"","meta":{"_acf_changed":false},"product_cat":[1365,371],"product_tag":[11072,8452,11606,11356,11607],"class_list":["product","first","instock","shipping-taxable","purchasable","product-type-simple"],"acf":[],"_links":{"self":[{"href":"https:\/\/mouldking.store\/nb\/wp-json\/wp\/v2\/product\/43303","targetHints":{"allow":["GET"]}}],"collection":[{"href":"https:\/\/mouldking.store\/nb\/wp-json\/wp\/v2\/product"}],"about":[{"href":"https:\/\/mouldking.store\/nb\/wp-json\/wp\/v2\/types\/product"}],"replies":[{"embeddable":true,"href":"https:\/\/mouldking.store\/nb\/wp-json\/wp\/v2\/comments?post=43303"}],"wp:featuredmedia":[{"embeddable":true,"href":"https:\/\/mouldking.store\/nb\/wp-json\/wp\/v2\/media\/43301"}],"wp:attachment":[{"href":"https:\/\/mouldking.store\/nb\/wp-json\/wp\/v2\/media?parent=43303"}],"wp:term":[{"taxonomy":"product_cat","embeddable":true,"href":"https:\/\/mouldking.store\/nb\/wp-json\/wp\/v2\/product_cat?post=43303"},{"taxonomy":"product_tag","embeddable":true,"href":"https:\/\/mouldking.store\/nb\/wp-json\/wp\/v2\/product_tag?post=43303"}],"curies":[{"name":"wp","href":"https:\/\/api.w.org\/{rel}","templated":true}]}}