{"id":43306,"date":"2023-03-20T11:29:07","date_gmt":"2023-03-20T04:29:07","guid":{"rendered":"https:\/\/mouldking.store\/shop\/pantasy-86304-le-petit-prince-the-journey-with-500-pieces\/"},"modified":"2023-03-20T11:29:07","modified_gmt":"2023-03-20T04:29:07","slug":"pantasy-86304-le-petit-prince-the-journey-with-500-pieces","status":"publish","type":"product","link":"https:\/\/mouldking.store\/nb\/shop\/pantasy-86304-le-petit-prince-the-journey-with-500-pieces\/","title":{"rendered":"Pantasy 86304 Le Petit Prince Reisen med 500 stykker"},"content":{"rendered":"<div>\u2705 PANTASY 86304 Le Petit Prince The Journey<\/p>\n<p>\u2705&quot;Le Petit Prince&quot; (oversatt som &quot;Den lille prinsen&quot; p\u00e5 engelsk) er en novelle skrevet av den franske forfatteren Antoine de Saint-Exup\u00e9ry. Historien f\u00f8lger en ung prins som reiser til forskjellige planeter, inkludert Jorden, og m\u00f8ter forskjellige voksne som har mistet sansen for fantasi og undring. Gjennom sine samtaler med de voksne og sine m\u00f8ter med ulike skapninger, l\u00e6rer prinsen viktige leksjoner om livet, kj\u00e6rligheten og viktigheten av menneskelig tilknytning.<br \/>&nbsp;<br \/>\ud83d\udeab VIKTIG!&nbsp;<br \/>&nbsp;<br \/>Product Name: Le Petit Prince The Journey<br \/>&nbsp;<br \/>Kategori: Skaper&nbsp;<br \/>&nbsp;<br \/>This Kit Contains: PANTASY 86304<br \/>&nbsp;<br \/>500 stk god kvalitet murstein&nbsp;<br \/>&nbsp;<br \/>Size: 9.9 \u00d7 11.1 \u00d7 18.7 cm<br \/>&nbsp;<br \/>Manuelle instruksjoner&nbsp;<br \/>&nbsp;<br \/>\ud83d\udcccProtagonistens natur&nbsp;<br \/>&nbsp;<br \/>Introducing our proud collection named \u201cLe Petit Prince The Journey\u201d you should not miss.&nbsp;<br \/>&nbsp;<br \/>The original story of &#8220;Le Petit Prince&#8221; is a classic work of French literature that has been translated into more than 300 languages and has sold millions of copies worldwide. It is a timeless tale that explores themes such as the importance of imagination, the meaning of love and friendship, and the value of human connections. The story has been adapted into numerous formats over the years, including films, stage productions, and even a musical.<\/div>","protected":false},"excerpt":{"rendered":"<p>Merke: Pantasy<br \/>\nKj\u00f8nn: Unisex<br \/>\nAldersgruppe: &gt; 6 \u00e5r gammel<br \/>\nModel Number: 86304<br \/>\nKlassifisering: Montering<br \/>\nPlastblokkform: Selvl\u00e5sende murstein<br \/>\nMateriale: Plast<br \/>\nPlasttype: ABS<br \/>\nMursteinsblokker: 500+<br \/>\nIngen original eske<\/p>","protected":false},"featured_media":43304,"comment_status":"open","ping_status":"closed","template":"","meta":{"_acf_changed":false},"product_cat":[1365,371],"product_tag":[11072,8452,11608,11606,11607],"class_list":["product","first","instock","shipping-taxable","purchasable","product-type-simple"],"acf":[],"_links":{"self":[{"href":"https:\/\/mouldking.store\/nb\/wp-json\/wp\/v2\/product\/43306","targetHints":{"allow":["GET"]}}],"collection":[{"href":"https:\/\/mouldking.store\/nb\/wp-json\/wp\/v2\/product"}],"about":[{"href":"https:\/\/mouldking.store\/nb\/wp-json\/wp\/v2\/types\/product"}],"replies":[{"embeddable":true,"href":"https:\/\/mouldking.store\/nb\/wp-json\/wp\/v2\/comments?post=43306"}],"wp:featuredmedia":[{"embeddable":true,"href":"https:\/\/mouldking.store\/nb\/wp-json\/wp\/v2\/media\/43304"}],"wp:attachment":[{"href":"https:\/\/mouldking.store\/nb\/wp-json\/wp\/v2\/media?parent=43306"}],"wp:term":[{"taxonomy":"product_cat","embeddable":true,"href":"https:\/\/mouldking.store\/nb\/wp-json\/wp\/v2\/product_cat?post=43306"},{"taxonomy":"product_tag","embeddable":true,"href":"https:\/\/mouldking.store\/nb\/wp-json\/wp\/v2\/product_tag?post=43306"}],"curies":[{"name":"wp","href":"https:\/\/api.w.org\/{rel}","templated":true}]}}