{"id":43309,"date":"2023-03-20T11:33:43","date_gmt":"2023-03-20T04:33:43","guid":{"rendered":"https:\/\/mouldking.store\/shop\/pantasy-86305-le-petit-prince-time-travel-with-500-pieces\/"},"modified":"2023-03-20T11:33:43","modified_gmt":"2023-03-20T04:33:43","slug":"pantasy-86305-le-petit-prince-time-travel-with-500-pieces","status":"publish","type":"product","link":"https:\/\/mouldking.store\/nb\/shop\/pantasy-86305-le-petit-prince-time-travel-with-500-pieces\/","title":{"rendered":"Pantasy 86305 Le Petit Prince Tidsreise med 500 stk"},"content":{"rendered":"<div>\u2705 PANTASY 86305 Le Petit Prince Tidsreise<br \/>&nbsp;<br \/>\u2705&quot;Le Petit Prince&quot; (oversatt som &quot;Den lille prinsen&quot; p\u00e5 engelsk) er en novelle skrevet av den franske forfatteren Antoine de Saint-Exup\u00e9ry. Historien f\u00f8lger en ung prins som reiser til forskjellige planeter, inkludert Jorden, og m\u00f8ter forskjellige voksne som har mistet sansen for fantasi og undring. Gjennom sine samtaler med de voksne og sine m\u00f8ter med ulike skapninger, l\u00e6rer prinsen viktige leksjoner om livet, kj\u00e6rligheten og viktigheten av menneskelig tilknytning.<br \/>&nbsp;<br \/>\ud83d\udeab VIKTIG!&nbsp;<br \/>&nbsp;<br \/>Produktnavn: Le Petit Prince Tidsreise<br \/>&nbsp;<br \/>Kategori: Skaper&nbsp;<br \/>&nbsp;<br \/>Dette settet inneholder: PANTASY 86305&nbsp;<br \/>&nbsp;<br \/>500 stk god kvalitet murstein&nbsp;<br \/>&nbsp;<br \/>St\u00f8rrelse: 9,9 \u00d7 11,1 \u00d7 18,7 cm<br \/>&nbsp;<br \/>Manuelle instruksjoner&nbsp;<br \/>&nbsp;<br \/>\ud83d\udcccProtagonistens natur&nbsp;<br \/>&nbsp;<br \/>Vi introduserer v\u00e5r stolte kolleksjon kalt &quot;Le Petit Prince Time Travel&quot; du ikke b\u00f8r g\u00e5 glipp av.&nbsp;<br \/>&nbsp;<br \/>&quot;Le Petit Prince: The Journey&quot; kan ogs\u00e5 referere til en tilpasning eller gjenfortelling av den originale &quot;Le Petit Prince&quot;-historien av Antoine de Saint-Exup\u00e9ry. Som med \u00abLe Petit Prince On The Planet\u00bb er det mulig at \u00abLe Petit Prince: The Journey\u00bb er en spesifikk tilpasning som fokuserer p\u00e5 prinsens reise og leksjonene han l\u00e6rer underveis.<\/div>","protected":false},"excerpt":{"rendered":"<p>Merke: Pantasy<br \/>\nKj\u00f8nn: Unisex<br \/>\nAldersgruppe: &gt; 6 \u00e5r gammel<br \/>\nModellnummer: 86305<br \/>\nKlassifisering: Montering<br \/>\nPlastblokkform: Selvl\u00e5sende murstein<br \/>\nMateriale: Plast<br \/>\nPlasttype: ABS<br \/>\nMursteinsblokker: 500+<br \/>\nIngen original eske<\/p>","protected":false},"featured_media":43307,"comment_status":"open","ping_status":"closed","template":"","meta":{"_acf_changed":false},"product_cat":[1365,371],"product_tag":[11072,8452,11606,11607,6290,11609],"class_list":["product","first","instock","shipping-taxable","purchasable","product-type-simple"],"acf":[],"_links":{"self":[{"href":"https:\/\/mouldking.store\/nb\/wp-json\/wp\/v2\/product\/43309","targetHints":{"allow":["GET"]}}],"collection":[{"href":"https:\/\/mouldking.store\/nb\/wp-json\/wp\/v2\/product"}],"about":[{"href":"https:\/\/mouldking.store\/nb\/wp-json\/wp\/v2\/types\/product"}],"replies":[{"embeddable":true,"href":"https:\/\/mouldking.store\/nb\/wp-json\/wp\/v2\/comments?post=43309"}],"wp:featuredmedia":[{"embeddable":true,"href":"https:\/\/mouldking.store\/nb\/wp-json\/wp\/v2\/media\/43307"}],"wp:attachment":[{"href":"https:\/\/mouldking.store\/nb\/wp-json\/wp\/v2\/media?parent=43309"}],"wp:term":[{"taxonomy":"product_cat","embeddable":true,"href":"https:\/\/mouldking.store\/nb\/wp-json\/wp\/v2\/product_cat?post=43309"},{"taxonomy":"product_tag","embeddable":true,"href":"https:\/\/mouldking.store\/nb\/wp-json\/wp\/v2\/product_tag?post=43309"}],"curies":[{"name":"wp","href":"https:\/\/api.w.org\/{rel}","templated":true}]}}