{"id":43392,"date":"2023-03-24T10:06:58","date_gmt":"2023-03-24T03:06:58","guid":{"rendered":"https:\/\/mouldking.store\/shop\/jaki-8502-daybreak-space-shuttle-atlantis-with-2000-pieces\/"},"modified":"2023-03-24T10:06:58","modified_gmt":"2023-03-24T03:06:58","slug":"jaki-8502-daybreak-space-shuttle-atlantis-with-2000-pieces","status":"publish","type":"product","link":"https:\/\/mouldking.store\/nb\/shop\/jaki-8502-daybreak-space-shuttle-atlantis-with-2000-pieces\/","title":{"rendered":"JAKI 8502 Daybreak romfergen Atlantis med 2000 stykker"},"content":{"rendered":"<div>\u2705 JAKI 8502 Daybreak Space Shuttle Atlantis<br \/>&nbsp;<br \/>\u2705Under STS-117-oppdraget leverte og installerte Atlantis et nytt truss-segment og solcellepaneler til den internasjonale romstasjonen (ISS). Oppdraget ble kalt &quot;STS-117 Daybreak&quot; for \u00e5 markere begynnelsen p\u00e5 en ny \u00e6ra innen romutforskning og tillegg av nye evner til ISS.<br \/>&nbsp;<br \/>\ud83d\udeab VIKTIG!&nbsp;<br \/>&nbsp;<br \/>Produktnavn: Daybreak Space Shuttle Atlantis<br \/>&nbsp;<br \/>Kategori: Rom<br \/>&nbsp;<br \/>Dette settet inneholder: JAKI 8502<br \/>&nbsp;<br \/>2000 stk god kvalitet murstein&nbsp;<br \/>&nbsp;<br \/>St\u00f8rrelse: 35,9 \u00d7 20,8 \u00d7 19,3 cm<br \/>&nbsp;<br \/>Manuelle instruksjoner&nbsp;<br \/>&nbsp;<br \/>\ud83d\udcccProtagonistens natur&nbsp;<br \/>&nbsp;<br \/>Vi introduserer v\u00e5r stolte kolleksjon kalt &quot;Daybreak Space Shuttle Atlantis&quot; du ikke b\u00f8r g\u00e5 glipp av.&nbsp;<br \/>&nbsp;<br \/>Romfergen Atlantis var en av NASAs fl\u00e5te av romferger og fl\u00f8y 33 oppdrag i l\u00f8pet av karrieren, fra den f\u00f8rste flyvningen i 1985 til den siste flyvningen i 2011. Den ble oppkalt etter det prim\u00e6re forskningsfart\u00f8yet for Woods Hole Oceanographic Institution i Massachusetts.<\/div>","protected":false},"excerpt":{"rendered":"<p>Merke: JAKI<br \/>\nKj\u00f8nn: Unisex<br \/>\nAldersgruppe: &gt; 8 \u00e5r gammel<br \/>\nModellnummer: 8502<br \/>\nKlassifisering: Montering<br \/>\nPlastblokkform: Selvl\u00e5sende murstein<br \/>\nMateriale: Plast<br \/>\nPlasttype: ABS<br \/>\nMursteinsblokker: 2000+<br \/>\nDelene kan endres<br \/>\nIngen original eske<\/p>","protected":false},"featured_media":43386,"comment_status":"open","ping_status":"closed","template":"","meta":{"_acf_changed":false},"product_cat":[1357,6016,364],"product_tag":[11512,11625,9009,9235,2276,389],"class_list":["product","first","instock","shipping-taxable","purchasable","product-type-simple"],"acf":[],"_links":{"self":[{"href":"https:\/\/mouldking.store\/nb\/wp-json\/wp\/v2\/product\/43392","targetHints":{"allow":["GET"]}}],"collection":[{"href":"https:\/\/mouldking.store\/nb\/wp-json\/wp\/v2\/product"}],"about":[{"href":"https:\/\/mouldking.store\/nb\/wp-json\/wp\/v2\/types\/product"}],"replies":[{"embeddable":true,"href":"https:\/\/mouldking.store\/nb\/wp-json\/wp\/v2\/comments?post=43392"}],"wp:featuredmedia":[{"embeddable":true,"href":"https:\/\/mouldking.store\/nb\/wp-json\/wp\/v2\/media\/43386"}],"wp:attachment":[{"href":"https:\/\/mouldking.store\/nb\/wp-json\/wp\/v2\/media?parent=43392"}],"wp:term":[{"taxonomy":"product_cat","embeddable":true,"href":"https:\/\/mouldking.store\/nb\/wp-json\/wp\/v2\/product_cat?post=43392"},{"taxonomy":"product_tag","embeddable":true,"href":"https:\/\/mouldking.store\/nb\/wp-json\/wp\/v2\/product_tag?post=43392"}],"curies":[{"name":"wp","href":"https:\/\/api.w.org\/{rel}","templated":true}]}}