{"id":43430,"date":"2023-03-24T11:19:39","date_gmt":"2023-03-24T04:19:39","guid":{"rendered":"https:\/\/mouldking.store\/shop\/moc-factory-128963-imperial-fortress-pirates-series-with-3287-pieces\/"},"modified":"2025-12-16T22:25:07","modified_gmt":"2025-12-16T15:25:07","slug":"moc-factory-128963-imperial-fortress-pirates-series-with-3287-pieces","status":"publish","type":"product","link":"https:\/\/mouldking.store\/nb\/shop\/moc-factory-128963-imperial-fortress-pirates-series-with-3287-pieces\/","title":{"rendered":"MOC Factory 128963 Imperial Fortress Pirates Series med 3287 stykker"},"content":{"rendered":"<div>\u2705 MOC-128963 Imperial Fortress Pirates Series<\/p>\n<p>\u2705Fortress Pirates er grupper kjent for \u00e5 angripe og plyndre sterkt befestede strukturer, som slott, festninger eller andre typer befestede bygninger eller bosetninger. Disse piratene bruker spesialiserte taktikker, v\u00e5pen eller utstyr for \u00e5 bryte forsvar og f\u00e5 tilgang til verdifulle ressurser, som gull, v\u00e5pen eller andre skatter.<\/p>\n<p>\ud83d\udeab VIKTIG!<\/p>\n<p>Produktnavn: Imperial Fortress Pirates Series<\/p>\n<p>Kategori: Skaper<\/p>\n<p>Dette settet inneholder: C9214Y01<\/p>\n<p>3287 stk Klosser av god kvalitet<\/p>\n<p>St\u00f8rrelse: 60 x 51 x 51 cm<\/p>\n<p>Vekt: 2,58 kg<\/p>\n<p>PDF-instruksjoner<\/p>\n<p>\ud83d\udcccProtagonistens natur<\/p>\n<p>Vi introduserer v\u00e5r stolte kolleksjon kalt &quot;Imperial Fortress Pirates Series&quot; du ikke b\u00f8r g\u00e5 glipp av.<\/p>\n<p>&quot;Imperial Fortress&quot; er en sterkt befestet struktur eller kompleks som eies eller kontrolleres av en keiserlig regjering eller et imperium. Dette kan v\u00e6re et slott, en festning, en milit\u00e6rbase eller en annen type festning som er designet for \u00e5 beskytte mot fiendtlige angrep eller invasjoner.<\/p><\/div>","protected":false},"excerpt":{"rendered":"<p>Merke: MOC Factory<br \/>\nKj\u00f8nn: Unisex<br \/>\nAldersgruppe: &gt; 8 \u00e5r gammel<br \/>\nModellnummer: 128963<br \/>\nKlassifisering: Montering<br \/>\nPlastblokkform: Selvl\u00e5sende murstein<br \/>\nMateriale: Plast<br \/>\nPlasttype: ABS<br \/>\nMursteinsblokker: 3287 +<br \/>\nIngen original eske<\/p>","protected":false},"featured_media":43426,"comment_status":"open","ping_status":"closed","template":"","meta":{"_acf_changed":false},"product_cat":[1365,1395,371,390],"product_tag":[11072,8452,8659,392,2429],"class_list":["product","first","instock","shipping-taxable","purchasable","product-type-simple"],"acf":[],"_links":{"self":[{"href":"https:\/\/mouldking.store\/nb\/wp-json\/wp\/v2\/product\/43430","targetHints":{"allow":["GET"]}}],"collection":[{"href":"https:\/\/mouldking.store\/nb\/wp-json\/wp\/v2\/product"}],"about":[{"href":"https:\/\/mouldking.store\/nb\/wp-json\/wp\/v2\/types\/product"}],"replies":[{"embeddable":true,"href":"https:\/\/mouldking.store\/nb\/wp-json\/wp\/v2\/comments?post=43430"}],"wp:featuredmedia":[{"embeddable":true,"href":"https:\/\/mouldking.store\/nb\/wp-json\/wp\/v2\/media\/43426"}],"wp:attachment":[{"href":"https:\/\/mouldking.store\/nb\/wp-json\/wp\/v2\/media?parent=43430"}],"wp:term":[{"taxonomy":"product_cat","embeddable":true,"href":"https:\/\/mouldking.store\/nb\/wp-json\/wp\/v2\/product_cat?post=43430"},{"taxonomy":"product_tag","embeddable":true,"href":"https:\/\/mouldking.store\/nb\/wp-json\/wp\/v2\/product_tag?post=43430"}],"curies":[{"name":"wp","href":"https:\/\/api.w.org\/{rel}","templated":true}]}}