{"id":43450,"date":"2023-03-24T11:57:36","date_gmt":"2023-03-24T04:57:36","guid":{"rendered":"https:\/\/mouldking.store\/shop\/moc-factory-90066-42066-c-model-battleship-with-916-pieces\/"},"modified":"2025-12-16T22:25:07","modified_gmt":"2025-12-16T15:25:07","slug":"moc-factory-90066-42066-c-model-battleship-with-916-pieces","status":"publish","type":"product","link":"https:\/\/mouldking.store\/nb\/shop\/moc-factory-90066-42066-c-model-battleship-with-916-pieces\/","title":{"rendered":"MOC Factory 90066 42066 C-modell BATTLESHIP med 916 stykker"},"content":{"rendered":"<div>\u2705 MOC-90066 42066 C-modell BATTLESHIP<\/p>\n<p>\u270542066 er et brickTechnic-sett som ble utgitt i 2017. Settet inneholder deler og instruksjoner for \u00e5 bygge et fjernstyrt (RC) beltekj\u00f8ret\u00f8y, som er hovedmodellen av settet. Settet inneholder imidlertid ogs\u00e5 instruksjoner og tilleggsdeler for \u00e5 bygge en C-modell, som er en alternativ modell som kan bygges med samme sett med deler.<\/p>\n<p>\ud83d\udeab VIKTIG!<\/p>\n<p>Produktnavn: 42066 C-modell BATTLESHIP<\/p>\n<p>Kategori: Teknikk<\/p>\n<p>Dette settet inneholder: MOC-90066&nbsp;<\/p>\n<p>916 stk god kvalitet murstein<\/p>\n<p>PDF-instruksjoner<\/p>\n<p>\ud83d\udcccProtagonistens natur<\/p>\n<p>Vi introduserer v\u00e5r stolte kolleksjon kalt &quot;42066 C-model BATTLESHIP&quot; du ikke b\u00f8r g\u00e5 glipp av.<\/p>\n<p>C-modellen av 42066 er et slagskip, som er en type marinekrigsskip med et tungt pansret skrog og kanoner med stor kaliber. Slagskipet C-modellen er designet for \u00e5 bygges med samme sett med deler som RC beltekj\u00f8ret\u00f8yet, og krever noe demontering og rekonfigurering av delene fra hovedmodellen. Slagskipet C-modellen er ikke en offisiell mursteinsdesign, men snarere en fan-laget kreasjon som kan bygges ved hjelp av delene fra 42066-settet.<\/p><\/div>","protected":false},"excerpt":{"rendered":"<p>Merke: MOC Factory<br \/>\nKj\u00f8nn: Unisex<br \/>\nAldersgruppe: &gt; 6 \u00e5r gammel<br \/>\nModellnummer: 90066<br \/>\nKlassifisering: Montering<br \/>\nPlastblokkform: Selvl\u00e5sende murstein<br \/>\nMateriale: Plast<br \/>\nPlasttype: ABS<br \/>\nMursteinsblokker: 916+<br \/>\nArrangementstid: 4-8 uker<\/p>","protected":false},"featured_media":43448,"comment_status":"open","ping_status":"closed","template":"","meta":{"_acf_changed":false},"product_cat":[1357,364],"product_tag":[5703,389,11080],"class_list":["product","first","instock","shipping-taxable","purchasable","product-type-simple"],"acf":[],"_links":{"self":[{"href":"https:\/\/mouldking.store\/nb\/wp-json\/wp\/v2\/product\/43450","targetHints":{"allow":["GET"]}}],"collection":[{"href":"https:\/\/mouldking.store\/nb\/wp-json\/wp\/v2\/product"}],"about":[{"href":"https:\/\/mouldking.store\/nb\/wp-json\/wp\/v2\/types\/product"}],"replies":[{"embeddable":true,"href":"https:\/\/mouldking.store\/nb\/wp-json\/wp\/v2\/comments?post=43450"}],"wp:featuredmedia":[{"embeddable":true,"href":"https:\/\/mouldking.store\/nb\/wp-json\/wp\/v2\/media\/43448"}],"wp:attachment":[{"href":"https:\/\/mouldking.store\/nb\/wp-json\/wp\/v2\/media?parent=43450"}],"wp:term":[{"taxonomy":"product_cat","embeddable":true,"href":"https:\/\/mouldking.store\/nb\/wp-json\/wp\/v2\/product_cat?post=43450"},{"taxonomy":"product_tag","embeddable":true,"href":"https:\/\/mouldking.store\/nb\/wp-json\/wp\/v2\/product_tag?post=43450"}],"curies":[{"name":"wp","href":"https:\/\/api.w.org\/{rel}","templated":true}]}}