{"id":43463,"date":"2023-03-24T12:29:18","date_gmt":"2023-03-24T05:29:18","guid":{"rendered":"https:\/\/mouldking.store\/shop\/moc-factory-36027-libra-cafe-with-2287-pieces\/"},"modified":"2025-12-16T22:25:06","modified_gmt":"2025-12-16T15:25:06","slug":"moc-factory-36027-libra-cafe-with-2287-pieces","status":"publish","type":"product","link":"https:\/\/mouldking.store\/nb\/shop\/moc-factory-36027-libra-cafe-with-2287-pieces\/","title":{"rendered":"MOC Factory 36027 Libra Caf\u00e9 med 2287 stk"},"content":{"rendered":"<div>\u2705 MOC-36027 Libra Caf\u00e9<\/p>\n<p>\u270510270 er et modulbyggesett fra Creator Expert i murstein som ble utgitt i 2020. Det lar byggherrer konstruere en detaljert tre-etasjers bokhandel og rekkehusbygning som kan kombineres med andre modulbygg i serien for \u00e5 skape et st\u00f8rre gatebilde.<\/p>\n<p>\ud83d\udeab VIKTIG!<\/p>\n<p>Produktnavn: Libra Caf\u00e9<\/p>\n<p>Kategori: Modulbygg<\/p>\n<p>Dette settet inneholder: MOC-36027<\/p>\n<p>2287 stk Klosser av god kvalitet<\/p>\n<p>PDF-instruksjoner<\/p>\n<p>\ud83d\udcccProtagonistens natur<\/p>\n<p>Vi introduserer v\u00e5r stolte kolleksjon kalt &quot;Libra Caf\u00e9&quot; du ikke b\u00f8r g\u00e5 glipp av.<\/p>\n<p>Libra Caf\u00e9 (10270 Bookshop Alternate Model Modular) er en alternativ modell for dette settet. Disse alternative modellene kan variere fra helt nye bygninger til kj\u00f8ret\u00f8y eller andre strukturer som bruker delene p\u00e5 unike m\u00e5ter.<\/p><\/div>","protected":false},"excerpt":{"rendered":"<p>Merke: MOC Factory<br \/>\nKj\u00f8nn: Unisex<br \/>\nAldersgruppe: &gt; 6 \u00e5r gammel<br \/>\nModellnummer: 36027<br \/>\nKlassifisering: Montering<br \/>\nPlastblokkform: Selvl\u00e5sende murstein<br \/>\nMateriale: Plast<br \/>\nPlasttype: ABS<br \/>\nMursteinsblokker: 2287 +<br \/>\nArrangementstid: 4-8 uker<\/p>","protected":false},"featured_media":43459,"comment_status":"open","ping_status":"closed","template":"","meta":{"_acf_changed":false},"product_cat":[1395,390],"product_tag":[727,11634,4883,11633,392],"class_list":["product","first","instock","shipping-taxable","purchasable","product-type-simple"],"acf":[],"_links":{"self":[{"href":"https:\/\/mouldking.store\/nb\/wp-json\/wp\/v2\/product\/43463","targetHints":{"allow":["GET"]}}],"collection":[{"href":"https:\/\/mouldking.store\/nb\/wp-json\/wp\/v2\/product"}],"about":[{"href":"https:\/\/mouldking.store\/nb\/wp-json\/wp\/v2\/types\/product"}],"replies":[{"embeddable":true,"href":"https:\/\/mouldking.store\/nb\/wp-json\/wp\/v2\/comments?post=43463"}],"wp:featuredmedia":[{"embeddable":true,"href":"https:\/\/mouldking.store\/nb\/wp-json\/wp\/v2\/media\/43459"}],"wp:attachment":[{"href":"https:\/\/mouldking.store\/nb\/wp-json\/wp\/v2\/media?parent=43463"}],"wp:term":[{"taxonomy":"product_cat","embeddable":true,"href":"https:\/\/mouldking.store\/nb\/wp-json\/wp\/v2\/product_cat?post=43463"},{"taxonomy":"product_tag","embeddable":true,"href":"https:\/\/mouldking.store\/nb\/wp-json\/wp\/v2\/product_tag?post=43463"}],"curies":[{"name":"wp","href":"https:\/\/api.w.org\/{rel}","templated":true}]}}