{"id":43467,"date":"2023-03-24T12:37:22","date_gmt":"2023-03-24T05:37:22","guid":{"rendered":"https:\/\/mouldking.store\/shop\/moc-factory-14123-the-lounge-10253-big-ben-alternate-model-modular-with-3802-pieces\/"},"modified":"2025-12-16T22:25:06","modified_gmt":"2025-12-16T15:25:06","slug":"moc-factory-14123-the-lounge-10253-big-ben-alternate-model-modular-with-3802-pieces","status":"publish","type":"product","link":"https:\/\/mouldking.store\/nb\/shop\/moc-factory-14123-the-lounge-10253-big-ben-alternate-model-modular-with-3802-pieces\/","title":{"rendered":"MOC Factory 14123 The Lounge (10253 Big Ben Alternate Model Modular) med 3802 deler"},"content":{"rendered":"<div>\u2705 MOC-14123 The Lounge (10253 Big Ben Alternate Model Modular)<\/p>\n<p>\u2705The Lounge er en privat klubb eller lounge som henvender seg til velst\u00e5ende eller innflytelsesrike individer. Disse typer salonger tilbyr ofte fasiliteter som komfortable sitteplasser, god mat og drikke og annen luksus som vanligvis ikke er tilgjengelig i offentlige rom. De kan ogs\u00e5 tilby nettverksmuligheter og en sjanse for medlemmer til \u00e5 sosialisere med andre i deres sosiale eller profesjonelle kretser.<\/p>\n<p>\ud83d\udeab VIKTIG!<\/p>\n<p>Produktnavn: The Lounge (10253 Big Ben Alternate Model Modular)<\/p>\n<p>Kategori: Modulbygg<\/p>\n<p>Dette settet inneholder: MOC-14123<\/p>\n<p>3802 stk Klosser av god kvalitet<\/p>\n<p>PDF-instruksjoner<\/p>\n<p>\ud83d\udcccProtagonistens natur<\/p>\n<p>Vi introduserer v\u00e5r stolte kolleksjon kalt &quot;The Lounge (10253 Big Ben Alternate Model Modular)&quot; du ikke b\u00f8r g\u00e5 glipp av.<\/p>\n<p>The Lounge er et sted hvor overklassen kommer for \u00e5 slappe av etter en hard dag. Med en fantastisk utsikt over havet og en uts\u00f8kt aura av eksklusivitet, vil denne avanserte modul\u00e6re v\u00e6re et h\u00f8ydepunkt i enhver by. Det gir en flott m\u00e5te \u00e5 avslutte en rad med hus uten \u00e5 ty til de kjedelige veiskiltene.<\/p><\/div>","protected":false},"excerpt":{"rendered":"<p>Merke: MOC Factory<br \/>\nKj\u00f8nn: Unisex<br \/>\nAldersgruppe: &gt; 6 \u00e5r gammel<br \/>\nModellnummer: 14123<br \/>\nKlassifisering: Montering<br \/>\nPlastblokkform: Selvl\u00e5sende murstein<br \/>\nMateriale: Plast<br \/>\nPlasttype: ABS<br \/>\nMursteinsblokker: 3802 +<br \/>\nArrangementstid: 4-8 uker<\/p>","protected":false},"featured_media":43464,"comment_status":"open","ping_status":"closed","template":"","meta":{"_acf_changed":false},"product_cat":[1395,390],"product_tag":[11635,4883,392],"class_list":["product","first","instock","shipping-taxable","purchasable","product-type-simple"],"acf":[],"_links":{"self":[{"href":"https:\/\/mouldking.store\/nb\/wp-json\/wp\/v2\/product\/43467","targetHints":{"allow":["GET"]}}],"collection":[{"href":"https:\/\/mouldking.store\/nb\/wp-json\/wp\/v2\/product"}],"about":[{"href":"https:\/\/mouldking.store\/nb\/wp-json\/wp\/v2\/types\/product"}],"replies":[{"embeddable":true,"href":"https:\/\/mouldking.store\/nb\/wp-json\/wp\/v2\/comments?post=43467"}],"wp:featuredmedia":[{"embeddable":true,"href":"https:\/\/mouldking.store\/nb\/wp-json\/wp\/v2\/media\/43464"}],"wp:attachment":[{"href":"https:\/\/mouldking.store\/nb\/wp-json\/wp\/v2\/media?parent=43467"}],"wp:term":[{"taxonomy":"product_cat","embeddable":true,"href":"https:\/\/mouldking.store\/nb\/wp-json\/wp\/v2\/product_cat?post=43467"},{"taxonomy":"product_tag","embeddable":true,"href":"https:\/\/mouldking.store\/nb\/wp-json\/wp\/v2\/product_tag?post=43467"}],"curies":[{"name":"wp","href":"https:\/\/api.w.org\/{rel}","templated":true}]}}