{"id":43519,"date":"2023-03-27T16:18:59","date_gmt":"2023-03-27T09:18:59","guid":{"rendered":"https:\/\/mouldking.store\/shop\/dk-80009-boeing-787-airplane-with-1353-pieces\/"},"modified":"2023-03-27T16:18:59","modified_gmt":"2023-03-27T09:18:59","slug":"dk-80009-boeing-787-airplane-with-1353-pieces","status":"publish","type":"product","link":"https:\/\/mouldking.store\/nb\/shop\/dk-80009-boeing-787-airplane-with-1353-pieces\/","title":{"rendered":"DK 80009 Boeing 787-fly med 1353 stk"},"content":{"rendered":"<div>\u2705 DK 80009 Boeing 787-fly<br \/>&nbsp;<br \/>\u2705Boeing 787, ogs\u00e5 kjent som Dreamliner, er et kommersielt passasjerfly utviklet av den amerikanske flyprodusenten Boeing. Det er et langdistanse, tomotors fly med bred kropp designet for \u00e5 frakte mellom 200 og 330 passasjerer, avhengig av variant og setekonfigurasjon.<br \/>&nbsp;<br \/>\ud83d\udeab VIKTIG!&nbsp;<br \/>&nbsp;<br \/>Produktnavn: Boeing 787-fly<br \/>&nbsp;<br \/>Kategori: Teknikk<br \/>&nbsp;<br \/>Dette settet inneholder: DK 80009<br \/>&nbsp;<br \/>1353 stk Klosser av god kvalitet&nbsp;<br \/>&nbsp;<br \/>St\u00f8rrelse: 67 \u00d7 66 \u00d7 29 cm<br \/>&nbsp;<br \/>Manuelle instruksjoner&nbsp;<br \/>&nbsp;<br \/>\ud83d\udcccProtagonistens natur&nbsp;<br \/>&nbsp;<br \/>Vi introduserer v\u00e5r stolte kolleksjon kalt &quot;Boeing 787 Airplane&quot; du ikke b\u00f8r g\u00e5 glipp av.&nbsp;<br \/>&nbsp;<br \/>787 er kjent for sine avanserte funksjoner og teknologier, inkludert den omfattende bruken av lette komposittmaterialer i konstruksjonen, noe som bidrar til \u00e5 redusere vekten og drivstofforbruket. Den har ogs\u00e5 store, elektronisk dimbare vinduer, avansert aerodynamikk og et toppmoderne flydekk med avansert avionikk og fly-by-wire-kontroller.<\/div>","protected":false},"excerpt":{"rendered":"<p>Merke: DK<br \/>\nKj\u00f8nn: Unisex<br \/>\nAldersgruppe: &gt; 6 \u00e5r gammel<br \/>\nModellnummer: 80009<br \/>\nKlassifisering: Montering<br \/>\nPlastblokkform: Selvl\u00e5sende murstein<br \/>\nMateriale: Plast<br \/>\nPlasttype: ABS<br \/>\nMursteinsblokker: 1353 +<br \/>\nIngen original eske<\/p>","protected":false},"featured_media":43514,"comment_status":"open","ping_status":"closed","template":"","meta":{"_acf_changed":false},"product_cat":[1357,364],"product_tag":[11092,3191,389,11080],"class_list":["product","first","instock","shipping-taxable","purchasable","product-type-simple"],"acf":[],"_links":{"self":[{"href":"https:\/\/mouldking.store\/nb\/wp-json\/wp\/v2\/product\/43519","targetHints":{"allow":["GET"]}}],"collection":[{"href":"https:\/\/mouldking.store\/nb\/wp-json\/wp\/v2\/product"}],"about":[{"href":"https:\/\/mouldking.store\/nb\/wp-json\/wp\/v2\/types\/product"}],"replies":[{"embeddable":true,"href":"https:\/\/mouldking.store\/nb\/wp-json\/wp\/v2\/comments?post=43519"}],"wp:featuredmedia":[{"embeddable":true,"href":"https:\/\/mouldking.store\/nb\/wp-json\/wp\/v2\/media\/43514"}],"wp:attachment":[{"href":"https:\/\/mouldking.store\/nb\/wp-json\/wp\/v2\/media?parent=43519"}],"wp:term":[{"taxonomy":"product_cat","embeddable":true,"href":"https:\/\/mouldking.store\/nb\/wp-json\/wp\/v2\/product_cat?post=43519"},{"taxonomy":"product_tag","embeddable":true,"href":"https:\/\/mouldking.store\/nb\/wp-json\/wp\/v2\/product_tag?post=43519"}],"curies":[{"name":"wp","href":"https:\/\/api.w.org\/{rel}","templated":true}]}}