{"id":43558,"date":"2023-03-27T17:16:55","date_gmt":"2023-03-27T10:16:55","guid":{"rendered":"https:\/\/mouldking.store\/shop\/decool-jisi-16809-coffee-machine-with-678-pieces\/"},"modified":"2023-03-27T17:16:55","modified_gmt":"2023-03-27T10:16:55","slug":"decool-jisi-16809-coffee-machine-with-678-pieces","status":"publish","type":"product","link":"https:\/\/mouldking.store\/nb\/shop\/decool-jisi-16809-coffee-machine-with-678-pieces\/","title":{"rendered":"DECOOL \/ JiSi 16809 Kaffemaskin med 678 stk"},"content":{"rendered":"<div>\u2705 DECOOL 16809 kaffemaskin<br \/>&nbsp;<br \/>\u2705En kaffemaskin er en enhet som er designet for \u00e5 brygge kaffe automatisk, med minimal manuell innsats. Det finnes mange forskjellige typer kaffemaskiner tilgjengelig, hver med sine egne unike egenskaper og bryggemetoder.<br \/>&nbsp;<br \/>\ud83d\udeab VIKTIG!&nbsp;<br \/>&nbsp;<br \/>Produktnavn: Kaffemaskin<br \/>&nbsp;<br \/>Kategori: Skaper&nbsp;<br \/>&nbsp;<br \/>Dette settet inneholder: DECOOL 16809&nbsp;<br \/>&nbsp;<br \/>678 stk Klosser av god kvalitet&nbsp;<br \/>&nbsp;<br \/>St\u00f8rrelse: 11 \u00d7 16 \u00d7 19 cm<br \/>&nbsp;<br \/>Manuelle instruksjoner&nbsp;<br \/>&nbsp;<br \/>\ud83d\udcccProtagonistens natur&nbsp;<br \/>&nbsp;<br \/>Vi introduserer v\u00e5r stolte kolleksjon kalt &quot;Kaffemaskin&quot; du ikke b\u00f8r g\u00e5 glipp av.&nbsp;<br \/>&nbsp;<br \/>Funksjonen til en kaffemaskin avhenger av typen maskin. Generelt fungerer kaffemaskiner ved \u00e5 bruke varmt vann og kaffegrut for \u00e5 trekke ut smaken og aromaen til kaffen. Den spesifikke mekanikken til maskinen vil avhenge av dens design og type.<\/div>","protected":false},"excerpt":{"rendered":"<p>Merke: DECOOL \/ JiSi<br \/>\nKj\u00f8nn: Unisex<br \/>\nAldersgruppe: &gt; 8 \u00e5r gammel<br \/>\nModellnummer: 16809<br \/>\nKlassifisering: Montering<br \/>\nPlastblokkform: Selvl\u00e5sende murstein<br \/>\nMateriale: Plast<br \/>\nPlasttype: ABS<br \/>\nMursteinsblokker: 678 +<br \/>\nIngen original eske<\/p>","protected":false},"featured_media":43553,"comment_status":"open","ping_status":"closed","template":"","meta":{"_acf_changed":false},"product_cat":[1365,371],"product_tag":[5228,7821,11072,8452],"class_list":["product","first","instock","shipping-taxable","purchasable","product-type-simple"],"acf":[],"_links":{"self":[{"href":"https:\/\/mouldking.store\/nb\/wp-json\/wp\/v2\/product\/43558","targetHints":{"allow":["GET"]}}],"collection":[{"href":"https:\/\/mouldking.store\/nb\/wp-json\/wp\/v2\/product"}],"about":[{"href":"https:\/\/mouldking.store\/nb\/wp-json\/wp\/v2\/types\/product"}],"replies":[{"embeddable":true,"href":"https:\/\/mouldking.store\/nb\/wp-json\/wp\/v2\/comments?post=43558"}],"wp:featuredmedia":[{"embeddable":true,"href":"https:\/\/mouldking.store\/nb\/wp-json\/wp\/v2\/media\/43553"}],"wp:attachment":[{"href":"https:\/\/mouldking.store\/nb\/wp-json\/wp\/v2\/media?parent=43558"}],"wp:term":[{"taxonomy":"product_cat","embeddable":true,"href":"https:\/\/mouldking.store\/nb\/wp-json\/wp\/v2\/product_cat?post=43558"},{"taxonomy":"product_tag","embeddable":true,"href":"https:\/\/mouldking.store\/nb\/wp-json\/wp\/v2\/product_tag?post=43558"}],"curies":[{"name":"wp","href":"https:\/\/api.w.org\/{rel}","templated":true}]}}