{"id":43576,"date":"2023-03-27T17:55:22","date_gmt":"2023-03-27T10:55:22","guid":{"rendered":"https:\/\/mouldking.store\/shop\/moc-factory-105368-the-lost-temple-with-2915-pieces\/"},"modified":"2025-12-16T22:25:05","modified_gmt":"2025-12-16T15:25:05","slug":"moc-factory-105368-the-lost-temple-with-2915-pieces","status":"publish","type":"product","link":"https:\/\/mouldking.store\/nb\/shop\/moc-factory-105368-the-lost-temple-with-2915-pieces\/","title":{"rendered":"MOC Factory 105368 The Lost Temple med 2915 stykker"},"content":{"rendered":"<div>\u2705 MOC-105368 The Lost Temple<\/p>\n<p>\u2705 Med et tempel i aztekisk stil med mange funksjoner innvendig og utvendig. Komplett med mekaniserte feller og kollapsende piggtak i en fantastisk jungel\u00f8y.<\/p>\n<p>\ud83d\udeab VIKTIG!<\/p>\n<p>Produktnavn: The Lost Temple<\/p>\n<p>Kategori: Skaper<\/p>\n<p>Dette settet inneholder: MOC-105368<\/p>\n<p>2915 stk Klosser av god kvalitet<\/p>\n<p>PDF-instruksjoner<\/p>\n<p>\ud83d\udcccProtagonistens natur<\/p>\n<p>Vi introduserer v\u00e5r stolte samling kalt &quot;The Lost Temple&quot; du ikke b\u00f8r g\u00e5 glipp av.<\/p>\n<p>Som alltid, \u00f8nsker \u00e5 gi deg design med en god blanding av teknikalitet, spillbarhet og visuelle egenskaper. Denne modellen ble laget med klosser som er enkle \u00e5 skaffe for \u00e5 holde kostnadene lave, og byggeinstruksjonene av h\u00f8y kvalitet ble brukt til \u00e5 bygge den virkelige modellen<\/p><\/div>","protected":false},"excerpt":{"rendered":"<p>Merke: MOC Factory<br \/>\nKj\u00f8nn: Unisex<br \/>\nAldersgruppe: &gt; 6 \u00e5r gammel<br \/>\nModellnummer: 105368<br \/>\nKlassifisering: Montering<br \/>\nPlastblokkform: Selvl\u00e5sende murstein<br \/>\nMateriale: Plast<br \/>\nPlasttype: ABS<br \/>\nMursteinsblokker: 2915+<br \/>\nArrangementstid: 4-8 uker<\/p>","protected":false},"featured_media":43570,"comment_status":"open","ping_status":"closed","template":"","meta":{"_acf_changed":false},"product_cat":[1365,1395,371,390],"product_tag":[11072,8452,11099,392,11001],"class_list":["product","first","instock","shipping-taxable","purchasable","product-type-simple"],"acf":[],"_links":{"self":[{"href":"https:\/\/mouldking.store\/nb\/wp-json\/wp\/v2\/product\/43576","targetHints":{"allow":["GET"]}}],"collection":[{"href":"https:\/\/mouldking.store\/nb\/wp-json\/wp\/v2\/product"}],"about":[{"href":"https:\/\/mouldking.store\/nb\/wp-json\/wp\/v2\/types\/product"}],"replies":[{"embeddable":true,"href":"https:\/\/mouldking.store\/nb\/wp-json\/wp\/v2\/comments?post=43576"}],"wp:featuredmedia":[{"embeddable":true,"href":"https:\/\/mouldking.store\/nb\/wp-json\/wp\/v2\/media\/43570"}],"wp:attachment":[{"href":"https:\/\/mouldking.store\/nb\/wp-json\/wp\/v2\/media?parent=43576"}],"wp:term":[{"taxonomy":"product_cat","embeddable":true,"href":"https:\/\/mouldking.store\/nb\/wp-json\/wp\/v2\/product_cat?post=43576"},{"taxonomy":"product_tag","embeddable":true,"href":"https:\/\/mouldking.store\/nb\/wp-json\/wp\/v2\/product_tag?post=43576"}],"curies":[{"name":"wp","href":"https:\/\/api.w.org\/{rel}","templated":true}]}}