{"id":43585,"date":"2023-03-27T18:37:08","date_gmt":"2023-03-27T11:37:08","guid":{"rendered":"https:\/\/mouldking.store\/shop\/moc-factory-89428-alexander-the-roaming-with-9860-pieces\/"},"modified":"2025-12-16T22:25:05","modified_gmt":"2025-12-16T15:25:05","slug":"moc-factory-89428-alexander-the-roaming-with-9860-pieces","status":"publish","type":"product","link":"https:\/\/mouldking.store\/nb\/shop\/moc-factory-89428-alexander-the-roaming-with-9860-pieces\/","title":{"rendered":"MOC Factory 89428 Alexander The Roaming med 9860 stykker"},"content":{"rendered":"<div>\u2705 MOC-89428 Alexander The Roaming<\/p>\n<p>\u2705V\u00e6r oppmerksom p\u00e5 alle Final Fantasy-fans! Med Final Fantasy VII-nyinnspillingen i horisonten, kommer denne MOC-en til akkurat rett tid.&nbsp;<\/p>\n<p>\ud83d\udeab VIKTIG!<\/p>\n<p>Produktnavn: Alexander The Roaming<\/p>\n<p>Kategori: Skaper<\/p>\n<p>Dette settet inneholder: MOC-89428<\/p>\n<p>9860 stk Klosser av god kvalitet<\/p>\n<p>PDF-instruksjoner<\/p>\n<p>\ud83d\udcccProtagonistens natur<\/p>\n<p>Vi introduserer v\u00e5r stolte kolleksjon kalt &quot;Alexander The Roaming&quot; som du ikke b\u00f8r g\u00e5 glipp av.<\/p>\n<p>Hele bygget best\u00e5r av mindre bygg i mikroskala, brosteinsbelagte sammen for \u00e5 danne en enorm titan-mek-lignende struktur. EELectroknight har laget en solid intern struktur av tekniske bjelker og pinner for \u00e5 opprettholde stabiliteten til modellen.<\/p><\/div>","protected":false},"excerpt":{"rendered":"<p>Merke: MOC Factory<br \/>\nKj\u00f8nn: Unisex<br \/>\nAldersgruppe: &gt; 6 \u00e5r gammel<br \/>\nModellnummer: 89428<br \/>\nKlassifisering: Montering<br \/>\nPlastblokkform: Selvl\u00e5sende murstein<br \/>\nMateriale: Plast<br \/>\nPlasttype: ABS<br \/>\nMursteinsblokker: 9860 +<br \/>\nArrangementstid: 4-8 uker<\/p>","protected":false},"featured_media":43579,"comment_status":"open","ping_status":"closed","template":"","meta":{"_acf_changed":false},"product_cat":[1365,371],"product_tag":[11639,11072,8452,8220],"class_list":["product","first","instock","shipping-taxable","purchasable","product-type-simple"],"acf":[],"_links":{"self":[{"href":"https:\/\/mouldking.store\/nb\/wp-json\/wp\/v2\/product\/43585","targetHints":{"allow":["GET"]}}],"collection":[{"href":"https:\/\/mouldking.store\/nb\/wp-json\/wp\/v2\/product"}],"about":[{"href":"https:\/\/mouldking.store\/nb\/wp-json\/wp\/v2\/types\/product"}],"replies":[{"embeddable":true,"href":"https:\/\/mouldking.store\/nb\/wp-json\/wp\/v2\/comments?post=43585"}],"wp:featuredmedia":[{"embeddable":true,"href":"https:\/\/mouldking.store\/nb\/wp-json\/wp\/v2\/media\/43579"}],"wp:attachment":[{"href":"https:\/\/mouldking.store\/nb\/wp-json\/wp\/v2\/media?parent=43585"}],"wp:term":[{"taxonomy":"product_cat","embeddable":true,"href":"https:\/\/mouldking.store\/nb\/wp-json\/wp\/v2\/product_cat?post=43585"},{"taxonomy":"product_tag","embeddable":true,"href":"https:\/\/mouldking.store\/nb\/wp-json\/wp\/v2\/product_tag?post=43585"}],"curies":[{"name":"wp","href":"https:\/\/api.w.org\/{rel}","templated":true}]}}