{"id":43928,"date":"2023-04-04T13:31:23","date_gmt":"2023-04-04T06:31:23","guid":{"rendered":"https:\/\/mouldking.store\/shop\/moc-factory-89426-the-backrooms-bacteria-entity-with-139-pieces\/"},"modified":"2025-12-16T22:25:05","modified_gmt":"2025-12-16T15:25:05","slug":"moc-factory-89426-the-backrooms-bacteria-entity-with-139-pieces","status":"publish","type":"product","link":"https:\/\/mouldking.store\/nb\/shop\/moc-factory-89426-the-backrooms-bacteria-entity-with-139-pieces\/","title":{"rendered":"MOC Factory 89426 The Backrooms Bacteria Entity med 139 stykker"},"content":{"rendered":"<div>\u2705 MOC-89426 The Backrooms Bacteria Entity<\/p>\n<p>\u2705Dette tilpassede byggeklosssettet inneholder 139 klosser og har dimensjoner p\u00e5 10,3 x 6,5 x 20,7 cm. Settet er laget av ABS-plast, som er et vanlig materiale som brukes i produksjon av byggeklosser.<\/p>\n<p>\ud83d\udeab VIKTIG!<\/p>\n<p>Produktnavn: The Backrooms Bacteria Entity<\/p>\n<p>Kategori: Skaper<\/p>\n<p>Dette settet inneholder: C9399<\/p>\n<p>139 stk Klosser av god kvalitet<\/p>\n<p>St\u00f8rrelse: 10,3 x 6,5 x 20,7 cm<\/p>\n<p>Vekt: 0,06 kg<\/p>\n<p>PDF-instruksjoner<\/p>\n<p>\ud83d\udcccProtagonistens natur<\/p>\n<p>Vi introduserer v\u00e5r stolte kolleksjon kalt &quot;The Backrooms Bacteria Entity&quot; du ikke b\u00f8r g\u00e5 glipp av.<\/p>\n<p>Det er verdt \u00e5 merke seg at vekten p\u00e5 settet er veldig lett, bare 0,06 kg, noe som kan tyde p\u00e5 at det ikke er et veldig stort eller komplekst sett. Bakterieenheter st\u00e5r ganske h\u00f8ye, og kan lett rage over et menneske hvis de st\u00e5r helt oppreist. De har ofte to lange armlignende lemmer som strekker seg ned til bakken, og en slank, vinrankelignende anatomi, beslektet med et virvar av svarte ledninger i en humanoid form. Entitetenes &quot;hode&quot; strekker seg ganske mye fremover som vist i Found Footage, og har sannsynligvis mest masse av noen del av anatomien deres. Det er ukjent om disse skapningene utgj\u00f8r en bevisst enkelt enhet eller flere enheter, men de antydes \u00e5 best\u00e5 av enhetlige kolonier av ekstremt muterte <em>Bacillus subtilis<\/em>.<\/div>","protected":false},"excerpt":{"rendered":"<p>Merke: MOC Factory<br \/>\nKj\u00f8nn: Unisex<br \/>\nAldersgruppe: &gt; 6 \u00e5r gammel<br \/>\nModellnummer: 89426<br \/>\nKlassifisering: Montering<br \/>\nPlastblokkform: Selvl\u00e5sende murstein<br \/>\nMateriale: Plast<br \/>\nPlasttype: ABS<br \/>\nMursteinsblokker: 139 +<br \/>\nIngen original eske<\/p>","protected":false},"featured_media":43920,"comment_status":"open","ping_status":"closed","template":"","meta":{"_acf_changed":false},"product_cat":[1365,371],"product_tag":[11672,11673,11072,8452,11674],"class_list":["product","first","instock","shipping-taxable","purchasable","product-type-simple"],"acf":[],"_links":{"self":[{"href":"https:\/\/mouldking.store\/nb\/wp-json\/wp\/v2\/product\/43928","targetHints":{"allow":["GET"]}}],"collection":[{"href":"https:\/\/mouldking.store\/nb\/wp-json\/wp\/v2\/product"}],"about":[{"href":"https:\/\/mouldking.store\/nb\/wp-json\/wp\/v2\/types\/product"}],"replies":[{"embeddable":true,"href":"https:\/\/mouldking.store\/nb\/wp-json\/wp\/v2\/comments?post=43928"}],"wp:featuredmedia":[{"embeddable":true,"href":"https:\/\/mouldking.store\/nb\/wp-json\/wp\/v2\/media\/43920"}],"wp:attachment":[{"href":"https:\/\/mouldking.store\/nb\/wp-json\/wp\/v2\/media?parent=43928"}],"wp:term":[{"taxonomy":"product_cat","embeddable":true,"href":"https:\/\/mouldking.store\/nb\/wp-json\/wp\/v2\/product_cat?post=43928"},{"taxonomy":"product_tag","embeddable":true,"href":"https:\/\/mouldking.store\/nb\/wp-json\/wp\/v2\/product_tag?post=43928"}],"curies":[{"name":"wp","href":"https:\/\/api.w.org\/{rel}","templated":true}]}}