{"id":43950,"date":"2023-04-04T14:06:06","date_gmt":"2023-04-04T07:06:06","guid":{"rendered":"https:\/\/mouldking.store\/shop\/moc-factory-89423-saint-marks-campanile-with-4184-pieces\/"},"modified":"2025-12-16T22:25:05","modified_gmt":"2025-12-16T15:25:05","slug":"moc-factory-89423-saint-marks-campanile-with-4184-pieces","status":"publish","type":"product","link":"https:\/\/mouldking.store\/nb\/shop\/moc-factory-89423-saint-marks-campanile-with-4184-pieces\/","title":{"rendered":"MOC Factory 89423 Saint Mark&#039;s Campanile med 4184 stykker"},"content":{"rendered":"<div>\u2705MOC-89423 Saint Mark&#039;s Campanile<\/p>\n<p>\u2705Saint Mark&#039;s Campanile (Campanile di San Marco p\u00e5 italiensk) er et klokket\u00e5rn som ligger i Venezia, Italia, ved siden av Basilica di San Marco. T\u00e5rnet er et av de mest gjenkjennelige landemerkene i Venezia og regnes ofte som et symbol p\u00e5 byen.<\/p>\n<p>\ud83d\udeab VIKTIG!<\/p>\n<p>Produktnavn: Saint Mark&#039;s Campanile<\/p>\n<p>Kategori: Modulbygg<\/p>\n<p>Dette settet inneholder: C9121<\/p>\n<p>4184 stk Klosser av god kvalitet<\/p>\n<p>St\u00f8rrelse: 16 x 16 x 88 cm<\/p>\n<p>Vekt: 2,53 kg<\/p>\n<p>PDF-instruksjoner<\/p>\n<p>\ud83d\udcccProtagonistens natur<\/p>\n<p>Vi introduserer v\u00e5r stolte kolleksjon kalt &quot;Saint Mark&#039;s Campanile&quot; du ikke b\u00f8r g\u00e5 glipp av.<\/p>\n<p>Den originale Campanile ble bygget p\u00e5 900-tallet som et vaktt\u00e5rn for byen, men det kollapset i 1902. Det n\u00e5v\u00e6rende t\u00e5rnet er en kopi som ble bygget tidlig p\u00e5 1900-tallet for \u00e5 erstatte originalen. Den er 98,6 meter h\u00f8y og har en karakteristisk form med en firkantet base og en klokkeformet topp. T\u00e5rnet har en lang historie og har tjent en rekke form\u00e5l gjennom \u00e5rene. I tillegg til \u00e5 v\u00e6re et vaktt\u00e5rn og klokket\u00e5rn, har det ogs\u00e5 blitt brukt som et fyrt\u00e5rn, en plattform for vitenskapelige observasjoner, og til og med en skytebane for bueskyttere. I dag kan bes\u00f8kende klatre til toppen av t\u00e5rnet for panoramautsikt over Venezia og den omkringliggende lagunen.<\/p><\/div>","protected":false},"excerpt":{"rendered":"<p>Merke: MOC Factory<br \/>\nKj\u00f8nn: Unisex<br \/>\nAldersgruppe: &gt; 6 \u00e5r gammel<br \/>\nModellnummer: 89423<br \/>\nKlassifisering: Montering<br \/>\nPlastblokkform: Selvl\u00e5sende murstein<br \/>\nMateriale: Plast<br \/>\nPlasttype: ABS<br \/>\nMursteinsblokker: 4184 +<br \/>\nIngen original eske<\/p>","protected":false},"featured_media":43949,"comment_status":"open","ping_status":"closed","template":"","meta":{"_acf_changed":false},"product_cat":[1395,390],"product_tag":[727,11683,4883,392,8000],"class_list":["product","first","instock","shipping-taxable","purchasable","product-type-simple"],"acf":[],"_links":{"self":[{"href":"https:\/\/mouldking.store\/nb\/wp-json\/wp\/v2\/product\/43950","targetHints":{"allow":["GET"]}}],"collection":[{"href":"https:\/\/mouldking.store\/nb\/wp-json\/wp\/v2\/product"}],"about":[{"href":"https:\/\/mouldking.store\/nb\/wp-json\/wp\/v2\/types\/product"}],"replies":[{"embeddable":true,"href":"https:\/\/mouldking.store\/nb\/wp-json\/wp\/v2\/comments?post=43950"}],"wp:featuredmedia":[{"embeddable":true,"href":"https:\/\/mouldking.store\/nb\/wp-json\/wp\/v2\/media\/43949"}],"wp:attachment":[{"href":"https:\/\/mouldking.store\/nb\/wp-json\/wp\/v2\/media?parent=43950"}],"wp:term":[{"taxonomy":"product_cat","embeddable":true,"href":"https:\/\/mouldking.store\/nb\/wp-json\/wp\/v2\/product_cat?post=43950"},{"taxonomy":"product_tag","embeddable":true,"href":"https:\/\/mouldking.store\/nb\/wp-json\/wp\/v2\/product_tag?post=43950"}],"curies":[{"name":"wp","href":"https:\/\/api.w.org\/{rel}","templated":true}]}}