{"id":43977,"date":"2023-04-05T10:04:22","date_gmt":"2023-04-05T03:04:22","guid":{"rendered":"https:\/\/mouldking.store\/shop\/pantasy-86309-the-little-prince-toys-with-1000-pieces\/"},"modified":"2023-04-05T10:04:22","modified_gmt":"2023-04-05T03:04:22","slug":"pantasy-86309-the-little-prince-toys-with-1000-pieces","status":"publish","type":"product","link":"https:\/\/mouldking.store\/nb\/shop\/pantasy-86309-the-little-prince-toys-with-1000-pieces\/","title":{"rendered":"Pantasy 86309 The Little Prince Leker med 1000 stk"},"content":{"rendered":"<div>\u2705 Pantasy 86309 The Little Prince Toys<br \/>&nbsp;<br \/>\u2705\u201dDen lille prinsen\u201d er en novelle skrevet av Antoine de Saint-Exup\u00e9ry og f\u00f8rst utgitt i 1943. Det er et kjent og kj\u00e6rt litteraturverk som er oversatt til en rekke spr\u00e5k og har solgt millioner av eksemplarer over hele verden.<br \/>&nbsp;<br \/>\ud83d\udeab VIKTIG!&nbsp;<br \/>&nbsp;<br \/>Produktnavn: The Little Prince Toys<br \/>&nbsp;<br \/>Kategori: Skaper&nbsp;<br \/>&nbsp;<br \/>Dette settet inneholder: Pantasy 86309<br \/>&nbsp;<br \/>1000 stk god kvalitet murstein&nbsp;<br \/>&nbsp;<br \/>St\u00f8rrelse: 12,6 \u00d7 8 \u00d7 17,8 cm<br \/>&nbsp;<br \/>Manuelle instruksjoner&nbsp;<br \/>&nbsp;<br \/>\ud83d\udcccProtagonistens natur&nbsp;<br \/>&nbsp;<br \/>Vi introduserer v\u00e5r stolte kolleksjon kalt &quot;The Little Prince Toys&quot; du ikke b\u00f8r g\u00e5 glipp av.&nbsp;<br \/>&nbsp;<br \/>Historien f\u00f8lger en ung gutt, referert til som &quot;den lille prinsen&quot;, som reiser fra planet til planet, og m\u00f8ter forskjellige karakterer underveis. Gjennom sine reiser l\u00e6rer den lille prinsen viktige leksjoner om livet, kj\u00e6rligheten og vennskap. Historien blir ofte tolket som en filosofisk allegori, der den lille prinsen representerer uskylden og menneskets \u00e5nd, og hans reise symboliserer s\u00f8ken etter mening og forst\u00e5else i livet. Boken utforsker temaer som betydningen av fantasi, farene ved trangsynthet og konformitet, og skj\u00f8nnheten i enkelhet og menneskelig forbindelse.<\/div>","protected":false},"excerpt":{"rendered":"<p>Merke: Pantasy<br \/>\nKj\u00f8nn: Unisex<br \/>\nAldersgruppe: &gt; 6 \u00e5r gammel<br \/>\nModellnummer: 86309<br \/>\nKlassifisering: Montering<br \/>\nPlastblokkform: Selvl\u00e5sende murstein<br \/>\nMateriale: Plast<br \/>\nPlasttype: ABS<br \/>\nMursteinsblokker: 1000+<br \/>\nIngen original eske<\/p>","protected":false},"featured_media":43972,"comment_status":"open","ping_status":"closed","template":"","meta":{"_acf_changed":false},"product_cat":[1365,371],"product_tag":[11072,8452,11607],"class_list":["product","first","instock","shipping-taxable","purchasable","product-type-simple"],"acf":[],"_links":{"self":[{"href":"https:\/\/mouldking.store\/nb\/wp-json\/wp\/v2\/product\/43977","targetHints":{"allow":["GET"]}}],"collection":[{"href":"https:\/\/mouldking.store\/nb\/wp-json\/wp\/v2\/product"}],"about":[{"href":"https:\/\/mouldking.store\/nb\/wp-json\/wp\/v2\/types\/product"}],"replies":[{"embeddable":true,"href":"https:\/\/mouldking.store\/nb\/wp-json\/wp\/v2\/comments?post=43977"}],"wp:featuredmedia":[{"embeddable":true,"href":"https:\/\/mouldking.store\/nb\/wp-json\/wp\/v2\/media\/43972"}],"wp:attachment":[{"href":"https:\/\/mouldking.store\/nb\/wp-json\/wp\/v2\/media?parent=43977"}],"wp:term":[{"taxonomy":"product_cat","embeddable":true,"href":"https:\/\/mouldking.store\/nb\/wp-json\/wp\/v2\/product_cat?post=43977"},{"taxonomy":"product_tag","embeddable":true,"href":"https:\/\/mouldking.store\/nb\/wp-json\/wp\/v2\/product_tag?post=43977"}],"curies":[{"name":"wp","href":"https:\/\/api.w.org\/{rel}","templated":true}]}}