{"id":43983,"date":"2023-04-05T10:16:01","date_gmt":"2023-04-05T03:16:01","guid":{"rendered":"https:\/\/mouldking.store\/shop\/52toys-bb-42kr-kharon-with-500-pieces\/"},"modified":"2023-04-05T10:16:01","modified_gmt":"2023-04-05T03:16:01","slug":"52toys-bb-42kr-kharon-with-500-pieces","status":"publish","type":"product","link":"https:\/\/mouldking.store\/nb\/shop\/52toys-bb-42kr-kharon-with-500-pieces\/","title":{"rendered":"52LEKER BB-42KR KHARON med 500 stk"},"content":{"rendered":"<div>\u2705 52LEKER BB-42KR KHARON<br \/>&nbsp;<br \/>\u270552TOYS BeastBox BB-42KR KHARON er et samleobjektivt figurleket\u00f8y produsert av leket\u00f8ysprodusenten 52TOYS. Det er en del av selskapets BeastBox-serie med leker, som er kjent for sine transformerbare design og dyreinspirerte motiver.<br \/>&nbsp;<br \/>\ud83d\udeab VIKTIG!&nbsp;<br \/>&nbsp;<br \/>Produktnavn: KHARON<br \/>&nbsp;<br \/>Kategori: Skaper&nbsp;<br \/>&nbsp;<br \/>Dette settet inneholder: 52TOYS BB-42KR&nbsp;<br \/>&nbsp;<br \/>500 stk god kvalitet murstein&nbsp;<br \/>&nbsp;<br \/>St\u00f8rrelse: 14,5 cm<br \/>&nbsp;<br \/>Manuelle instruksjoner&nbsp;<br \/>&nbsp;<br \/>\ud83d\udcccProtagonistens natur&nbsp;<br \/>&nbsp;<br \/>Vi introduserer v\u00e5r stolte kolleksjon kalt &quot;KHARON&quot; du ikke b\u00f8r g\u00e5 glipp av.&nbsp;<\/p>\n<p>BB-42KR KHARON er en sv\u00e6rt detaljert og poserbar figur som kan forvandle seg fra en mekanisk okse til en robot. Den har et elegant, svart og gull fargeskjema og intrikate detaljer, for eksempel en skulpturert hodeskalle p\u00e5 brystplaten. Figuren er laget av materialer av h\u00f8y kvalitet og har mange artikulasjonspunkter, noe som gir mulighet for et bredt spekter av dynamiske positurer. Den kommer ogs\u00e5 med en rekke tilbeh\u00f8r, inkludert et par sverd og et utstillingsstativ.&nbsp;<\/p><\/div>","protected":false},"excerpt":{"rendered":"<p>Merke: 52TOYS<br \/>\nKj\u00f8nn: Unisex<br \/>\nAldersgruppe: &gt; 6 \u00e5r gammel<br \/>\nModellnummer: BB-42KR<br \/>\nKlassifisering: Montering<br \/>\nPlastblokkform: Selvl\u00e5sende murstein<br \/>\nMateriale: Plast<br \/>\nPlasttype: ABS<br \/>\nMursteinsblokker: 500+<br \/>\nDelene kan endres<\/p>","protected":false},"featured_media":43978,"comment_status":"open","ping_status":"closed","template":"","meta":{"_acf_changed":false},"product_cat":[1365,371],"product_tag":[11072,8452,11687,590],"class_list":["product","first","instock","shipping-taxable","purchasable","product-type-simple"],"acf":[],"_links":{"self":[{"href":"https:\/\/mouldking.store\/nb\/wp-json\/wp\/v2\/product\/43983","targetHints":{"allow":["GET"]}}],"collection":[{"href":"https:\/\/mouldking.store\/nb\/wp-json\/wp\/v2\/product"}],"about":[{"href":"https:\/\/mouldking.store\/nb\/wp-json\/wp\/v2\/types\/product"}],"replies":[{"embeddable":true,"href":"https:\/\/mouldking.store\/nb\/wp-json\/wp\/v2\/comments?post=43983"}],"wp:featuredmedia":[{"embeddable":true,"href":"https:\/\/mouldking.store\/nb\/wp-json\/wp\/v2\/media\/43978"}],"wp:attachment":[{"href":"https:\/\/mouldking.store\/nb\/wp-json\/wp\/v2\/media?parent=43983"}],"wp:term":[{"taxonomy":"product_cat","embeddable":true,"href":"https:\/\/mouldking.store\/nb\/wp-json\/wp\/v2\/product_cat?post=43983"},{"taxonomy":"product_tag","embeddable":true,"href":"https:\/\/mouldking.store\/nb\/wp-json\/wp\/v2\/product_tag?post=43983"}],"curies":[{"name":"wp","href":"https:\/\/api.w.org\/{rel}","templated":true}]}}