{"id":43998,"date":"2023-04-05T10:45:23","date_gmt":"2023-04-05T03:45:23","guid":{"rendered":"https:\/\/mouldking.store\/shop\/panlosbrick-880018-kumamon-japanese-house-with-1099-pieces\/"},"modified":"2023-04-05T10:45:23","modified_gmt":"2023-04-05T03:45:23","slug":"panlosbrick-880018-kumamon-japanese-house-with-1099-pieces","status":"publish","type":"product","link":"https:\/\/mouldking.store\/nb\/shop\/panlosbrick-880018-kumamon-japanese-house-with-1099-pieces\/","title":{"rendered":"PANLOSBRICK 880018 Kumamon japansk hus med 1099 stykker"},"content":{"rendered":"<div>\u2705 PANLOS 880018 Kumamon japansk hus<br \/>&nbsp;<br \/>\u2705Kumamon er en maskotfigur skapt av regjeringen i Kumamoto Prefecture, Japan. Karakteren er en svart bj\u00f8rn med rosenr\u00f8de kinn og et vennlig uttrykk, og ble skapt i 2010 som en del av en kampanje for \u00e5 fremme turisme og lokale produkter fra Kumamoto.<br \/>&nbsp;<br \/>\ud83d\udeab VIKTIG!&nbsp;<br \/>&nbsp;<br \/>Produktnavn: Kumamon Japanese House<br \/>&nbsp;<br \/>Kategori: Modulbygg<br \/>&nbsp;<br \/>Dette settet inneholder: PANLOS 880018<br \/>&nbsp;<br \/>1099 stk Klosser av god kvalitet&nbsp;<br \/>&nbsp;<br \/>St\u00f8rrelse: 27,2 \u00d7 14,4 \u00d7 21,3 cm<br \/>&nbsp;<br \/>Manuelle instruksjoner&nbsp;<br \/>&nbsp;<br \/>\ud83d\udcccProtagonistens natur&nbsp;<br \/>&nbsp;<br \/>Vi introduserer v\u00e5r stolte kolleksjon kalt &quot;Kumamon Japanese House&quot; du ikke b\u00f8r g\u00e5 glipp av.&nbsp;<\/p>\n<p>Tradisjonelle japanske hus er preget av sine unike arkitektoniske trekk som gjenspeiler landets historie, kultur og klima. Tradisjonelle japanske hus er vanligvis konstruert av naturlige materialer som tre, bambus og papir. Bruken av disse materialene bidrar til \u00e5 skape en varm og koselig atmosf\u00e6re. Japanske hus har typisk et bratt skr\u00e5tak som er dekket med keramiske fliser eller tekke. Den overhengende takfoten gir skygge og beskyttelse mot regn, mens den bratte stigningen bidrar til \u00e5 forhindre sn\u00f8oppbygging.<\/p><\/div>","protected":false},"excerpt":{"rendered":"<p>Merke: PANLOSBRICK<br \/>\nKj\u00f8nn: Unisex<br \/>\nAldersgruppe: &gt; 6 \u00e5r gammel<br \/>\nModellnummer: 880018<br \/>\nKlassifisering: Montering<br \/>\nPlastblokkform: Selvl\u00e5sende murstein<br \/>\nMateriale: Plast<br \/>\nPlasttype: ABS<br \/>\nMursteinsblokker: 1099+<br \/>\nIngen original eske<\/p>","protected":false},"featured_media":43993,"comment_status":"open","ping_status":"closed","template":"","meta":{"_acf_changed":false},"product_cat":[1365,1395,371,390],"product_tag":[11072,8452,2318,5434,10990,392],"class_list":["product","first","instock","shipping-taxable","purchasable","product-type-simple"],"acf":[],"_links":{"self":[{"href":"https:\/\/mouldking.store\/nb\/wp-json\/wp\/v2\/product\/43998","targetHints":{"allow":["GET"]}}],"collection":[{"href":"https:\/\/mouldking.store\/nb\/wp-json\/wp\/v2\/product"}],"about":[{"href":"https:\/\/mouldking.store\/nb\/wp-json\/wp\/v2\/types\/product"}],"replies":[{"embeddable":true,"href":"https:\/\/mouldking.store\/nb\/wp-json\/wp\/v2\/comments?post=43998"}],"wp:featuredmedia":[{"embeddable":true,"href":"https:\/\/mouldking.store\/nb\/wp-json\/wp\/v2\/media\/43993"}],"wp:attachment":[{"href":"https:\/\/mouldking.store\/nb\/wp-json\/wp\/v2\/media?parent=43998"}],"wp:term":[{"taxonomy":"product_cat","embeddable":true,"href":"https:\/\/mouldking.store\/nb\/wp-json\/wp\/v2\/product_cat?post=43998"},{"taxonomy":"product_tag","embeddable":true,"href":"https:\/\/mouldking.store\/nb\/wp-json\/wp\/v2\/product_tag?post=43998"}],"curies":[{"name":"wp","href":"https:\/\/api.w.org\/{rel}","templated":true}]}}