{"id":44017,"date":"2023-04-10T09:44:06","date_gmt":"2023-04-10T02:44:06","guid":{"rendered":"https:\/\/mouldking.store\/shop\/moc-factory-85569-battlestar-galactica-mk-ii-cylon-raider-minifig-scale-with-670-pieces\/"},"modified":"2025-12-16T22:25:05","modified_gmt":"2025-12-16T15:25:05","slug":"moc-factory-85569-battlestar-galactica-mk-ii-cylon-raider-minifig-scale-with-670-pieces","status":"publish","type":"product","link":"https:\/\/mouldking.store\/nb\/shop\/moc-factory-85569-battlestar-galactica-mk-ii-cylon-raider-minifig-scale-with-670-pieces\/","title":{"rendered":"MOC Factory 85569 Battlestar Galactica MK II Cylon Raider Minifig-skala med 670 stykker"},"content":{"rendered":"<div>\u2705 MOC-85569 Battlestar Galactica MK II Cylon Raider Minifig Scale<\/p>\n<p>\u2705Battlestar Galactica MK II Cylon Raider er et fiktivt romfart\u00f8y fra science fiction-TV-serien Battlestar Galactica. I showet er Cylon Raider et avansert jagerfart\u00f8y brukt av Cylons, en rase av sansende roboter som er de viktigste antagonistene i serien.<\/p>\n<p>\ud83d\udeab VIKTIG!<\/p>\n<p>Produktnavn: Battlestar Galactica MK II Cylon Raider Minifig Scale<\/p>\n<p>Kategori: Rom<\/p>\n<p>Dette settet inneholder: C9346<\/p>\n<p>670 stk Klosser av god kvalitet<\/p>\n<p>St\u00f8rrelse: 40 x 20 x 12 cm<\/p>\n<p>Vekt: 0,58 kg<\/p>\n<p>PDF-instruksjoner<\/p>\n<p>\ud83d\udcccProtagonistens natur<\/p>\n<p>Vi introduserer v\u00e5r stolte kolleksjon kalt &quot;Battlestar Galactica MK II Cylon Raider Minifig Scale&quot; du ikke b\u00f8r g\u00e5 glipp av.<\/p>\n<p>MK II-versjonen av Cylon Raider er en oppdatert versjon av den originale Raider, med forbedrede v\u00e5pen, motorer og andre muligheter. Det er et ettseters jagerfart\u00f8y som vanligvis brukes til rekognosering, avskj\u00e6ring og andre milit\u00e6re operasjoner. Cylon Raiders er kjent for sin karakteristiske design, med et slankt, organisk utseende skrog og et s\u00e6regent r\u00f8dt \u00f8ye i midten av den fremre delen.<\/p><\/div>","protected":false},"excerpt":{"rendered":"<p>Merke: MOC Factory<br \/>\nKj\u00f8nn: Unisex<br \/>\nAldersgruppe: &gt; 6 \u00e5r gammel<br \/>\nModellnummer: 85569<br \/>\nKlassifisering: Montering<br \/>\nPlastblokkform: Selvl\u00e5sende murstein<br \/>\nMateriale: Plast<br \/>\nPlasttype: ABS<br \/>\nMursteinsblokker: 670 +<br \/>\nIngen original eske<\/p>","protected":false},"featured_media":44013,"comment_status":"open","ping_status":"closed","template":"","meta":{"_acf_changed":false},"product_cat":[1357,6016,364],"product_tag":[5328,11689,5329,11341,2276,9002,389],"class_list":["product","first","instock","shipping-taxable","purchasable","product-type-simple"],"acf":[],"_links":{"self":[{"href":"https:\/\/mouldking.store\/nb\/wp-json\/wp\/v2\/product\/44017","targetHints":{"allow":["GET"]}}],"collection":[{"href":"https:\/\/mouldking.store\/nb\/wp-json\/wp\/v2\/product"}],"about":[{"href":"https:\/\/mouldking.store\/nb\/wp-json\/wp\/v2\/types\/product"}],"replies":[{"embeddable":true,"href":"https:\/\/mouldking.store\/nb\/wp-json\/wp\/v2\/comments?post=44017"}],"wp:featuredmedia":[{"embeddable":true,"href":"https:\/\/mouldking.store\/nb\/wp-json\/wp\/v2\/media\/44013"}],"wp:attachment":[{"href":"https:\/\/mouldking.store\/nb\/wp-json\/wp\/v2\/media?parent=44017"}],"wp:term":[{"taxonomy":"product_cat","embeddable":true,"href":"https:\/\/mouldking.store\/nb\/wp-json\/wp\/v2\/product_cat?post=44017"},{"taxonomy":"product_tag","embeddable":true,"href":"https:\/\/mouldking.store\/nb\/wp-json\/wp\/v2\/product_tag?post=44017"}],"curies":[{"name":"wp","href":"https:\/\/api.w.org\/{rel}","templated":true}]}}