{"id":44041,"date":"2023-04-10T09:56:10","date_gmt":"2023-04-10T02:56:10","guid":{"rendered":"https:\/\/mouldking.store\/shop\/moc-factory-89421-murder-drones-with-502-pieces\/"},"modified":"2025-12-16T22:25:05","modified_gmt":"2025-12-16T15:25:05","slug":"moc-factory-89421-murder-drones-with-502-pieces","status":"publish","type":"product","link":"https:\/\/mouldking.store\/nb\/shop\/moc-factory-89421-murder-drones-with-502-pieces\/","title":{"rendered":"MOC Factory 89421 Morddroner med 502 stykker"},"content":{"rendered":"<div>\u2705 MOC-89421 Morddroner<\/p>\n<p>\u2705Seriebetegnelse N, eller ganske enkelt N, er en karakter fra nettserien Murder Drones. N er en avansert prototype drone utviklet av en hemmelighetsfull organisasjon for bruk i hemmelige operasjoner. N er unik blant andre droner ved at den har avansert kunstig intelligens og er i stand til \u00e5 l\u00e6re og tilpasse seg nye situasjoner p\u00e5 egen h\u00e5nd.<\/p>\n<p>\ud83d\udeab VIKTIG!<\/p>\n<p>Produktnavn: Murder Drones<\/p>\n<p>Kategori: Skaper<\/p>\n<p>Dette settet inneholder: C9391<\/p>\n<p>502 stk god kvalitet murstein<\/p>\n<p>St\u00f8rrelse: 22 x 16,6 x 26,7 cm<\/p>\n<p>Vekt: 0,2 kg<\/p>\n<p>PDF-instruksjoner<\/p>\n<p>\ud83d\udcccProtagonistens natur<\/p>\n<p>Vi introduserer v\u00e5r stolte kolleksjon kalt &quot;Murder Drones&quot; du ikke b\u00f8r g\u00e5 glipp av.<\/p>\n<p>I nettserien er N avbildet som deuteragonisten, eller sekund\u00e6r hovedperson, og jobber ofte sammen med showets hovedperson for \u00e5 avdekke sannheten bak organisasjonen som skapte det. Mens N er en maskin, viser den menneskelignende egenskaper og f\u00f8lelser, noe som gj\u00f8r den til en kompleks og interessant karakter i serien.<\/p><\/div>","protected":false},"excerpt":{"rendered":"<p>Merke: MOC Factory<br \/>\nKj\u00f8nn: Unisex<br \/>\nAldersgruppe: &gt; 6 \u00e5r gammel<br \/>\nModellnummer: 89421<br \/>\nKlassifisering: Montering<br \/>\nPlastblokkform: Selvl\u00e5sende murstein<br \/>\nMateriale: Plast<br \/>\nPlasttype: ABS<br \/>\nMursteinsblokker: 502+<br \/>\nIngen original eske<\/p>","protected":false},"featured_media":44030,"comment_status":"open","ping_status":"closed","template":"","meta":{"_acf_changed":false},"product_cat":[1365,371],"product_tag":[11072,8452,11691,11690],"class_list":["product","first","instock","shipping-taxable","purchasable","product-type-simple"],"acf":[],"_links":{"self":[{"href":"https:\/\/mouldking.store\/nb\/wp-json\/wp\/v2\/product\/44041","targetHints":{"allow":["GET"]}}],"collection":[{"href":"https:\/\/mouldking.store\/nb\/wp-json\/wp\/v2\/product"}],"about":[{"href":"https:\/\/mouldking.store\/nb\/wp-json\/wp\/v2\/types\/product"}],"replies":[{"embeddable":true,"href":"https:\/\/mouldking.store\/nb\/wp-json\/wp\/v2\/comments?post=44041"}],"wp:featuredmedia":[{"embeddable":true,"href":"https:\/\/mouldking.store\/nb\/wp-json\/wp\/v2\/media\/44030"}],"wp:attachment":[{"href":"https:\/\/mouldking.store\/nb\/wp-json\/wp\/v2\/media?parent=44041"}],"wp:term":[{"taxonomy":"product_cat","embeddable":true,"href":"https:\/\/mouldking.store\/nb\/wp-json\/wp\/v2\/product_cat?post=44041"},{"taxonomy":"product_tag","embeddable":true,"href":"https:\/\/mouldking.store\/nb\/wp-json\/wp\/v2\/product_tag?post=44041"}],"curies":[{"name":"wp","href":"https:\/\/api.w.org\/{rel}","templated":true}]}}