{"id":44071,"date":"2023-04-10T10:23:31","date_gmt":"2023-04-10T03:23:31","guid":{"rendered":"https:\/\/mouldking.store\/shop\/moc-factory-89418-black-eggy-with-87-pieces\/"},"modified":"2025-12-16T22:25:05","modified_gmt":"2025-12-16T15:25:05","slug":"moc-factory-89418-black-eggy-with-87-pieces","status":"publish","type":"product","link":"https:\/\/mouldking.store\/nb\/shop\/moc-factory-89418-black-eggy-with-87-pieces\/","title":{"rendered":"MOC Factory 89418 Black Eggy med 87 stykker"},"content":{"rendered":"<div>\u2705 MOC-89418 Black Eggy<\/p>\n<p>\u2705&quot;Egg Party&quot; er et uformelt konkurransespill utviklet av det kinesiske spillselskapet NetEase. Spillet g\u00e5r ut p\u00e5 at spillere konkurrerer mot hverandre om \u00e5 klekke ut flest egg innen en viss tidsgrense. Eggene hentes ved \u00e5 samle ressurser og bygge et rede, og kan klekkes ved \u00e5 banke raskt p\u00e5 dem.<\/p>\n<p>\ud83d\udeab VIKTIG!<\/p>\n<p>Product Name: Black Eggy<\/p>\n<p>Kategori: Skaper<\/p>\n<p>This Kit Contains: C9389Y01<\/p>\n<p>87 pcs Good Quality Bricks<\/p>\n<p>St\u00f8rrelse: 7,6 x 3,8 x 7 cm<\/p>\n<p>Vekt: 0,04 kg<\/p>\n<p>PDF-instruksjoner<\/p>\n<p>\ud83d\udcccProtagonistens natur<\/p>\n<p>Introducing our proud collection named \u201cBlack Eggy\u201d you should not miss.<\/p>\n<p>Spillet har en rekke forskjellige eggtyper, hver med sine egne unike egenskaper og evner. Spillere kan ogs\u00e5 bruke power-ups og spesielle gjenstander for \u00e5 f\u00e5 en fordel over sine motstandere. \u00abEgg Party\u00bb har blitt popul\u00e6rt for sin enkle og vanedannende spilling, samt sin s\u00f8te og fargerike grafikk. Spillet er tilgjengelig gratis p\u00e5 b\u00e5de Android- og iOS-plattformer, med kj\u00f8p i appen for flere elementer og funksjoner.<\/p><\/div>","protected":false},"excerpt":{"rendered":"<p>Merke: MOC Factory<br \/>\nKj\u00f8nn: Unisex<br \/>\nAldersgruppe: &gt; 6 \u00e5r gammel<br \/>\nModel Number: 89418<br \/>\nKlassifisering: Montering<br \/>\nPlastblokkform: Selvl\u00e5sende murstein<br \/>\nMateriale: Plast<br \/>\nPlasttype: ABS<br \/>\nBricks Blocks: 87 +<br \/>\nIngen original eske<\/p>","protected":false},"featured_media":44064,"comment_status":"open","ping_status":"closed","template":"","meta":{"_acf_changed":false},"product_cat":[1365,371],"product_tag":[11072,8452,11688,8337],"class_list":["product","first","instock","shipping-taxable","purchasable","product-type-simple"],"acf":[],"_links":{"self":[{"href":"https:\/\/mouldking.store\/nb\/wp-json\/wp\/v2\/product\/44071","targetHints":{"allow":["GET"]}}],"collection":[{"href":"https:\/\/mouldking.store\/nb\/wp-json\/wp\/v2\/product"}],"about":[{"href":"https:\/\/mouldking.store\/nb\/wp-json\/wp\/v2\/types\/product"}],"replies":[{"embeddable":true,"href":"https:\/\/mouldking.store\/nb\/wp-json\/wp\/v2\/comments?post=44071"}],"wp:featuredmedia":[{"embeddable":true,"href":"https:\/\/mouldking.store\/nb\/wp-json\/wp\/v2\/media\/44064"}],"wp:attachment":[{"href":"https:\/\/mouldking.store\/nb\/wp-json\/wp\/v2\/media?parent=44071"}],"wp:term":[{"taxonomy":"product_cat","embeddable":true,"href":"https:\/\/mouldking.store\/nb\/wp-json\/wp\/v2\/product_cat?post=44071"},{"taxonomy":"product_tag","embeddable":true,"href":"https:\/\/mouldking.store\/nb\/wp-json\/wp\/v2\/product_tag?post=44071"}],"curies":[{"name":"wp","href":"https:\/\/api.w.org\/{rel}","templated":true}]}}