{"id":44105,"date":"2023-04-10T11:08:59","date_gmt":"2023-04-10T04:08:59","guid":{"rendered":"https:\/\/mouldking.store\/shop\/mj-13018-black-magic-castle-book-with-969-pieces\/"},"modified":"2023-04-10T11:08:59","modified_gmt":"2023-04-10T04:08:59","slug":"mj-13018-black-magic-castle-book-with-969-pieces","status":"publish","type":"product","link":"https:\/\/mouldking.store\/nb\/shop\/mj-13018-black-magic-castle-book-with-969-pieces\/","title":{"rendered":"MJ 13018 Black Magic Castle Book med 969 stykker"},"content":{"rendered":"<div>\u2705 MJI 13018 Black Magic Castle Book<br \/>&nbsp;<br \/>\u2705Barad-d\u00fbr er et fiktivt t\u00e5rn i JRR Tolkiens Midgards-univers og vises i romanen hans \u00abRingenes Herre\u00bb. Det var festningen til Dark Lord Sauron og l\u00e5 i landet Mordor.<br \/>&nbsp;<br \/>\ud83d\udeab VIKTIG!&nbsp;<br \/>&nbsp;<br \/>Produktnavn: Black Magic Castle Book<br \/>&nbsp;<br \/>Kategori: Film<\/p>\n<p>Dette settet inneholder: MJI 13018&nbsp;<br \/>&nbsp;<br \/>969 stk Klosser av god kvalitet&nbsp;<br \/>&nbsp;<br \/>Manuelle instruksjoner&nbsp;<br \/>&nbsp;<br \/>\ud83d\udcccProtagonistens natur&nbsp;<br \/>&nbsp;<br \/>Vi introduserer v\u00e5r stolte samling kalt &quot;Black Magic Castle Book&quot; du ikke b\u00f8r g\u00e5 glipp av.&nbsp;<br \/>&nbsp;<br \/>Barad-d\u00fbr ble konstruert av Sauron i l\u00f8pet av den andre tidsalderen og ble opprinnelig \u00f8delagt av den siste alliansen av alver og menn, ledet av Gil-galad og Elendil, p\u00e5 slutten av den andre tidsalderen. Imidlertid gjenoppbygde Sauron t\u00e5rnet i l\u00f8pet av den tredje tidsalderen og brukte det som sin operasjonsbase i sine fors\u00f8k p\u00e5 \u00e5 erobre Midgard. T\u00e5rnet ble beskrevet som utrolig h\u00f8yt og imponerende, med vegger som var ugjennomtrengelige for konvensjonelle v\u00e5pen. Barad-d\u00fbr ble til slutt \u00f8delagt p\u00e5 slutten av Ringkrigen da Frodo Baggins \u00f8dela den ene ringen i brannene p\u00e5 Mount Doom, noe som f\u00f8rte til at Saurons makt ble \u00f8delagt og t\u00e5rnet kollapset.<\/div>","protected":false},"excerpt":{"rendered":"<p>Merke: MJ<br \/>\nKj\u00f8nn: Unisex<br \/>\nAldersgruppe: &gt; 13 \u00e5r gammel<br \/>\nModellnummer: 13018<br \/>\nKlassifisering: Montering<br \/>\nPlastblokkform: Selvl\u00e5sende murstein<br \/>\nMateriale: Plast<br \/>\nPlasttype: ABS<br \/>\nMursteinsblokker: 969 +<br \/>\nIngen original eske<\/p>","protected":false},"featured_media":44101,"comment_status":"open","ping_status":"closed","template":"","meta":{"_acf_changed":false},"product_cat":[1365,1395,390,581,1408],"product_tag":[787,8452,8858,392,434],"class_list":["product","first","instock","shipping-taxable","purchasable","product-type-simple"],"acf":[],"_links":{"self":[{"href":"https:\/\/mouldking.store\/nb\/wp-json\/wp\/v2\/product\/44105","targetHints":{"allow":["GET"]}}],"collection":[{"href":"https:\/\/mouldking.store\/nb\/wp-json\/wp\/v2\/product"}],"about":[{"href":"https:\/\/mouldking.store\/nb\/wp-json\/wp\/v2\/types\/product"}],"replies":[{"embeddable":true,"href":"https:\/\/mouldking.store\/nb\/wp-json\/wp\/v2\/comments?post=44105"}],"wp:featuredmedia":[{"embeddable":true,"href":"https:\/\/mouldking.store\/nb\/wp-json\/wp\/v2\/media\/44101"}],"wp:attachment":[{"href":"https:\/\/mouldking.store\/nb\/wp-json\/wp\/v2\/media?parent=44105"}],"wp:term":[{"taxonomy":"product_cat","embeddable":true,"href":"https:\/\/mouldking.store\/nb\/wp-json\/wp\/v2\/product_cat?post=44105"},{"taxonomy":"product_tag","embeddable":true,"href":"https:\/\/mouldking.store\/nb\/wp-json\/wp\/v2\/product_tag?post=44105"}],"curies":[{"name":"wp","href":"https:\/\/api.w.org\/{rel}","templated":true}]}}