{"id":44128,"date":"2023-04-10T11:47:27","date_gmt":"2023-04-10T04:47:27","guid":{"rendered":"https:\/\/mouldking.store\/shop\/moc-factory-98155-city-cargo-boat-with-1273-pieces\/"},"modified":"2025-12-16T22:25:04","modified_gmt":"2025-12-16T15:25:04","slug":"moc-factory-98155-city-cargo-boat-with-1273-pieces","status":"publish","type":"product","link":"https:\/\/mouldking.store\/nb\/shop\/moc-factory-98155-city-cargo-boat-with-1273-pieces\/","title":{"rendered":"MOC Factory 98155 Bylasteb\u00e5t med 1273 stk"},"content":{"rendered":"<div>\u2705 MOC-98155 Bylasteb\u00e5t<\/p>\n<p>\u2705A City Cargo Boat er en type vannscooter designet for transport av varer og materialer i urbane vannveier. Disse b\u00e5tene er vanligvis mindre og mer man\u00f8vrerbare enn st\u00f8rre lasteskip, og er designet for \u00e5 operere i grunt vann og trange kanaler.<\/p>\n<p>\ud83d\udeab VIKTIG!<\/p>\n<p>Produktnavn: City Cargo Boat<\/p>\n<p>Kategori: Teknikk<\/p>\n<p>Dette settet inneholder: MOC-98155<\/p>\n<p>1273 stk Klosser av god kvalitet<\/p>\n<p>PDF-instruksjoner<\/p>\n<p>\ud83d\udcccProtagonistens natur<\/p>\n<p>Vi introduserer v\u00e5r stolte kolleksjon kalt &quot;City Cargo Boat&quot; du ikke b\u00f8r g\u00e5 glipp av.<\/p>\n<p>City Cargo Boats brukes ofte til \u00e5 transportere materialer som byggematerialer, bulkvarer og avfallsprodukter. Noen ganger brukes de i stedet for lastebiler eller andre landbaserte transportalternativer, da de kan v\u00e6re mer effektive og ha en mindre milj\u00f8p\u00e5virkning. I tillegg kan de bidra til \u00e5 avlaste k\u00f8er p\u00e5 byveier og motorveier. Noen bylasteb\u00e5ter er designet for \u00e5 v\u00e6re elektriske eller hybridelektriske, for \u00e5 redusere utslipp og st\u00f8yforurensning. De kan ogs\u00e5 ha spesialiserte funksjoner som justerbare skrog, som lar dem operere p\u00e5 b\u00e5de dypt og grunt vann, eller modul\u00e6re lasterom, som enkelt kan fjernes og erstattes etter behov.<\/p><\/div>","protected":false},"excerpt":{"rendered":"<p>Merke: MOC Factory<br \/>\nKj\u00f8nn: Unisex<br \/>\nAldersgruppe: &gt; 6 \u00e5r gammel<br \/>\nModellnummer: 98155<br \/>\nKlassifisering: Montering<br \/>\nPlastblokkform: Selvl\u00e5sende murstein<br \/>\nMateriale: Plast<br \/>\nPlasttype: ABS<br \/>\nMursteinsblokker: 1273 +<br \/>\nArrangementstid: 4-8 uker<\/p>","protected":false},"featured_media":44124,"comment_status":"open","ping_status":"closed","template":"","meta":{"_acf_changed":false},"product_cat":[1357,364],"product_tag":[6471,10487,4883,389,11080],"class_list":["product","first","instock","shipping-taxable","purchasable","product-type-simple"],"acf":[],"_links":{"self":[{"href":"https:\/\/mouldking.store\/nb\/wp-json\/wp\/v2\/product\/44128","targetHints":{"allow":["GET"]}}],"collection":[{"href":"https:\/\/mouldking.store\/nb\/wp-json\/wp\/v2\/product"}],"about":[{"href":"https:\/\/mouldking.store\/nb\/wp-json\/wp\/v2\/types\/product"}],"replies":[{"embeddable":true,"href":"https:\/\/mouldking.store\/nb\/wp-json\/wp\/v2\/comments?post=44128"}],"wp:featuredmedia":[{"embeddable":true,"href":"https:\/\/mouldking.store\/nb\/wp-json\/wp\/v2\/media\/44124"}],"wp:attachment":[{"href":"https:\/\/mouldking.store\/nb\/wp-json\/wp\/v2\/media?parent=44128"}],"wp:term":[{"taxonomy":"product_cat","embeddable":true,"href":"https:\/\/mouldking.store\/nb\/wp-json\/wp\/v2\/product_cat?post=44128"},{"taxonomy":"product_tag","embeddable":true,"href":"https:\/\/mouldking.store\/nb\/wp-json\/wp\/v2\/product_tag?post=44128"}],"curies":[{"name":"wp","href":"https:\/\/api.w.org\/{rel}","templated":true}]}}