{"id":44177,"date":"2023-04-12T10:40:08","date_gmt":"2023-04-12T03:40:08","guid":{"rendered":"https:\/\/mouldking.store\/shop\/loz-1943-honey-workshop-with-1242-pieces\/"},"modified":"2023-04-12T10:40:08","modified_gmt":"2023-04-12T03:40:08","slug":"loz-1943-honey-workshop-with-1242-pieces","status":"publish","type":"product","link":"https:\/\/mouldking.store\/nb\/shop\/loz-1943-honey-workshop-with-1242-pieces\/","title":{"rendered":"LOZ 1943 Honningverksted med 1242 stk"},"content":{"rendered":"<div>\u2705 LOZ 1943 honningverksted<br \/>&nbsp;<br \/>\u2705LOZ1943 Creator Honey Workshop Building Blocks Toys er et byggelekesett som lar deg bygge en miniatyrmodell av et verksted, med et honningbi-tema.<br \/>&nbsp;<br \/>\ud83d\udeab VIKTIG!&nbsp;<br \/>&nbsp;<br \/>Produktnavn: Honningverksted<br \/>&nbsp;<br \/>Kategori: Skaper&nbsp;<br \/>&nbsp;<br \/>Dette settet inneholder: LOZ 1943<br \/>&nbsp;<br \/>1242 stk Klosser av god kvalitet&nbsp;<br \/>&nbsp;<br \/>St\u00f8rrelse: 18,5 \u00d7 10,5 \u00d7 12,5 cm<\/div>\n<div>Manuelle instruksjoner&nbsp;<br \/>&nbsp;<br \/>\ud83d\udcccProtagonistens natur&nbsp;<br \/>&nbsp;<br \/>Vi introduserer v\u00e5r stolte kolleksjon kalt &quot;Honey Workshop&quot; du ikke b\u00f8r g\u00e5 glipp av.&nbsp;<br \/>&nbsp;<br \/>Settet inneholder byggeklosser og andre komponenter som kan settes sammen for \u00e5 lage verkstedet med honningbi-tema. Den er en del av LOZ Creator-serien, som har en rekke forskjellige byggesett som lar deg konstruere sm\u00e5skalamodeller av forskjellige bygninger og strukturer. Den ferdige modellen av honningverkstedet har et lyst og fargerikt design, med en rekke forskjellige detaljer og funksjoner som er inspirert av honningbier og bikubene deres. Settet er designet for \u00e5 v\u00e6re utfordrende og engasjerende for byggere i alle aldre, og kan kreve en viss grad av ferdigheter og t\u00e5lmodighet for \u00e5 fullf\u00f8re.&nbsp;<\/div>","protected":false},"excerpt":{"rendered":"<p>Merke: LOZ<br \/>\nKj\u00f8nn: Unisex<br \/>\nAldersgruppe: &gt; 6 \u00e5r gammel<br \/>\nModellnummer: 1943<br \/>\nKlassifisering: Montering<br \/>\nPlastblokkform: Selvl\u00e5sende murstein<br \/>\nMateriale: Plast<br \/>\nPlasttype: ABS<br \/>\nMursteinsblokker: 1242 +<br \/>\nIngen original eske<\/p>","protected":false},"featured_media":44172,"comment_status":"open","ping_status":"closed","template":"","meta":{"_acf_changed":false},"product_cat":[1365,1395,371,390],"product_tag":[11072,8452,11706,392,11707],"class_list":["product","first","instock","shipping-taxable","purchasable","product-type-simple"],"acf":[],"_links":{"self":[{"href":"https:\/\/mouldking.store\/nb\/wp-json\/wp\/v2\/product\/44177","targetHints":{"allow":["GET"]}}],"collection":[{"href":"https:\/\/mouldking.store\/nb\/wp-json\/wp\/v2\/product"}],"about":[{"href":"https:\/\/mouldking.store\/nb\/wp-json\/wp\/v2\/types\/product"}],"replies":[{"embeddable":true,"href":"https:\/\/mouldking.store\/nb\/wp-json\/wp\/v2\/comments?post=44177"}],"wp:featuredmedia":[{"embeddable":true,"href":"https:\/\/mouldking.store\/nb\/wp-json\/wp\/v2\/media\/44172"}],"wp:attachment":[{"href":"https:\/\/mouldking.store\/nb\/wp-json\/wp\/v2\/media?parent=44177"}],"wp:term":[{"taxonomy":"product_cat","embeddable":true,"href":"https:\/\/mouldking.store\/nb\/wp-json\/wp\/v2\/product_cat?post=44177"},{"taxonomy":"product_tag","embeddable":true,"href":"https:\/\/mouldking.store\/nb\/wp-json\/wp\/v2\/product_tag?post=44177"}],"curies":[{"name":"wp","href":"https:\/\/api.w.org\/{rel}","templated":true}]}}