{"id":44204,"date":"2023-04-12T11:13:35","date_gmt":"2023-04-12T04:13:35","guid":{"rendered":"https:\/\/mouldking.store\/shop\/moyu-88020-mercedes-amg-one-sports-car-with-2244-pieces\/"},"modified":"2023-04-12T11:13:35","modified_gmt":"2023-04-12T04:13:35","slug":"moyu-88020-mercedes-amg-one-sports-car-with-2244-pieces","status":"publish","type":"product","link":"https:\/\/mouldking.store\/nb\/shop\/moyu-88020-mercedes-amg-one-sports-car-with-2244-pieces\/","title":{"rendered":"MOYU 88020 Mercedes-AMG ONE sportsbil med 2244 stk"},"content":{"rendered":"<div>\u2705 MOYU 88020 Mercedes-AMG ONE sportsbil<br \/>&nbsp;<br \/>\u2705MOYU 88020 Technic 1:10 Benz AMG ONE Sports Car Super Car Building Blocks er et byggeklosssett som lar deg konstruere en detaljert modell av en h\u00f8yytelses sportsbil. Settet er designet for \u00e5 v\u00e6re en kopi i skala 1:10 av den virkelige superbilen Benz AMG ONE.<br \/>&nbsp;<br \/>\ud83d\udeab VIKTIG!&nbsp;<br \/>&nbsp;<br \/>Produktnavn: Mercedes-AMG ONE sportsbil<br \/>&nbsp;<br \/>Kategori: Teknikk<br \/>&nbsp;<br \/>Dette settet inneholder: MOYU 88020<br \/>&nbsp;<br \/>2244 stk Klosser av god kvalitet&nbsp;<br \/>&nbsp;<br \/>St\u00f8rrelse: 49,7 \u00d7 24,1 \u00d7 12,3 cm<br \/>&nbsp;<br \/>Manuelle instruksjoner&nbsp;<br \/>&nbsp;<br \/>\ud83d\udcccProtagonistens natur&nbsp;<br \/>&nbsp;<br \/>Vi introduserer v\u00e5r stolte kolleksjon kalt &quot;Mercedes-AMG ONE Sports Car&quot; du ikke b\u00f8r g\u00e5 glipp av.&nbsp;<br \/>&nbsp;<br \/>Settet inneholder 2244\u00b1stk klosser og andre komponenter som kan settes sammen for \u00e5 lage sportsbilmodellen. Den ferdige modellen har en detaljert og realistisk design, med en rekke forskjellige funksjoner og tilbeh\u00f8r som er typiske for en h\u00f8yytelses sportsbil. MOYU 88020 Technic 1:10 Benz AMG ONE Sports Car Super Car Building Blocks-settet er designet for avanserte byggere som er ute etter en utfordrende og engasjerende byggeopplevelse. Settet inneholder en rekke avanserte byggeteknikker og mekanismer, for eksempel fungerende styring, fj\u00e6ring og \u00e5pning av d\u00f8rer. Den ferdige modellen kan vises p\u00e5 en hylle eller brukes som et morsomt lekesett for miniatyrfigurer eller leker. Det er et popul\u00e6rt valg blant fans av byggeblokkleker og h\u00f8yytelses sportsbiler. Settet kommer ogs\u00e5 med detaljerte instruksjoner og en deleliste for \u00e5 hjelpe deg med \u00e5 sette sammen modellen, og er kompatibelt med andre byggeklosssett fra MOYU Technic-serien.<\/div>","protected":false},"excerpt":{"rendered":"<p>Merke: MOYU<br \/>\nKj\u00f8nn: Unisex<br \/>\nAldersgruppe: &gt; 8 \u00e5r gammel<br \/>\nModellnummer: 88020<br \/>\nKlassifisering: Montering<br \/>\nPlastblokkform: Selvl\u00e5sende murstein<br \/>\nMateriale: Plast<br \/>\nPlasttype: ABS<br \/>\nMursteinsblokker: 2244 +<br \/>\nKUN SET<\/p>","protected":false},"featured_media":44199,"comment_status":"open","ping_status":"closed","template":"","meta":{"_acf_changed":false},"product_cat":[1360,1357,364],"product_tag":[1456,457,11275,1413,11150,389,11080],"class_list":["product","first","instock","shipping-taxable","purchasable","product-type-simple"],"acf":[],"_links":{"self":[{"href":"https:\/\/mouldking.store\/nb\/wp-json\/wp\/v2\/product\/44204","targetHints":{"allow":["GET"]}}],"collection":[{"href":"https:\/\/mouldking.store\/nb\/wp-json\/wp\/v2\/product"}],"about":[{"href":"https:\/\/mouldking.store\/nb\/wp-json\/wp\/v2\/types\/product"}],"replies":[{"embeddable":true,"href":"https:\/\/mouldking.store\/nb\/wp-json\/wp\/v2\/comments?post=44204"}],"wp:featuredmedia":[{"embeddable":true,"href":"https:\/\/mouldking.store\/nb\/wp-json\/wp\/v2\/media\/44199"}],"wp:attachment":[{"href":"https:\/\/mouldking.store\/nb\/wp-json\/wp\/v2\/media?parent=44204"}],"wp:term":[{"taxonomy":"product_cat","embeddable":true,"href":"https:\/\/mouldking.store\/nb\/wp-json\/wp\/v2\/product_cat?post=44204"},{"taxonomy":"product_tag","embeddable":true,"href":"https:\/\/mouldking.store\/nb\/wp-json\/wp\/v2\/product_tag?post=44204"}],"curies":[{"name":"wp","href":"https:\/\/api.w.org\/{rel}","templated":true}]}}