{"id":44210,"date":"2023-04-12T11:20:22","date_gmt":"2023-04-12T04:20:22","guid":{"rendered":"https:\/\/mouldking.store\/shop\/mj-13018-fortress-of-sauron-magic-book-with-969-pieces\/"},"modified":"2023-04-12T11:20:22","modified_gmt":"2023-04-12T04:20:22","slug":"mj-13018-fortress-of-sauron-magic-book-with-969-pieces","status":"publish","type":"product","link":"https:\/\/mouldking.store\/nb\/shop\/mj-13018-fortress-of-sauron-magic-book-with-969-pieces\/","title":{"rendered":"MJ 13018 Fortress of Sauron Magisk bok med 969 stykker"},"content":{"rendered":"<div>\u2705 MJ 13018 Fortress of Sauron Magic Book<br \/>&nbsp;<br \/>\u2705MJ 13018 Fortress of Sauron Magic Book er et byggeklosssett som lar deg konstruere en detaljert modell av Festningen til Sauron fra Ringenes Herre-serien. Settet kommer i form av en magisk bok, med blokkene og komponentene lagret p\u00e5 sidene i boken.<br \/>&nbsp;<br \/>\ud83d\udeab VIKTIG!&nbsp;<br \/>&nbsp;<br \/>Produktnavn: Fortress of Sauron Magic Book<br \/>&nbsp;<br \/>Kategori: Film<br \/>&nbsp;<br \/>Dette settet inneholder: MJ 13018&nbsp;<br \/>&nbsp;<br \/>969 stk Klosser av god kvalitet&nbsp;<br \/>&nbsp;<br \/>Manuelle instruksjoner&nbsp;<br \/>&nbsp;<br \/>\ud83d\udcccProtagonistens natur&nbsp;<br \/>&nbsp;<br \/>Vi introduserer v\u00e5r stolte samling kalt &quot;Fortress of Sauron Magic Book&quot; du ikke b\u00f8r g\u00e5 glipp av.&nbsp;<br \/>&nbsp;<br \/>Settet inneholder en rekke byggeklosser og andre komponenter som kan settes sammen for \u00e5 lage Fortress of Sauron-modellen. Den ferdige modellen har en detaljert og realistisk design, med en rekke forskjellige funksjoner og tilbeh\u00f8r som er typiske for festningen, som t\u00e5rnet, veggene og portene. MJ 13018 Fortress of Sauron Magic Book-settet er designet for fans av Ringenes Herre-serien, s\u00e5 vel som for byggere som liker byggeklosssett med intrikate og detaljerte design. Settet inkluderer detaljerte instruksjoner og en deleliste for \u00e5 hjelpe deg med \u00e5 sette sammen modellen og er kompatibel med andre byggeklosssett fra MJ-serien. N\u00e5r den er fullf\u00f8rt, kan festningsmodellen vises p\u00e5 en hylle eller brukes som et morsomt lekesett for miniatyrfigurer eller leker. Den magiske bokemballasjen legger ogs\u00e5 et ekstra lag med moro og kreativitet til byggeprosessen, noe som gj\u00f8r den til en flott gave til fans av byggeklossleker og Ringenes Herre-serien.<\/div>","protected":false},"excerpt":{"rendered":"<p>Merke: MJ<br \/>\nKj\u00f8nn: Unisex<br \/>\nAldersgruppe: &gt; 6 \u00e5r gammel<br \/>\nModellnummer: 13018<br \/>\nKlassifisering: Montering<br \/>\nPlastblokkform: Selvl\u00e5sende murstein<br \/>\nMateriale: Plast<br \/>\nPlasttype: ABS<br \/>\nMursteinsblokker: 969 +<br \/>\nIngen original eske<\/p>","protected":false},"featured_media":44205,"comment_status":"open","ping_status":"closed","template":"","meta":{"_acf_changed":false},"product_cat":[1365,581,1408],"product_tag":[1411,8452,8659,8858,434,3519,6169,2302],"class_list":["product","first","instock","shipping-taxable","purchasable","product-type-simple"],"acf":[],"_links":{"self":[{"href":"https:\/\/mouldking.store\/nb\/wp-json\/wp\/v2\/product\/44210","targetHints":{"allow":["GET"]}}],"collection":[{"href":"https:\/\/mouldking.store\/nb\/wp-json\/wp\/v2\/product"}],"about":[{"href":"https:\/\/mouldking.store\/nb\/wp-json\/wp\/v2\/types\/product"}],"replies":[{"embeddable":true,"href":"https:\/\/mouldking.store\/nb\/wp-json\/wp\/v2\/comments?post=44210"}],"wp:featuredmedia":[{"embeddable":true,"href":"https:\/\/mouldking.store\/nb\/wp-json\/wp\/v2\/media\/44205"}],"wp:attachment":[{"href":"https:\/\/mouldking.store\/nb\/wp-json\/wp\/v2\/media?parent=44210"}],"wp:term":[{"taxonomy":"product_cat","embeddable":true,"href":"https:\/\/mouldking.store\/nb\/wp-json\/wp\/v2\/product_cat?post=44210"},{"taxonomy":"product_tag","embeddable":true,"href":"https:\/\/mouldking.store\/nb\/wp-json\/wp\/v2\/product_tag?post=44210"}],"curies":[{"name":"wp","href":"https:\/\/api.w.org\/{rel}","templated":true}]}}