{"id":44231,"date":"2023-04-12T11:39:31","date_gmt":"2023-04-12T04:39:31","guid":{"rendered":"https:\/\/mouldking.store\/shop\/panlosbrick-632004-israeli-m60-magach-main-battle-tank-with-1753-pieces\/"},"modified":"2023-04-12T11:39:31","modified_gmt":"2023-04-12T04:39:31","slug":"panlosbrick-632004-israeli-m60-magach-main-battle-tank-with-1753-pieces","status":"publish","type":"product","link":"https:\/\/mouldking.store\/nb\/shop\/panlosbrick-632004-israeli-m60-magach-main-battle-tank-with-1753-pieces\/","title":{"rendered":"PANLOSBRICK 632004 Israelsk M60 Magach hovedstridsvogn med 1753 stykker"},"content":{"rendered":"<div>\u2705 PANLOS 632004 Israelsk M60 Magach Main Battle Tank&nbsp;<br \/>&nbsp;<br \/>\u2705Den israelske M60 Magach Main Battle Tank er en modifisert versjon av den amerikanske M60 Patton-tanken som ble mye brukt av Israel Defense Forces (IDF) fra 1970-tallet til begynnelsen av 2000-tallet.<\/p>\n<p>\ud83d\udeab VIKTIG!&nbsp;<br \/>&nbsp;<br \/>Produktnavn: Israelsk M60 Magach Main Battle Tank&nbsp;<br \/>&nbsp;<br \/>Kategori: Milit\u00e6r<br \/>&nbsp;<br \/>Dette settet inneholder: PANLOS 632004&nbsp;<br \/>&nbsp;<br \/>1753 stk Klosser av god kvalitet&nbsp;<br \/>&nbsp;<br \/>St\u00f8rrelse: 18 x 43 x 19 cm<br \/>&nbsp;<br \/>Manuelle instruksjoner&nbsp;<br \/>&nbsp;<br \/>\ud83d\udcccProtagonistens natur&nbsp;<br \/>&nbsp;<br \/>Vi introduserer v\u00e5r stolte samling kalt &quot;Israeli M60 Magach Main Battle Tank&quot; du ikke b\u00f8r g\u00e5 glipp av.&nbsp;<br \/>&nbsp;<br \/>Magach er egentlig en oppgradert og modifisert M60-tank, med ekstra rustning og oppgraderte v\u00e5pensystemer. Det ble gjort modifikasjoner for \u00e5 forbedre tankens overlevelsesevne og effektivitet p\u00e5 slagmarken, spesielt i det ulendte terrenget i Israel og Midt\u00f8sten. M60 Magach-tanken s\u00e5 handling i flere konflikter, inkludert Yom Kippur-krigen i 1973, Libanon-krigen i 1982 og Gulfkrigen i 1991. Til tross for at den var en eldre tank, ble den fortsatt ansett som effektiv p\u00e5 slagmarken p\u00e5 grunn av dens oppgraderinger og modifikasjoner.<\/div>","protected":false},"excerpt":{"rendered":"<p>Merke: PANLOSBRICK<br \/>\nKj\u00f8nn: Unisex<br \/>\nAldersgruppe: &gt; 6 \u00e5r gammel<br \/>\nModellnummer: 632004<br \/>\nKlassifisering: Montering<br \/>\nPlastblokkform: Selvl\u00e5sende murstein<br \/>\nMateriale: Plast<br \/>\nPlasttype: ABS<br \/>\nMursteinsblokker: 1753 +<br \/>\nIngen original eske<\/p>","protected":false},"featured_media":44224,"comment_status":"open","ping_status":"closed","template":"","meta":{"_acf_changed":false},"product_cat":[1350,1357,372,364],"product_tag":[11711,11712,11713,11710,2641,374,389],"class_list":["product","first","instock","shipping-taxable","purchasable","product-type-simple"],"acf":[],"_links":{"self":[{"href":"https:\/\/mouldking.store\/nb\/wp-json\/wp\/v2\/product\/44231","targetHints":{"allow":["GET"]}}],"collection":[{"href":"https:\/\/mouldking.store\/nb\/wp-json\/wp\/v2\/product"}],"about":[{"href":"https:\/\/mouldking.store\/nb\/wp-json\/wp\/v2\/types\/product"}],"replies":[{"embeddable":true,"href":"https:\/\/mouldking.store\/nb\/wp-json\/wp\/v2\/comments?post=44231"}],"wp:featuredmedia":[{"embeddable":true,"href":"https:\/\/mouldking.store\/nb\/wp-json\/wp\/v2\/media\/44224"}],"wp:attachment":[{"href":"https:\/\/mouldking.store\/nb\/wp-json\/wp\/v2\/media?parent=44231"}],"wp:term":[{"taxonomy":"product_cat","embeddable":true,"href":"https:\/\/mouldking.store\/nb\/wp-json\/wp\/v2\/product_cat?post=44231"},{"taxonomy":"product_tag","embeddable":true,"href":"https:\/\/mouldking.store\/nb\/wp-json\/wp\/v2\/product_tag?post=44231"}],"curies":[{"name":"wp","href":"https:\/\/api.w.org\/{rel}","templated":true}]}}