{"id":44237,"date":"2023-04-12T11:56:48","date_gmt":"2023-04-12T04:56:48","guid":{"rendered":"https:\/\/mouldking.store\/shop\/moc-factory-104139-assembly-square-apocalypse-version-with-4453-pieces\/"},"modified":"2025-12-16T22:25:04","modified_gmt":"2025-12-16T15:25:04","slug":"moc-factory-104139-assembly-square-apocalypse-version-with-4453-pieces","status":"publish","type":"product","link":"https:\/\/mouldking.store\/nb\/shop\/moc-factory-104139-assembly-square-apocalypse-version-with-4453-pieces\/","title":{"rendered":"MOC Factory 104139 Assembly Square \u2013 Apocalypse-versjon med 4453 stykker"},"content":{"rendered":"<div>\u2705 MOC-104139 Assembly Square \u2013 Apocalypse-versjon<\/p>\n<p>\u2705Assembly Square er et kommersielt og boligkompleks som ligger i byen Somerville, Massachusetts, USA. Komplekset inkluderer kontorer, leiligheter, butikker, restauranter og offentlige rom. Assembly Square ligger p\u00e5 stedet til en tidligere Ford Motor Company-fabrikk og ble utviklet av Federal Realty Investment Trust.<\/p>\n<p>\ud83d\udeab VIKTIG!<\/p>\n<p>Produktnavn: Assembly Square \u2013 Apocalypse-versjon<\/p>\n<p>Kategori: Modulbygg<\/p>\n<p>Dette settet inneholder: MOC-104139<\/p>\n<p>4453 stk Klosser av god kvalitet<\/p>\n<p>PDF-instruksjoner<\/p>\n<p>\ud83d\udcccProtagonistens natur<\/p>\n<p>Vi introduserer v\u00e5r stolte kolleksjon kalt &quot;Assembly Square - Apocalypse Version&quot; du ikke b\u00f8r g\u00e5 glipp av.<\/p>\n<p>Komplekset har blitt et popul\u00e6rt shopping- og spisested i hovedstadsomr\u00e5det i Boston, med en rekke butikker og restauranter som AMC Theatres, Starbucks, Legal Sea Foods og mer. Den har ogs\u00e5 offentlige rom som Baxter Riverfront Park, hvor folk kan nyte utsikten over Mystic River.<\/p><\/div>","protected":false},"excerpt":{"rendered":"<p>Merke: MOC Factory<br \/>\nKj\u00f8nn: Unisex<br \/>\nAldersgruppe: &gt; 6 \u00e5r gammel<br \/>\nModellnummer: 104139<br \/>\nKlassifisering: Montering<br \/>\nPlastblokkform: Selvl\u00e5sende murstein<br \/>\nMateriale: Plast<br \/>\nPlasttype: ABS<br \/>\nMursteinsblokker: 4453 +<br \/>\nArrangementstid: 4-8 uker<\/p>","protected":false},"featured_media":44232,"comment_status":"open","ping_status":"closed","template":"","meta":{"_acf_changed":false},"product_cat":[1395,390],"product_tag":[11714,11562,4883,11099,392,11125],"class_list":["product","first","instock","shipping-taxable","purchasable","product-type-simple"],"acf":[],"_links":{"self":[{"href":"https:\/\/mouldking.store\/nb\/wp-json\/wp\/v2\/product\/44237","targetHints":{"allow":["GET"]}}],"collection":[{"href":"https:\/\/mouldking.store\/nb\/wp-json\/wp\/v2\/product"}],"about":[{"href":"https:\/\/mouldking.store\/nb\/wp-json\/wp\/v2\/types\/product"}],"replies":[{"embeddable":true,"href":"https:\/\/mouldking.store\/nb\/wp-json\/wp\/v2\/comments?post=44237"}],"wp:featuredmedia":[{"embeddable":true,"href":"https:\/\/mouldking.store\/nb\/wp-json\/wp\/v2\/media\/44232"}],"wp:attachment":[{"href":"https:\/\/mouldking.store\/nb\/wp-json\/wp\/v2\/media?parent=44237"}],"wp:term":[{"taxonomy":"product_cat","embeddable":true,"href":"https:\/\/mouldking.store\/nb\/wp-json\/wp\/v2\/product_cat?post=44237"},{"taxonomy":"product_tag","embeddable":true,"href":"https:\/\/mouldking.store\/nb\/wp-json\/wp\/v2\/product_tag?post=44237"}],"curies":[{"name":"wp","href":"https:\/\/api.w.org\/{rel}","templated":true}]}}