{"id":44297,"date":"2023-04-14T09:46:42","date_gmt":"2023-04-14T02:46:42","guid":{"rendered":"https:\/\/mouldking.store\/shop\/moc-factory-89414-gravity-falls-bill-cipher-with-172-pieces\/"},"modified":"2025-12-16T22:25:04","modified_gmt":"2025-12-16T15:25:04","slug":"moc-factory-89414-gravity-falls-bill-cipher-with-172-pieces","status":"publish","type":"product","link":"https:\/\/mouldking.store\/nb\/shop\/moc-factory-89414-gravity-falls-bill-cipher-with-172-pieces\/","title":{"rendered":"MOC Factory 89414 Gravity Falls Bill Cipher med 172 stykker"},"content":{"rendered":"<div>\u2705MOC-89414 Gravity Falls Bill Cipher<\/p>\n<p>\u2705Bill Cipher er en karakter i den animerte TV-serien \u00abGravity Falls\u00bb, som ble sendt p\u00e5 Disney Channel fra 2012 til 2016. Han er en allmektig demon som s\u00f8ker \u00e5 komme inn i og erobre den virkelige verden ved \u00e5 lure og manipulere mennesker.<\/p>\n<p>\ud83d\udeab VIKTIG!<\/p>\n<p>Produktnavn: Gravity Falls Bill Cipher<\/p>\n<p>Kategori: Skaper<\/p>\n<p>Dette settet inneholder: C9384<\/p>\n<p>172 stk god kvalitet murstein<\/p>\n<p>St\u00f8rrelse: 18,5 x 4,6 x 20,5 cm<\/p>\n<p>Vekt: 0,094 kg<\/p>\n<p>PDF-instruksjoner<\/p>\n<p>\ud83d\udcccProtagonistens natur<\/p>\n<p>Vi introduserer v\u00e5r stolte kolleksjon kalt &quot;Gravity Falls Bill Cipher&quot; du ikke b\u00f8r g\u00e5 glipp av.<\/p>\n<p>Bill Cipher har form av en trekant med et enkelt \u00f8ye i midten, ofte omgitt av forskjellige symboler og inskripsjoner. Han blir stemt av Alex Hirsch, skaperen av showet. Gjennom hele serien fungerer Bill Cipher som hovedantagonist og utgj\u00f8r en stor trussel mot showets hovedkarakterer, Pines-familien. Han blir fremstilt som en utspekulert og sadistisk skurk som liker \u00e5 for\u00e5rsake kaos og lidelse. Til tross for sin onde natur, har Bill Cipher blitt en popul\u00e6r karakter blant fans av &quot;Gravity Falls&quot; for sitt unike design og minneverdige personlighet.<\/p><\/div>","protected":false},"excerpt":{"rendered":"<p>Merke: MOC Factory<br \/>\nKj\u00f8nn: Unisex<br \/>\nAldersgruppe: &gt; 6 \u00e5r gammel<br \/>\nModellnummer: 89414<br \/>\nKlassifisering: Montering<br \/>\nPlastblokkform: Selvl\u00e5sende murstein<br \/>\nMateriale: Plast<br \/>\nPlasttype: ABS<br \/>\nMursteinsblokker: 172 +<br \/>\nIngen original eske<\/p>","protected":false},"featured_media":44289,"comment_status":"open","ping_status":"closed","template":"","meta":{"_acf_changed":false},"product_cat":[1365,371],"product_tag":[11724,11725,11072,8452,11723,11722],"class_list":["product","first","instock","shipping-taxable","purchasable","product-type-simple"],"acf":[],"_links":{"self":[{"href":"https:\/\/mouldking.store\/nb\/wp-json\/wp\/v2\/product\/44297","targetHints":{"allow":["GET"]}}],"collection":[{"href":"https:\/\/mouldking.store\/nb\/wp-json\/wp\/v2\/product"}],"about":[{"href":"https:\/\/mouldking.store\/nb\/wp-json\/wp\/v2\/types\/product"}],"replies":[{"embeddable":true,"href":"https:\/\/mouldking.store\/nb\/wp-json\/wp\/v2\/comments?post=44297"}],"wp:featuredmedia":[{"embeddable":true,"href":"https:\/\/mouldking.store\/nb\/wp-json\/wp\/v2\/media\/44289"}],"wp:attachment":[{"href":"https:\/\/mouldking.store\/nb\/wp-json\/wp\/v2\/media?parent=44297"}],"wp:term":[{"taxonomy":"product_cat","embeddable":true,"href":"https:\/\/mouldking.store\/nb\/wp-json\/wp\/v2\/product_cat?post=44297"},{"taxonomy":"product_tag","embeddable":true,"href":"https:\/\/mouldking.store\/nb\/wp-json\/wp\/v2\/product_tag?post=44297"}],"curies":[{"name":"wp","href":"https:\/\/api.w.org\/{rel}","templated":true}]}}