{"id":44333,"date":"2023-04-14T11:13:20","date_gmt":"2023-04-14T04:13:20","guid":{"rendered":"https:\/\/mouldking.store\/shop\/keeppley-k20509-ichiraku-ramen-noodle-shop-with-2240-pieces\/"},"modified":"2023-04-14T11:13:20","modified_gmt":"2023-04-14T04:13:20","slug":"keeppley-k20509-ichiraku-ramen-noodle-shop-with-2240-pieces","status":"publish","type":"product","link":"https:\/\/mouldking.store\/nb\/shop\/keeppley-k20509-ichiraku-ramen-noodle-shop-with-2240-pieces\/","title":{"rendered":"Keeppley K20509 Ichiraku Ramen Noodle Shop med 2240 stykker"},"content":{"rendered":"<div>\u2705 Keeppley K20509 Ichiraku Ramen Noodle Shop&nbsp;<br \/>&nbsp;<br \/>\u2705Keepley K20509 Movie &amp; Game Noodle Shop Building Blocks-settet er et sv\u00e6rt detaljert og intrikat byggeklosssett som lar deg bygge en nudelbutikk i japansk stil. Settet inkluderer 2240\u00b1stk av individuelle byggeklosser og er designet for erfarne hobbyister som liker \u00e5 bygge og tilpasse komplekse modeller.<br \/>&nbsp;<br \/>\ud83d\udeab VIKTIG!&nbsp;<br \/>&nbsp;<br \/>Produktnavn: Ichiraku Ramen Noodle Shop&nbsp;<br \/>&nbsp;<br \/>Kategori: Modulbygg<br \/>&nbsp;<br \/>Dette settet inneholder: Keeppley K20509<br \/>&nbsp;<br \/>2240 stk Klosser av god kvalitet&nbsp;<br \/>&nbsp;<br \/>St\u00f8rrelse: 25,3 \u00d7 25,3 \u00d7 24 cm<br \/>&nbsp;<br \/>Manuelle instruksjoner&nbsp;<br \/>&nbsp;<br \/>\ud83d\udcccProtagonistens natur&nbsp;<br \/>&nbsp;<br \/>Vi introduserer v\u00e5r stolte kolleksjon kalt &quot;Ichiraku Ramen Noodle Shop&quot; du ikke b\u00f8r g\u00e5 glipp av.&nbsp;<br \/>&nbsp;<br \/>Nudelbutikkmodellen har et autentisk og realistisk utseende, med detaljert arkitektur og dekorasjoner i japansk stil, inkludert tradisjonelle lykter, bambusgjerder og kirseb\u00e6rtr\u00e6r. Byggeklossene som brukes i settet er laget av h\u00f8ykvalitets ABS-plast, som er slitesterk og langvarig. Keeppley K20509-settet er en del av Movie &amp; Game-serien, som er et undertema til byggeklosssettene som lar deg konstruere bygninger eller karakterer basert p\u00e5 popul\u00e6re filmer og videospill. Den er kompatibel med andre byggeklosssett fra samme serie, s\u00e5 vel som med andre store byggeklossmerker.<\/div>","protected":false},"excerpt":{"rendered":"<p>Merke: Keeppley<br \/>\nKj\u00f8nn: Unisex<br \/>\nAldersgruppe: &gt; 6 \u00e5r gammel<br \/>\nModellnummer: K20509<br \/>\nKlassifisering: Montering<br \/>\nPlastblokkform: Selvl\u00e5sende murstein<br \/>\nMateriale: Plast<br \/>\nPlasttype: ABS<br \/>\nMursteinsblokker: 2240 +<br \/>\nIngen minifigurer<\/p>","protected":false},"featured_media":44328,"comment_status":"open","ping_status":"closed","template":"","meta":{"_acf_changed":false},"product_cat":[1395,390],"product_tag":[11260,4883,5434,392,2383,11734,11735,11736,1711],"class_list":["product","first","instock","shipping-taxable","purchasable","product-type-simple"],"acf":[],"_links":{"self":[{"href":"https:\/\/mouldking.store\/nb\/wp-json\/wp\/v2\/product\/44333","targetHints":{"allow":["GET"]}}],"collection":[{"href":"https:\/\/mouldking.store\/nb\/wp-json\/wp\/v2\/product"}],"about":[{"href":"https:\/\/mouldking.store\/nb\/wp-json\/wp\/v2\/types\/product"}],"replies":[{"embeddable":true,"href":"https:\/\/mouldking.store\/nb\/wp-json\/wp\/v2\/comments?post=44333"}],"wp:featuredmedia":[{"embeddable":true,"href":"https:\/\/mouldking.store\/nb\/wp-json\/wp\/v2\/media\/44328"}],"wp:attachment":[{"href":"https:\/\/mouldking.store\/nb\/wp-json\/wp\/v2\/media?parent=44333"}],"wp:term":[{"taxonomy":"product_cat","embeddable":true,"href":"https:\/\/mouldking.store\/nb\/wp-json\/wp\/v2\/product_cat?post=44333"},{"taxonomy":"product_tag","embeddable":true,"href":"https:\/\/mouldking.store\/nb\/wp-json\/wp\/v2\/product_tag?post=44333"}],"curies":[{"name":"wp","href":"https:\/\/api.w.org\/{rel}","templated":true}]}}