{"id":44470,"date":"2023-04-19T13:27:08","date_gmt":"2023-04-19T06:27:08","guid":{"rendered":"https:\/\/mouldking.store\/shop\/xingbao-06046-german-slt-mammut-with-1912-pieces\/"},"modified":"2023-04-19T13:27:08","modified_gmt":"2023-04-19T06:27:08","slug":"xingbao-06046-german-slt-mammut-with-1912-pieces","status":"publish","type":"product","link":"https:\/\/mouldking.store\/nb\/shop\/xingbao-06046-german-slt-mammut-with-1912-pieces\/","title":{"rendered":"XINGBAO 06046 Tysk SLT Mammut med 1912 deler"},"content":{"rendered":"<div>\u2705XINGBAO 06046 Tysk SLT Mammut<br \/>&nbsp;<br \/>\u2705Den tyske SLT Mammut, ogs\u00e5 kjent som SLT 50-3 \u00abElefant\u00bb, er et tungt milit\u00e6rt transportkj\u00f8ret\u00f8y designet og produsert av det tyske selskapet Faun. SLT st\u00e5r for \u00abSchwerlasttransporter\u00bb, som oversettes til \u00abtungtransport\u00f8r\u00bb p\u00e5 engelsk.<br \/>&nbsp;<br \/>\ud83d\udeab VIKTIG!&nbsp;<br \/>&nbsp;<br \/>Produktnavn: Tysk SLT Mammut<br \/>&nbsp;<br \/>Kategori: Milit\u00e6r<br \/>&nbsp;<br \/>Dette settet inneholder: XINGBAO 06046<br \/>&nbsp;<br \/>1912 stk. klosser av god kvalitet&nbsp;<br \/>&nbsp;<br \/>Manuelle instruksjoner&nbsp;<br \/>&nbsp;<br \/>\ud83d\udcccProtagonistens natur&nbsp;<br \/>&nbsp;<br \/>Vi introduserer v\u00e5r stolte kolleksjon kalt \u00abTysk SLT Mammut\u00bb som du ikke b\u00f8r g\u00e5 glipp av.&nbsp;<br \/>&nbsp;<br \/>SLT Mammut er designet for \u00e5 transportere tungt milit\u00e6rt utstyr, som stridsvogner og artilleri, over lange avstander og i vanskelig terreng. Den har en kraftig motor og et unikt hydraulisk fj\u00e6ringssystem som gj\u00f8r at den kan h\u00e5ndtere tunge laster og navigere i ulendt terreng. Kj\u00f8ret\u00f8yet kan konfigureres med en rekke tilhengere og utstyr for ulike transportbehov. SLT Mammut har v\u00e6rt i tjeneste hos det tyske milit\u00e6ret siden 1970-tallet og har ogs\u00e5 blitt eksportert til andre land. Den har blitt brukt i en rekke milit\u00e6re operasjoner, inkludert fredsbevarende oppdrag, og regnes som et p\u00e5litelig og allsidig transportkj\u00f8ret\u00f8y.<\/div>","protected":false},"excerpt":{"rendered":"<p>Merke: XINGBAO<br \/>\nKj\u00f8nn: Unisex<br \/>\nAldersgruppe: &gt; 6 \u00e5r gammel<br \/>\nModellnummer: 06046<br \/>\nKlassifisering: Montering<br \/>\nPlastblokkform: Selvl\u00e5sende murstein<br \/>\nMateriale: Plast<br \/>\nPlasttype: ABS<br \/>\nMursteinsblokker: 1912+<br \/>\nIngen original eske<\/p>","protected":false},"featured_media":44468,"comment_status":"open","ping_status":"closed","template":"","meta":{"_acf_changed":false},"product_cat":[1350,1357,372,364],"product_tag":[10294,11754,374,389],"class_list":["product","first","instock","shipping-taxable","purchasable","product-type-simple"],"acf":[],"_links":{"self":[{"href":"https:\/\/mouldking.store\/nb\/wp-json\/wp\/v2\/product\/44470","targetHints":{"allow":["GET"]}}],"collection":[{"href":"https:\/\/mouldking.store\/nb\/wp-json\/wp\/v2\/product"}],"about":[{"href":"https:\/\/mouldking.store\/nb\/wp-json\/wp\/v2\/types\/product"}],"replies":[{"embeddable":true,"href":"https:\/\/mouldking.store\/nb\/wp-json\/wp\/v2\/comments?post=44470"}],"wp:featuredmedia":[{"embeddable":true,"href":"https:\/\/mouldking.store\/nb\/wp-json\/wp\/v2\/media\/44468"}],"wp:attachment":[{"href":"https:\/\/mouldking.store\/nb\/wp-json\/wp\/v2\/media?parent=44470"}],"wp:term":[{"taxonomy":"product_cat","embeddable":true,"href":"https:\/\/mouldking.store\/nb\/wp-json\/wp\/v2\/product_cat?post=44470"},{"taxonomy":"product_tag","embeddable":true,"href":"https:\/\/mouldking.store\/nb\/wp-json\/wp\/v2\/product_tag?post=44470"}],"curies":[{"name":"wp","href":"https:\/\/api.w.org\/{rel}","templated":true}]}}