{"id":45784,"date":"2023-05-25T15:26:19","date_gmt":"2023-05-25T08:26:19","guid":{"rendered":"https:\/\/mouldking.store\/shop\/zhegao-687403-mechanical-mechagodzilla-head-with-2595-pieces\/"},"modified":"2023-05-25T15:26:19","modified_gmt":"2023-05-25T08:26:19","slug":"zhegao-687403-mechanical-mechagodzilla-head-with-2595-pieces","status":"publish","type":"product","link":"https:\/\/mouldking.store\/nb\/shop\/zhegao-687403-mechanical-mechagodzilla-head-with-2595-pieces\/","title":{"rendered":"ZHEGAO 687403 Mechanical Mechagodzilla Head with 2595 Pieces"},"content":{"rendered":"<div>\u2705 Inbrixx 687403 Mechanical Mechagodzilla Head<br \/>&nbsp;<br \/>\u2705Godzilla is a fictional giant monster or kaiju that has become an iconic figure in the world of cinema and popular culture. The character originated in the 1954 Japanese film &#8220;Godzilla&#8221; (known as &#8220;Gojira&#8221; in Japan), directed by Ishir\u014d Honda.<\/p>\n<p>\ud83d\udeab VIKTIG!&nbsp;<br \/>&nbsp;<br \/>Product Name: Mechanical King Kong Head<br \/>&nbsp;<br \/>Kategori: Film<br \/>&nbsp;<br \/>This Kit Contains: ZHEGAO 00419&nbsp;<br \/>&nbsp;<br \/>2595 pcs Good Quality Bricks&nbsp;<br \/>&nbsp;<br \/>St\u00f8rrelse: 16 \u00d7 34,5 \u00d7 25 cm<br \/>&nbsp;<br \/>Manuelle instruksjoner&nbsp;<br \/>&nbsp;<br \/>\ud83d\udcccProtagonistens natur&nbsp;<br \/>&nbsp;<br \/>Introducing our proud collection named \u201cMechanical Mechagodzilla Head\u201d you should not miss.&nbsp;<br \/>&nbsp;<br \/>Godzilla is typically portrayed as a massive, prehistoric sea monster awakened or mutated by nuclear radiation. The creature possesses immense size, strength, and destructive power. It is often depicted as a force of nature, wreaking havoc on cities and battling other giant monsters. Throughout the years, Godzilla has appeared in numerous films, both Japanese and American productions. The character has become synonymous with the kaiju genre and has been featured in various storylines and interpretations. Godzilla movies often showcase epic battles between the monster and other iconic creatures, such as Mothra, King Ghidorah, and Rodan.<\/div>","protected":false},"excerpt":{"rendered":"<p>Merke: ZHEGAO<br \/>\nKj\u00f8nn: Unisex<br \/>\nAldersgruppe: &gt; 6 \u00e5r gammel<br \/>\nModellnummer: 687403<br \/>\nKlassifisering: Montering<br \/>\nPlastblokkform: Selvl\u00e5sende murstein<br \/>\nMateriale: Plast<br \/>\nPlasttype: ABS<br \/>\nBricks Blocks: 2595 +<br \/>\nIngen original eske<\/p>","protected":false},"featured_media":45779,"comment_status":"open","ping_status":"closed","template":"","meta":{"_acf_changed":false},"product_cat":[1365,371,581,1408],"product_tag":[11072,8452,3547,11956,434],"class_list":["product","first","instock","shipping-taxable","purchasable","product-type-simple"],"acf":[],"_links":{"self":[{"href":"https:\/\/mouldking.store\/nb\/wp-json\/wp\/v2\/product\/45784","targetHints":{"allow":["GET"]}}],"collection":[{"href":"https:\/\/mouldking.store\/nb\/wp-json\/wp\/v2\/product"}],"about":[{"href":"https:\/\/mouldking.store\/nb\/wp-json\/wp\/v2\/types\/product"}],"replies":[{"embeddable":true,"href":"https:\/\/mouldking.store\/nb\/wp-json\/wp\/v2\/comments?post=45784"}],"wp:featuredmedia":[{"embeddable":true,"href":"https:\/\/mouldking.store\/nb\/wp-json\/wp\/v2\/media\/45779"}],"wp:attachment":[{"href":"https:\/\/mouldking.store\/nb\/wp-json\/wp\/v2\/media?parent=45784"}],"wp:term":[{"taxonomy":"product_cat","embeddable":true,"href":"https:\/\/mouldking.store\/nb\/wp-json\/wp\/v2\/product_cat?post=45784"},{"taxonomy":"product_tag","embeddable":true,"href":"https:\/\/mouldking.store\/nb\/wp-json\/wp\/v2\/product_tag?post=45784"}],"curies":[{"name":"wp","href":"https:\/\/api.w.org\/{rel}","templated":true}]}}