{"id":46761,"date":"2023-06-16T10:45:17","date_gmt":"2023-06-16T03:45:17","guid":{"rendered":"https:\/\/mouldking.store\/shop\/mould-king-20025-motor-kv-1-heavy-tank-with-1000-pieces\/"},"modified":"2023-06-16T10:45:17","modified_gmt":"2023-06-16T03:45:17","slug":"mould-king-20025-motor-kv-1-heavy-tank-with-1000-pieces","status":"publish","type":"product","link":"https:\/\/mouldking.store\/nb\/shop\/mould-king-20025-motor-kv-1-heavy-tank-with-1000-pieces\/","title":{"rendered":"MOLD KING 20025 Motor KV-1 Heavy Tank med 1000 stykker"},"content":{"rendered":"<div>\u2705 Mold King 20025 Motor KV-1 Heavy Tank<br \/>&nbsp;<br \/>\u2705KV-1 var en tung tank som ble utviklet og utplassert av Sovjetunionen under andre verdenskrig. Den ble oppkalt etter den sovjetiske forsvarskommiss\u00e6ren Kliment Voroshilov. KV-1 ble designet for \u00e5 v\u00e6re tungt pansret og for \u00e5 gi sterk ildkraft p\u00e5 slagmarken.<br \/>&nbsp;<br \/>\ud83d\udeab VIKTIG!&nbsp;<br \/>&nbsp;<br \/>Produktnavn: Motor KV-1 Heavy Tank<br \/>&nbsp;<br \/>Kategori: Milit\u00e6r&nbsp;<br \/>&nbsp;<br \/>Dette settet inneholder: Mold King 20025<br \/>&nbsp;<br \/>1000 stk god kvalitet murstein&nbsp;<br \/>&nbsp;<br \/>St\u00f8rrelse: 25 \u00d7 12,9 \u00d7 11,6 cm<br \/>&nbsp;<br \/>Manuelle instruksjoner&nbsp;<br \/>&nbsp;<br \/>\ud83d\udcccProtagonistens natur&nbsp;<br \/>&nbsp;<br \/>Vi introduserer v\u00e5r stolte kolleksjon kalt &quot;Motor KV-1 Heavy Tank&quot; du ikke b\u00f8r g\u00e5 glipp av.&nbsp;<br \/>&nbsp;<br \/>KV-1 ble introdusert i 1939 og fikk raskt et rykte for sin tykke rustning, som var sv\u00e6rt motstandsdyktig mot fiendtlig ild, spesielt i de tidlige stadiene av krigen. Dens rustning var blant de tykkeste av noen tank i tjeneste p\u00e5 den tiden. Tankens beskyttelse ble ytterligere forbedret av dens skr\u00e5nende panserdesign, som forbedret dens defensive evner. Hovedbev\u00e6pningen til KV-1 besto opprinnelig av en 76,2 mm kanon, som senere ble oppgradert til en kraftigere 85 mm pistol. Dette tillot den \u00e5 engasjere fiendens stridsvogner effektivt. KV-1 hadde ogs\u00e5 sekund\u00e6r bev\u00e6pning, inkludert maskingev\u00e6r for anti-infanteri og anti-fly forsvar.<\/div>","protected":false},"excerpt":{"rendered":"<p>Merke: MOLD KING<br \/>\nKj\u00f8nn: Unisex<br \/>\nAldersgruppe: &gt; 8 \u00e5r gammel<br \/>\nModellnummer: 20025<br \/>\nKlassifisering: Montering<br \/>\nPlastblokkform: Selvl\u00e5sende murstein<br \/>\nMateriale: Plast<br \/>\nPlasttype: ABS<br \/>\nMursteinsblokker: 1000+<br \/>\nDelene kan endres<br \/>\nIngen original eske<\/p>","protected":false},"featured_media":46756,"comment_status":"open","ping_status":"closed","template":"","meta":{"_acf_changed":false},"product_cat":[1350,1357,372,364],"product_tag":[12111,12110,374,485,389],"class_list":["product","first","instock","shipping-taxable","purchasable","product-type-simple"],"acf":[],"_links":{"self":[{"href":"https:\/\/mouldking.store\/nb\/wp-json\/wp\/v2\/product\/46761","targetHints":{"allow":["GET"]}}],"collection":[{"href":"https:\/\/mouldking.store\/nb\/wp-json\/wp\/v2\/product"}],"about":[{"href":"https:\/\/mouldking.store\/nb\/wp-json\/wp\/v2\/types\/product"}],"replies":[{"embeddable":true,"href":"https:\/\/mouldking.store\/nb\/wp-json\/wp\/v2\/comments?post=46761"}],"wp:featuredmedia":[{"embeddable":true,"href":"https:\/\/mouldking.store\/nb\/wp-json\/wp\/v2\/media\/46756"}],"wp:attachment":[{"href":"https:\/\/mouldking.store\/nb\/wp-json\/wp\/v2\/media?parent=46761"}],"wp:term":[{"taxonomy":"product_cat","embeddable":true,"href":"https:\/\/mouldking.store\/nb\/wp-json\/wp\/v2\/product_cat?post=46761"},{"taxonomy":"product_tag","embeddable":true,"href":"https:\/\/mouldking.store\/nb\/wp-json\/wp\/v2\/product_tag?post=46761"}],"curies":[{"name":"wp","href":"https:\/\/api.w.org\/{rel}","templated":true}]}}