{"id":46904,"date":"2023-06-26T09:31:24","date_gmt":"2023-06-26T02:31:24","guid":{"rendered":"https:\/\/mouldking.store\/shop\/panlosbrick-628008-kari-carronade-with-4158-pieces\/"},"modified":"2023-06-26T09:31:24","modified_gmt":"2023-06-26T02:31:24","slug":"panlosbrick-628008-kari-carronade-with-4158-pieces","status":"publish","type":"product","link":"https:\/\/mouldking.store\/nb\/shop\/panlosbrick-628008-kari-carronade-with-4158-pieces\/","title":{"rendered":"PANLOSBRICK 628008 KARI Carronade with 4158 Pieces"},"content":{"rendered":"<div>\u2705PANLOS 628008 KARI Carronade<br \/>&nbsp;<br \/>\u2705The German Karl-Ger\u00e4t, also known as the Karl heavy mortar or M\u00f6rser Karl, was a series of large-caliber self-propelled siege mortars used by Germany during World War II. It was named after its designer, Karl Becker.<br \/>&nbsp;<br \/>\ud83d\udeab VIKTIG!&nbsp;<br \/>&nbsp;<br \/>Product Name: KARI Carronade<br \/>&nbsp;<br \/>Kategori: Milit\u00e6r<br \/>&nbsp;<br \/>This Kit Contains: PANLOS 628008<br \/>&nbsp;<br \/>4158 pcs Good Quality Bricks&nbsp;<br \/>&nbsp;<br \/>Size: 129 \u00d7 15 \u00d7 17 cm<br \/>&nbsp;<br \/>Manuelle instruksjoner&nbsp;<br \/>&nbsp;<br \/>\ud83d\udcccProtagonistens natur&nbsp;<br \/>&nbsp;<br \/>Introducing our proud collection named \u201cKARI Carronade\u201d you should not miss.&nbsp;<br \/>&nbsp;<br \/>The Karl-Ger\u00e4t was primarily designed for destroying heavily fortified positions, such as concrete bunkers and fortresses. It consisted of two main variants: the Karl-Ger\u00e4t I (also known as the Ger\u00e4t 040) and the Karl-Ger\u00e4t II (Ger\u00e4t 041). The Karl-Ger\u00e4t I had a 60 cm (24 inch) caliber and fired massive 2-ton projectiles, while the Karl-Ger\u00e4t II had a 54 cm (21 inch) caliber and fired slightly smaller 1.8-ton shells. These shells were essentially giant high-explosive projectiles intended to cause maximum damage to enemy fortifications.<\/div>","protected":false},"excerpt":{"rendered":"<p>Merke: PANLOSBRICK<br \/>\nKj\u00f8nn: Unisex<br \/>\nAldersgruppe: &gt; 8 \u00e5r gammel<br \/>\nModel Number: 628008<br \/>\nKlassifisering: Montering<br \/>\nPlastblokkform: Selvl\u00e5sende murstein<br \/>\nMateriale: Plast<br \/>\nPlasttype: ABS<br \/>\nBricks Blocks: 4158 +<br \/>\nIngen original eske<\/p>","protected":false},"featured_media":46901,"comment_status":"open","ping_status":"closed","template":"","meta":{"_acf_changed":false},"product_cat":[1350,1357,372,364],"product_tag":[12124,12123,374,389],"class_list":["product","first","instock","shipping-taxable","purchasable","product-type-simple"],"acf":[],"_links":{"self":[{"href":"https:\/\/mouldking.store\/nb\/wp-json\/wp\/v2\/product\/46904","targetHints":{"allow":["GET"]}}],"collection":[{"href":"https:\/\/mouldking.store\/nb\/wp-json\/wp\/v2\/product"}],"about":[{"href":"https:\/\/mouldking.store\/nb\/wp-json\/wp\/v2\/types\/product"}],"replies":[{"embeddable":true,"href":"https:\/\/mouldking.store\/nb\/wp-json\/wp\/v2\/comments?post=46904"}],"wp:featuredmedia":[{"embeddable":true,"href":"https:\/\/mouldking.store\/nb\/wp-json\/wp\/v2\/media\/46901"}],"wp:attachment":[{"href":"https:\/\/mouldking.store\/nb\/wp-json\/wp\/v2\/media?parent=46904"}],"wp:term":[{"taxonomy":"product_cat","embeddable":true,"href":"https:\/\/mouldking.store\/nb\/wp-json\/wp\/v2\/product_cat?post=46904"},{"taxonomy":"product_tag","embeddable":true,"href":"https:\/\/mouldking.store\/nb\/wp-json\/wp\/v2\/product_tag?post=46904"}],"curies":[{"name":"wp","href":"https:\/\/api.w.org\/{rel}","templated":true}]}}