{"id":49380,"date":"2023-08-15T18:44:23","date_gmt":"2023-08-15T11:44:23","guid":{"rendered":"https:\/\/mouldking.store\/shop\/moc-factory-108512-star-wars-the-mandalorian-mando-with-381-pieces\/"},"modified":"2025-12-16T22:24:48","modified_gmt":"2025-12-16T15:24:48","slug":"moc-factory-108512-star-wars-the-mandalorian-mando-with-381-pieces","status":"publish","type":"product","link":"https:\/\/mouldking.store\/nb\/shop\/moc-factory-108512-star-wars-the-mandalorian-mando-with-381-pieces\/","title":{"rendered":"MOC Factory 108512 Star Wars The Mandalorian Mando med 381 stykker"},"content":{"rendered":"<div>\u2705MOC-108512 Star Wars The Mandalorian Mando<\/p>\n<p>\u2705&quot;The Mandalorian,&quot; ogs\u00e5 kjent som &quot;Mando,&quot; er hovedpersonen i den popul\u00e6re Star Wars TV-serien med tittelen &quot;The Mandalorian.&quot; Showet hadde premiere p\u00e5 Disney+-str\u00f8mmeplattformen i november 2019 og ble raskt en stor hit blant Star Wars-fans og et generelt publikum.<\/p>\n<p>\ud83d\udeab VIKTIG!<\/p>\n<p>Produktnavn: Star Wars The Mandalorian Mando<\/p>\n<p>Kategori: Star Wars<\/p>\n<p>Dette settet inneholder: C9601<\/p>\n<p>381 stk god kvalitet murstein<\/p>\n<p>St\u00f8rrelse: 10 x 8 x 23 cm<\/p>\n<p>Vekt: 0,16 kg<\/p>\n<p>PDF-instruksjoner<\/p>\n<p>\ud83d\udcccProtagonistens natur<\/p>\n<p>Vi introduserer v\u00e5r stolte kolleksjon kalt &quot;Star Wars The Mandalorian Mando&quot; du ikke b\u00f8r g\u00e5 glipp av.<\/p>\n<p>\u00abThe Mandalorian\u00bb er satt i Star Wars-universet, og finner sted noen \u00e5r etter hendelsene i \u00abStar Wars: Episode VI \u2013 Return of the Jedi\u00bb og lenge f\u00f8r \u00abStar Wars: Episode VII \u2013 The Force Awakens\u00bb. Serien f\u00f8lger eventyrene til en ensom og mystisk Mandalorian dus\u00f8rjeger, hvis egentlige navn er Din Djarin, men som ofte blir referert til som Mando.<\/p><\/div>","protected":false},"excerpt":{"rendered":"<p>Merke: MOC Factory<br \/>\nKj\u00f8nn: Unisex<br \/>\nAldersgruppe: &gt; 6 \u00e5r gammel<br \/>\nModellnummer: 108512<br \/>\nKlassifisering: Montering<br \/>\nPlastblokkform: Selvl\u00e5sende murstein<br \/>\nMateriale: Plast<br \/>\nPlasttype: ABS<br \/>\nMursteinsblokker: 381 +<br \/>\nIngen original eske<\/p>","protected":false},"featured_media":49374,"comment_status":"open","ping_status":"closed","template":"","meta":{"_acf_changed":false},"product_cat":[1365,371,581,415,1408],"product_tag":[11072,8452,12083,12457,434,436],"class_list":["product","first","instock","shipping-taxable","purchasable","product-type-simple"],"acf":[],"_links":{"self":[{"href":"https:\/\/mouldking.store\/nb\/wp-json\/wp\/v2\/product\/49380","targetHints":{"allow":["GET"]}}],"collection":[{"href":"https:\/\/mouldking.store\/nb\/wp-json\/wp\/v2\/product"}],"about":[{"href":"https:\/\/mouldking.store\/nb\/wp-json\/wp\/v2\/types\/product"}],"replies":[{"embeddable":true,"href":"https:\/\/mouldking.store\/nb\/wp-json\/wp\/v2\/comments?post=49380"}],"wp:featuredmedia":[{"embeddable":true,"href":"https:\/\/mouldking.store\/nb\/wp-json\/wp\/v2\/media\/49374"}],"wp:attachment":[{"href":"https:\/\/mouldking.store\/nb\/wp-json\/wp\/v2\/media?parent=49380"}],"wp:term":[{"taxonomy":"product_cat","embeddable":true,"href":"https:\/\/mouldking.store\/nb\/wp-json\/wp\/v2\/product_cat?post=49380"},{"taxonomy":"product_tag","embeddable":true,"href":"https:\/\/mouldking.store\/nb\/wp-json\/wp\/v2\/product_tag?post=49380"}],"curies":[{"name":"wp","href":"https:\/\/api.w.org\/{rel}","templated":true}]}}