{"id":50876,"date":"2023-09-25T16:55:35","date_gmt":"2023-09-25T09:55:35","guid":{"rendered":"https:\/\/mouldking.store\/shop\/jiestar-jj9045-dried-flower-decoration-botanical-collection-with-917-pieces\/"},"modified":"2023-09-25T16:55:35","modified_gmt":"2023-09-25T09:55:35","slug":"jiestar-jj9045-dried-flower-decoration-botanical-collection-with-917-pieces","status":"publish","type":"product","link":"https:\/\/mouldking.store\/nb\/shop\/jiestar-jj9045-dried-flower-decoration-botanical-collection-with-917-pieces\/","title":{"rendered":"JIESTAR JJ9045 T\u00f8rkede blomsterdekorasjon Botanisk kolleksjon med 917 deler"},"content":{"rendered":"<div>\u2705 JIESTAR JJ9045 T\u00f8rkede blomsterdekorasjon Botanisk kolleksjon<br \/>&nbsp;<br \/>\u2705T\u00f8rkede blomsterdekorasjon, ofte referert til som botanisk dekor, inneb\u00e6rer bruk av t\u00f8rkede plantematerialer, som blomster, blader, stilker og andre botaniske elementer, for \u00e5 lage dekorative arrangementer og utstillinger. Denne typen dekor har blitt popul\u00e6r for sin naturlige skj\u00f8nnhet og lange levetid, ettersom t\u00f8rkede blomster kan vare lenge uten \u00e5 visne.&nbsp;<br \/>&nbsp;<br \/>\ud83d\udeab VIKTIG!&nbsp;<br \/>&nbsp;<br \/>Produktnavn: T\u00f8rkede blomsterdekorasjoner Botanisk samling<br \/>&nbsp;<br \/>Kategori: Skaper&nbsp;<br \/>&nbsp;<br \/>Dette settet inneholder: JIESTAR JJ9045<br \/>&nbsp;<br \/>917 stk. klosser av god kvalitet &nbsp;<br \/>&nbsp;<br \/>Manuelle instruksjoner&nbsp;<br \/>&nbsp;<br \/>\ud83d\udcccProtagonistens natur&nbsp;<br \/>&nbsp;<br \/>Vi introduserer v\u00e5r stolte kolleksjon kalt \u00abT\u00f8rkede blomsterdekorasjoner i botanisk stil\u00bb som du ikke b\u00f8r g\u00e5 glipp av.&nbsp;<br \/>&nbsp;<br \/>Ulike blomster og planter kan t\u00f8rkes og brukes til dekorasjon. Vanlige valg inkluderer blant annet roser, lavendel, eukalyptus, babypust og hortensia. Utvalget avhenger ofte av \u00f8nsket fargepalett og estetikk. T\u00f8rking av blomster kan gj\u00f8res ved hjelp av ulike metoder, som luftt\u00f8rking, pressing eller bruk av t\u00f8rkemidler som silikagel. Hver metode gir forskjellige resultater n\u00e5r det gjelder fargebevaring og tekstur. T\u00f8rkede blomster kan brukes til \u00e5 lage ulike typer arrangementer, inkludert buketter, kranser, veggtepper, borddekorasjoner og botanisk kunst. Disse arrangementene kan skreddersys for \u00e5 passe til ulike anledninger og rom.<\/div>","protected":false},"excerpt":{"rendered":"<p>Merke: JIESTAR<br \/>\nKj\u00f8nn: Unisex<br \/>\nAldersgruppe: &gt; 6 \u00e5r gammel<br \/>\nModellnummer: JJ9045<br \/>\nKlassifisering: Montering<br \/>\nPlastblokkform: Selvl\u00e5sende murstein<br \/>\nMateriale: Plast<br \/>\nPlasttype: ABS<br \/>\nMursteinsblokker: 917+<br \/>\nIngen original eske<\/p>","protected":false},"featured_media":50871,"comment_status":"open","ping_status":"closed","template":"","meta":{"_acf_changed":false},"product_cat":[1365,371],"product_tag":[7571,8149,11072,8452,12675,12674,11106],"class_list":["product","first","instock","shipping-taxable","purchasable","product-type-simple"],"acf":[],"_links":{"self":[{"href":"https:\/\/mouldking.store\/nb\/wp-json\/wp\/v2\/product\/50876","targetHints":{"allow":["GET"]}}],"collection":[{"href":"https:\/\/mouldking.store\/nb\/wp-json\/wp\/v2\/product"}],"about":[{"href":"https:\/\/mouldking.store\/nb\/wp-json\/wp\/v2\/types\/product"}],"replies":[{"embeddable":true,"href":"https:\/\/mouldking.store\/nb\/wp-json\/wp\/v2\/comments?post=50876"}],"wp:featuredmedia":[{"embeddable":true,"href":"https:\/\/mouldking.store\/nb\/wp-json\/wp\/v2\/media\/50871"}],"wp:attachment":[{"href":"https:\/\/mouldking.store\/nb\/wp-json\/wp\/v2\/media?parent=50876"}],"wp:term":[{"taxonomy":"product_cat","embeddable":true,"href":"https:\/\/mouldking.store\/nb\/wp-json\/wp\/v2\/product_cat?post=50876"},{"taxonomy":"product_tag","embeddable":true,"href":"https:\/\/mouldking.store\/nb\/wp-json\/wp\/v2\/product_tag?post=50876"}],"curies":[{"name":"wp","href":"https:\/\/api.w.org\/{rel}","templated":true}]}}