{"id":51425,"date":"2023-10-11T12:34:19","date_gmt":"2023-10-11T05:34:19","guid":{"rendered":"https:\/\/mouldking.store\/shop\/mould-king-13181-plotter-with-motor-with-3088-pieces\/"},"modified":"2023-10-11T12:34:19","modified_gmt":"2023-10-11T05:34:19","slug":"mould-king-13181-plotter-with-motor-with-3088-pieces","status":"publish","type":"product","link":"https:\/\/mouldking.store\/nb\/shop\/mould-king-13181-plotter-with-motor-with-3088-pieces\/","title":{"rendered":"M\u00d8PEKONG 13181 Plotter Med Motor med 3088 Stykker"},"content":{"rendered":"<div>\u2705Mould King 13181 Plotter med motor<br \/>&nbsp;<br \/>\u2705En plotter er en datamaskinutgangsenhet som brukes til \u00e5 skrive ut vektorgrafikk, som lages ved hjelp av matematiske ligninger for \u00e5 definere linjer, former og objekter. I motsetning til tradisjonelle skrivere, som bruker rastergrafikk for \u00e5 produsere bilder, er plottere designet for presisjon og er i stand til \u00e5 lage detaljerte, n\u00f8yaktige og storskala tegninger eller diagrammer.&nbsp;<br \/>&nbsp;<br \/>\ud83d\udeab VIKTIG!&nbsp;<br \/>&nbsp;<br \/>Produktnavn: Plotter med motor<br \/>&nbsp;<br \/>Kategori: Teknikk<br \/>&nbsp;<br \/>Dette settet inneholder: ould King 13181<br \/>&nbsp;<br \/>3088 stk Klosser av god kvalitet&nbsp;<br \/>&nbsp;<br \/>St\u00f8rrelse: 51,3 \u00d7 45,5 \u00d7 19,2 cm<br \/>&nbsp;<br \/>Manuelle instruksjoner&nbsp;<br \/>&nbsp;<br \/>\ud83d\udcccProtagonistens natur&nbsp;<br \/>&nbsp;<br \/>Vi introduserer v\u00e5r stolte kolleksjon kalt &quot;Plotter With Motor&quot; du ikke b\u00f8r g\u00e5 glipp av.&nbsp;<br \/>&nbsp;<br \/>Plottere bruker penner eller andre tegneinstrumenter for \u00e5 bevege seg over papiret eller andre medier. De tegner linjer, kurver og tekst basert p\u00e5 presise koordinater og matematiske ligninger, noe som gir h\u00f8y oppl\u00f8sning og skarp utgang. Plottere brukes ofte innen tekniske og tekniske felt for oppgaver som \u00e5 lage arkitektoniske tegninger, tekniske diagrammer, kretsdiagrammer og kart. De brukes ogs\u00e5 i kunst og design for \u00e5 produsere intrikat, storskala grafikk og illustrasjoner. Plottere er ofte forbundet med storformatutskrift. De kan lage utskrifter p\u00e5 papir eller andre materialer som er betydelig st\u00f8rre enn hva standard skrivere kan h\u00e5ndtere.<\/div>","protected":false},"excerpt":{"rendered":"<p>Merke: MOLD KING<br \/>\nKj\u00f8nn: Unisex<br \/>\nAldersgruppe: &gt; 14 \u00e5r gammel<br \/>\nModellnummer: 13181<br \/>\nKlassifisering: Montering<br \/>\nPlastblokkform: Selvl\u00e5sende murstein<br \/>\nMateriale: Plast<br \/>\nPlasttype: ABS<br \/>\nMursteinsblokker: 3088 +<br \/>\nIngen original eske<\/p>","protected":false},"featured_media":51410,"comment_status":"open","ping_status":"closed","template":"","meta":{"_acf_changed":false},"product_cat":[1357,364],"product_tag":[12728,590,389,11080],"class_list":["product","first","instock","shipping-taxable","purchasable","product-type-simple"],"acf":[],"_links":{"self":[{"href":"https:\/\/mouldking.store\/nb\/wp-json\/wp\/v2\/product\/51425","targetHints":{"allow":["GET"]}}],"collection":[{"href":"https:\/\/mouldking.store\/nb\/wp-json\/wp\/v2\/product"}],"about":[{"href":"https:\/\/mouldking.store\/nb\/wp-json\/wp\/v2\/types\/product"}],"replies":[{"embeddable":true,"href":"https:\/\/mouldking.store\/nb\/wp-json\/wp\/v2\/comments?post=51425"}],"wp:featuredmedia":[{"embeddable":true,"href":"https:\/\/mouldking.store\/nb\/wp-json\/wp\/v2\/media\/51410"}],"wp:attachment":[{"href":"https:\/\/mouldking.store\/nb\/wp-json\/wp\/v2\/media?parent=51425"}],"wp:term":[{"taxonomy":"product_cat","embeddable":true,"href":"https:\/\/mouldking.store\/nb\/wp-json\/wp\/v2\/product_cat?post=51425"},{"taxonomy":"product_tag","embeddable":true,"href":"https:\/\/mouldking.store\/nb\/wp-json\/wp\/v2\/product_tag?post=51425"}],"curies":[{"name":"wp","href":"https:\/\/api.w.org\/{rel}","templated":true}]}}