{"id":52357,"date":"2023-11-06T18:22:08","date_gmt":"2023-11-06T11:22:08","guid":{"rendered":"https:\/\/mouldking.store\/shop\/moc-factory-136982-sls-mobile-launcher-with-10047-pieces\/"},"modified":"2025-12-16T20:59:21","modified_gmt":"2025-12-16T13:59:21","slug":"moc-factory-136982-sls-mobile-launcher-with-10047-pieces","status":"publish","type":"product","link":"https:\/\/mouldking.store\/nb\/shop\/moc-factory-136982-sls-mobile-launcher-with-10047-pieces\/","title":{"rendered":"MOC Factory 136982 SLS Mobil Launcher med 10047 Brikker"},"content":{"rendered":"<div>\u2705 MOC-136982 SLS Mobil Launcher<\/p>\n<p>\u2705Den mobile rakettb\u00e6reren Space Launch System (SLS) er en viktig del av infrastrukturen som brukes i USAs romforskningsprogram. Den er utviklet for \u00e5 st\u00f8tte oppskytningen av NASAs Space Launch System-rakett, som er beregnet p\u00e5 romferder, inkludert oppdrag til m\u00e5nen og Mars.<\/p>\n<p>\ud83d\udeab VIKTIG!<\/p>\n<p>Produktnavn: SLS Mobile Launcher<\/p>\n<p>Kategori: Rom<\/p>\n<p>Dette settet inneholder: C9584<\/p>\n<p>10047 stk. klosser av god kvalitet<\/p>\n<p>St\u00f8rrelse: 61,4 x 49,8 x 116,8 cm<\/p>\n<p>Vekt: 8,5 kg<\/p>\n<p>PDF-instruksjoner<\/p>\n<p>\ud83d\udcccProtagonistens natur<\/p>\n<p>Vi introduserer v\u00e5r stolte kolleksjon kalt \u00abSLS Mobile Launcher\u00bb som du ikke b\u00f8r g\u00e5 glipp av.<\/p>\n<p>Den mobile raketten er i hovedsak en plattform p\u00e5 hjul. Det er en massiv struktur som gir en stabil og sikker base for SLS-raketten under montering, testing og oppskytning. Den mobile raketten inkluderer en t\u00e5rnstruktur som strekker seg vertikalt og gir tilgang til raketten for montering, vedlikehold og tilgang for mannskap. Den inkluderer ogs\u00e5 plattformer og arbeidsomr\u00e5der for bakkemannskaper. Rakettb\u00e6reren er utstyrt med et nettverk av navlestrengsforbindelser, inkludert drivstoffledninger, elektriske forbindelser og datalinker. Disse forbindelsene muliggj\u00f8r overf\u00f8ring av drivstoff, str\u00f8m og data mellom raketten og raketten.<\/p><\/div>","protected":false},"excerpt":{"rendered":"<p>Merke: MOC Factory<br \/>\nKj\u00f8nn: Unisex<br \/>\nAldersgruppe: &gt; 14 \u00e5r gammel<br \/>\nModellnummer: 136982<br \/>\nKlassifisering: Montering<br \/>\nPlastblokkform: Selvl\u00e5sende murstein<br \/>\nMateriale: Plast<br \/>\nPlasttype: ABS<br \/>\nMursteinsblokker: 10047 +<br \/>\nIngen original eske<\/p>","protected":false},"featured_media":52347,"comment_status":"open","ping_status":"closed","template":"","meta":{"_acf_changed":false},"product_cat":[1357,6016,364],"product_tag":[11441,12812,11129,2276,389],"class_list":["product","first","instock","shipping-taxable","purchasable","product-type-simple"],"acf":[],"_links":{"self":[{"href":"https:\/\/mouldking.store\/nb\/wp-json\/wp\/v2\/product\/52357","targetHints":{"allow":["GET"]}}],"collection":[{"href":"https:\/\/mouldking.store\/nb\/wp-json\/wp\/v2\/product"}],"about":[{"href":"https:\/\/mouldking.store\/nb\/wp-json\/wp\/v2\/types\/product"}],"replies":[{"embeddable":true,"href":"https:\/\/mouldking.store\/nb\/wp-json\/wp\/v2\/comments?post=52357"}],"wp:featuredmedia":[{"embeddable":true,"href":"https:\/\/mouldking.store\/nb\/wp-json\/wp\/v2\/media\/52347"}],"wp:attachment":[{"href":"https:\/\/mouldking.store\/nb\/wp-json\/wp\/v2\/media?parent=52357"}],"wp:term":[{"taxonomy":"product_cat","embeddable":true,"href":"https:\/\/mouldking.store\/nb\/wp-json\/wp\/v2\/product_cat?post=52357"},{"taxonomy":"product_tag","embeddable":true,"href":"https:\/\/mouldking.store\/nb\/wp-json\/wp\/v2\/product_tag?post=52357"}],"curies":[{"name":"wp","href":"https:\/\/api.w.org\/{rel}","templated":true}]}}