{"id":53080,"date":"2023-11-21T18:41:22","date_gmt":"2023-11-21T11:41:22","guid":{"rendered":"https:\/\/mouldking.store\/shop\/moc-factory-89214-battletech-uziel-mech-with-1492-pieces\/"},"modified":"2025-12-16T20:59:17","modified_gmt":"2025-12-16T13:59:17","slug":"moc-factory-89214-battletech-uziel-mech-with-1492-pieces","status":"publish","type":"product","link":"https:\/\/mouldking.store\/nb\/shop\/moc-factory-89214-battletech-uziel-mech-with-1492-pieces\/","title":{"rendered":"MOC Factory 89214 BattleTech Uziel-robot med 1492 deler"},"content":{"rendered":"<div>\u2705MOC-89214 BattleTech Uziel Mech<\/p>\n<p>\u2705Uziel er en BattleMech i det fiktive universet BattleTech, som er et bordspill innen krigsspill og science fiction som inkluderer diverse medier som videospill, romaner og animerte serier. Uziel er et av de mange BattleMech-designene som finnes i BattleTech-universet.<\/p>\n<p>\ud83d\udeab VIKTIG!<\/p>\n<p>Produktnavn: BattleTech Uziel Mech<\/p>\n<p>Kategori: Film<\/p>\n<p>Dette settet inneholder: C9716<\/p>\n<p>1492 stk. klosser av god kvalitet<\/p>\n<p>St\u00f8rrelse: 30 x 15 x 24 cm<\/p>\n<p>Vekt: 0,84 kg<\/p>\n<p>PDF-instruksjoner<\/p>\n<p>\ud83d\udcccProtagonistens natur<\/p>\n<p>Vi introduserer v\u00e5r stolte kolleksjon kalt \u00abBattleTech Uziel Mech\u00bb som du ikke b\u00f8r g\u00e5 glipp av.<\/p>\n<p>Uziel er kjent for sin blanding av energi og ballistiske v\u00e5pen. Den har ofte et utvalg av lasere, autokanoner og missiler, noe som gir allsidighet i kamp. Selv om den ikke er like rask som lettere mecher, er Uziel fortsatt i stand til \u00e5 man\u00f8vrere effektivt p\u00e5 slagmarken. Uziels rustning er tilstrekkelig til \u00e5 motst\u00e5 moderate mengder skade, noe som gj\u00f8r den til en slitesterk tilstedev\u00e6relse p\u00e5 slagmarken. Som mange BattleMechs har Uziel forskjellige varianter med distinkte v\u00e5penutrustninger og konfigurasjoner som passer til ulike kamproller.<\/p><\/div>","protected":false},"excerpt":{"rendered":"<p>Merke: MOC Factory<br \/>\nKj\u00f8nn: Unisex<br \/>\nAldersgruppe: &gt; 6 \u00e5r gammel<br \/>\nModellnummer: 89214<br \/>\nKlassifisering: Montering<br \/>\nPlastblokkform: Selvl\u00e5sende murstein<br \/>\nMateriale: Plast<br \/>\nPlasttype: ABS<br \/>\nMursteinsblokker: 1492+<br \/>\nIngen original eske<\/p>","protected":false},"featured_media":53054,"comment_status":"open","ping_status":"closed","template":"","meta":{"_acf_changed":false},"product_cat":[1365,371,581,1408],"product_tag":[12488,11072,8452,11233,434,590],"class_list":["product","first","instock","shipping-taxable","purchasable","product-type-simple"],"acf":[],"_links":{"self":[{"href":"https:\/\/mouldking.store\/nb\/wp-json\/wp\/v2\/product\/53080","targetHints":{"allow":["GET"]}}],"collection":[{"href":"https:\/\/mouldking.store\/nb\/wp-json\/wp\/v2\/product"}],"about":[{"href":"https:\/\/mouldking.store\/nb\/wp-json\/wp\/v2\/types\/product"}],"replies":[{"embeddable":true,"href":"https:\/\/mouldking.store\/nb\/wp-json\/wp\/v2\/comments?post=53080"}],"wp:featuredmedia":[{"embeddable":true,"href":"https:\/\/mouldking.store\/nb\/wp-json\/wp\/v2\/media\/53054"}],"wp:attachment":[{"href":"https:\/\/mouldking.store\/nb\/wp-json\/wp\/v2\/media?parent=53080"}],"wp:term":[{"taxonomy":"product_cat","embeddable":true,"href":"https:\/\/mouldking.store\/nb\/wp-json\/wp\/v2\/product_cat?post=53080"},{"taxonomy":"product_tag","embeddable":true,"href":"https:\/\/mouldking.store\/nb\/wp-json\/wp\/v2\/product_tag?post=53080"}],"curies":[{"name":"wp","href":"https:\/\/api.w.org\/{rel}","templated":true}]}}