{"id":54719,"date":"2024-02-01T18:52:08","date_gmt":"2024-02-01T11:52:08","guid":{"rendered":"https:\/\/mouldking.store\/shop\/decool-jisi-20511-three-kingdoms-castle-corner-tower-with-328-pieces\/"},"modified":"2024-02-01T18:52:11","modified_gmt":"2024-02-01T11:52:11","slug":"decool-jisi-20511-three-kingdoms-castle-corner-tower-with-328-pieces","status":"publish","type":"product","link":"https:\/\/mouldking.store\/nb\/shop\/decool-jisi-20511-three-kingdoms-castle-corner-tower-with-328-pieces\/","title":{"rendered":"DECOOL \/ JiSi 20511 Tre konged\u00f8mmer slott hj\u00f8rnet\u00e5rn med 328 deler"},"content":{"rendered":"<div>\u2705 DECOOL 20511 Three Kingdoms Castle Corner Tower<br \/>&nbsp;<br \/>\u2705In the context of the Three Kingdoms period in Chinese history, a &#8220;corner tower&#8221; typically refers to a defensive structure found in the architecture of castles, fortifications, and city walls. These corner towers played a crucial role in military defense and strategic planning during this era.&nbsp;<br \/>&nbsp;<br \/>\ud83d\udeab VIKTIG!&nbsp;<br \/>&nbsp;<br \/>Product Name: Three Kingdoms Castle Corner Tower<br \/>&nbsp;<br \/>Kategori: Modulbygg<br \/>&nbsp;<br \/>This Kit Contains: DECOOL 20511<br \/>&nbsp;<br \/>328&nbsp; pcs Good Quality Bricks&nbsp;<br \/>&nbsp;<br \/>Manuelle instruksjoner&nbsp;<br \/>&nbsp;<br \/>\ud83d\udcccProtagonistens natur&nbsp;<br \/>&nbsp;<br \/>Introducing our proud collection named \u201cThree Kingdoms Castle Corner Tower\u201d you should not miss.&nbsp;<br \/>&nbsp;<br \/>The corner tower, also known as a watchtower or bastion, was typically positioned at the corners of castle walls or fortifications. Its design was characterized by sturdy construction, elevated height, and strategic placement to provide a commanding view of the surrounding landscape. This elevated position allowed defenders to observe approaching enemies, monitor the perimeter of the castle, and coordinate defensive efforts.<\/div>","protected":false},"excerpt":{"rendered":"<p>Merke: DECOOL \/ JiSi<br \/>\nKj\u00f8nn: Unisex<br \/>\nAldersgruppe: &gt; 6 \u00e5r gammel<br \/>\nModel Number: 20511<br \/>\nKlassifisering: Montering<br \/>\nPlastblokkform: Selvl\u00e5sende murstein<br \/>\nMateriale: Plast<br \/>\nPlasttype: ABS<br \/>\nMursteinsblokker: 328 +<br \/>\nIngen original eske<\/p>","protected":false},"featured_media":54718,"comment_status":"open","ping_status":"closed","template":"","meta":{"_acf_changed":false},"product_cat":[1395,1502,390],"product_tag":[4883,772,13007,392,13006,2302],"class_list":["product","first","instock","shipping-taxable","purchasable","product-type-simple"],"acf":[],"_links":{"self":[{"href":"https:\/\/mouldking.store\/nb\/wp-json\/wp\/v2\/product\/54719","targetHints":{"allow":["GET"]}}],"collection":[{"href":"https:\/\/mouldking.store\/nb\/wp-json\/wp\/v2\/product"}],"about":[{"href":"https:\/\/mouldking.store\/nb\/wp-json\/wp\/v2\/types\/product"}],"replies":[{"embeddable":true,"href":"https:\/\/mouldking.store\/nb\/wp-json\/wp\/v2\/comments?post=54719"}],"wp:featuredmedia":[{"embeddable":true,"href":"https:\/\/mouldking.store\/nb\/wp-json\/wp\/v2\/media\/54718"}],"wp:attachment":[{"href":"https:\/\/mouldking.store\/nb\/wp-json\/wp\/v2\/media?parent=54719"}],"wp:term":[{"taxonomy":"product_cat","embeddable":true,"href":"https:\/\/mouldking.store\/nb\/wp-json\/wp\/v2\/product_cat?post=54719"},{"taxonomy":"product_tag","embeddable":true,"href":"https:\/\/mouldking.store\/nb\/wp-json\/wp\/v2\/product_tag?post=54719"}],"curies":[{"name":"wp","href":"https:\/\/api.w.org\/{rel}","templated":true}]}}